{"id":87728,"date":"2024-08-27T22:58:08","date_gmt":"2024-08-27T20:58:08","guid":{"rendered":"https:\/\/staging6.peach-pump.com\/products\/kit-sport-gri-cusaturi-albe\/"},"modified":"2025-04-07T10:44:51","modified_gmt":"2025-04-07T08:44:51","slug":"kit-sport-gri-cusaturi-albe","status":"publish","type":"product","link":"https:\/\/staging6.peach-pump.com\/ro\/products\/kit-sport-gri-cusaturi-albe\/","title":{"rendered":"Kit sport gri cu cus\u0103turi albe"},"content":{"rendered":"<p>Set de jambiere scurte \u0219i bustier\u0103 sport gri cu cus\u0103turi albe.<br \/>\nSetul este format din : o bustier\u0103 sport cu bretele albe \u0219i tampoane de ridicare care pot fi \u00eendep\u0103rtate, are logo-ul &#8220;Peach Pump&#8221; termosigilat pe fa\u021b\u0103 \u0219i un legging scurt tip &#8220;Booty shorts&#8221; cu cus\u0103turi albe.<br \/>\nAcest model de legging are o elasticitate mare, modeleaz\u0103 frumos \u0219i este fabricat dintr-o \u021bes\u0103tur\u0103 care nu re\u021bine umezeala.<br \/>\nAre un u\u0219or efect piersic\u0103 \u00een partea din spate.<br \/>\nO propunere fresh care te va face s\u0103 te sim\u021bi frumoas\u0103 \u0219i sexy.     Pentru Bustier\u0103: <\/p>\n<ul>\n<li> C\u0103ptu\u0219eal\u0103 , deta\u0219abil\u0103<\/li>\n<li> Efect Push-Up<\/li>\n<li> Elasticitate mare<\/li>\n<li> Logo Peach Pump sigilat termic \u00een partea din fa\u021b\u0103 a bustierei<\/li>\n<li>  \u021aes\u0103tur\u0103 care evacueaz\u0103 umezeala de pe corp<\/li>\n<\/ul>\n<p> Despre colan\u021bi: <\/p>\n<ul>\n<li>Ridic\u0103, modeleaz\u0103, ascunde zonele cu probleme<\/li>\n<li>F\u0103r\u0103 cus\u0103tur\u0103 \u00een fa\u021b\u0103<\/li>\n<li>Logo Peach Pump sigilat termic pe partea din spate a colan\u021bilor<\/li>\n<li>Logo sigilat termic pe partea lateral\u0103 a coapsei<\/li>\n<li>\u021aes\u0103tur\u0103 care nu re\u021bine umezeala \u00een corp<\/li>\n<\/ul>\n<p>  Compozi\u021bie: 80% poliester 20% spandex Echipa poate fi sp\u0103lat\u0103 la temperaturi de p\u00e2n\u0103 la 30 de grade, este recomandabil s\u0103 \u00eentoarce\u021bi pe dos atunci c\u00e2nd sp\u0103la\u021bi, v\u0103 rug\u0103m s\u0103 nu utiliza\u021bi \u00een\u0103lbitor sau cur\u0103\u021bare uscat\u0103.<br \/>\nModelul din imagine are 180 cm \u00een\u0103l\u021bime, c\u00e2nt\u0103re\u0219te 56 kg \u0219i pozeaz\u0103 \u00een bustier\u0103 m\u0103rimea S \u0219i jambiere m\u0103rimea M.  V\u0103 rug\u0103m s\u0103 utiliza\u021bi tabelele pentru a selecta dimensiunea exact\u0103. <a href=\"https:\/\/staging6.peach-pump.com\/wp-content\/uploads\/2024\/06\/Sport-Bras-Peach-Pump-size-chart-800x800.jpg\"><img loading=\"lazy\" decoding=\"async\" class=\"alignnone wp-image-80917 \" src=\"https:\/\/staging6.peach-pump.com\/wp-content\/uploads\/2024\/06\/Sport-Bras-Peach-Pump-size-chart-800x800.jpg\" alt=\"\" width=\"544\" height=\"544\" srcset=\"https:\/\/staging6.peach-pump.com\/wp-content\/uploads\/2024\/06\/Sport-Bras-Peach-Pump-size-chart-800x800.jpg 800w, https:\/\/staging6.peach-pump.com\/wp-content\/uploads\/2024\/06\/Sport-Bras-Peach-Pump-size-chart-480x480.jpg 480w, https:\/\/staging6.peach-pump.com\/wp-content\/uploads\/2024\/06\/Sport-Bras-Peach-Pump-size-chart-1000x1000.jpg 1000w, https:\/\/staging6.peach-pump.com\/wp-content\/uploads\/2024\/06\/Sport-Bras-Peach-Pump-size-chart-300x300.jpg 300w, https:\/\/staging6.peach-pump.com\/wp-content\/uploads\/2024\/06\/Sport-Bras-Peach-Pump-size-chart-150x150.jpg 150w, https:\/\/staging6.peach-pump.com\/wp-content\/uploads\/2024\/06\/Sport-Bras-Peach-Pump-size-chart-768x768.jpg 768w, https:\/\/staging6.peach-pump.com\/wp-content\/uploads\/2024\/06\/Sport-Bras-Peach-Pump-size-chart-990x990.jpg 990w, https:\/\/staging6.peach-pump.com\/wp-content\/uploads\/2024\/06\/Sport-Bras-Peach-Pump-size-chart-441x441.jpg 441w, https:\/\/staging6.peach-pump.com\/wp-content\/uploads\/2024\/06\/Sport-Bras-Peach-Pump-size-chart-100x100.jpg 100w, https:\/\/staging6.peach-pump.com\/wp-content\/uploads\/2024\/06\/Sport-Bras-Peach-Pump-size-chart-64x64.jpg 64w, https:\/\/staging6.peach-pump.com\/wp-content\/uploads\/2024\/06\/Sport-Bras-Peach-Pump-size-chart.jpg 1080w\" sizes=\"auto, (max-width: 544px) 100vw, 544px\" \/><\/a><a href=\"https:\/\/staging6.peach-pump.com\/wp-content\/uploads\/2024\/06\/Elastic-models-Peach-Pump-size-chart.jpg\"><img loading=\"lazy\" decoding=\"async\" class=\"alignnone wp-image-80867 \" src=\"https:\/\/staging6.peach-pump.com\/wp-content\/uploads\/2024\/06\/Elastic-models-Peach-Pump-size-chart.jpg\" alt=\"\" width=\"696\" height=\"522\" srcset=\"https:\/\/staging6.peach-pump.com\/wp-content\/uploads\/2024\/06\/Elastic-models-Peach-Pump-size-chart.jpg 1024w, https:\/\/staging6.peach-pump.com\/wp-content\/uploads\/2024\/06\/Elastic-models-Peach-Pump-size-chart-480x360.jpg 480w, https:\/\/staging6.peach-pump.com\/wp-content\/uploads\/2024\/06\/Elastic-models-Peach-Pump-size-chart-1000x750.jpg 1000w, https:\/\/staging6.peach-pump.com\/wp-content\/uploads\/2024\/06\/Elastic-models-Peach-Pump-size-chart-400x300.jpg 400w, https:\/\/staging6.peach-pump.com\/wp-content\/uploads\/2024\/06\/Elastic-models-Peach-Pump-size-chart-768x576.jpg 768w, https:\/\/staging6.peach-pump.com\/wp-content\/uploads\/2024\/06\/Elastic-models-Peach-Pump-size-chart-990x743.jpg 990w, https:\/\/staging6.peach-pump.com\/wp-content\/uploads\/2024\/06\/Elastic-models-Peach-Pump-size-chart-441x331.jpg 441w, https:\/\/staging6.peach-pump.com\/wp-content\/uploads\/2024\/06\/Elastic-models-Peach-Pump-size-chart-150x113.jpg 150w, https:\/\/staging6.peach-pump.com\/wp-content\/uploads\/2024\/06\/Elastic-models-Peach-Pump-size-chart-64x48.jpg 64w\" sizes=\"auto, (max-width: 696px) 100vw, 696px\" \/><\/a><\/p>\n","protected":false},"excerpt":{"rendered":"<p>Set de jambiere scurte \u0219i bustier\u0103 sport gri cu cus\u0103turi albe. Setul este format din : o bustier\u0103 sport cu bretele albe \u0219i tampoane de ridicare care pot fi \u00eendep\u0103rtate, are logo-ul &#8220;Peach Pump&#8221; termosigilat pe fa\u021b\u0103 \u0219i un legging scurt tip &#8220;Booty shorts&#8221; cu cus\u0103turi albe. Acest model de legging are o elasticitate mare, [&hellip;]<\/p>\n","protected":false},"featured_media":87119,"comment_status":"open","ping_status":"closed","template":"","meta":[],"product_brand":[],"product_cat":[368,367],"product_tag":[],"class_list":{"0":"post-87728","1":"product","2":"type-product","3":"status-publish","4":"has-post-thumbnail","6":"product_cat-seturi-colanti-scurti-dama","7":"product_cat-seturi-de-trening-pentru-femei","8":"pa_cviat-gri","9":"inventories-world","10":"inventories-uk","12":"first","13":"instock","14":"virtual","15":"taxable","16":"purchasable","17":"product-type-yith_bundle"},"_links":{"self":[{"href":"https:\/\/staging6.peach-pump.com\/en\/wp-json\/wp\/v2\/product\/87728","targetHints":{"allow":["GET"]}}],"collection":[{"href":"https:\/\/staging6.peach-pump.com\/en\/wp-json\/wp\/v2\/product"}],"about":[{"href":"https:\/\/staging6.peach-pump.com\/en\/wp-json\/wp\/v2\/types\/product"}],"replies":[{"embeddable":true,"href":"https:\/\/staging6.peach-pump.com\/en\/wp-json\/wp\/v2\/comments?post=87728"}],"version-history":[{"count":0,"href":"https:\/\/staging6.peach-pump.com\/en\/wp-json\/wp\/v2\/product\/87728\/revisions"}],"wp:featuredmedia":[{"embeddable":true,"href":"https:\/\/staging6.peach-pump.com\/en\/wp-json\/wp\/v2\/media\/87119"}],"wp:attachment":[{"href":"https:\/\/staging6.peach-pump.com\/en\/wp-json\/wp\/v2\/media?parent=87728"}],"wp:term":[{"taxonomy":"product_brand","embeddable":true,"href":"https:\/\/staging6.peach-pump.com\/en\/wp-json\/wp\/v2\/product_brand?post=87728"},{"taxonomy":"product_cat","embeddable":true,"href":"https:\/\/staging6.peach-pump.com\/en\/wp-json\/wp\/v2\/product_cat?post=87728"},{"taxonomy":"product_tag","embeddable":true,"href":"https:\/\/staging6.peach-pump.com\/en\/wp-json\/wp\/v2\/product_tag?post=87728"}],"curies":[{"name":"wp","href":"https:\/\/api.w.org\/{rel}","templated":true}]}}