{"id":90730,"date":"2024-10-11T16:31:48","date_gmt":"2024-10-11T14:31:48","guid":{"rendered":"https:\/\/staging6.peach-pump.com\/products\/sapca-bej-cozoroc\/"},"modified":"2025-10-18T12:58:24","modified_gmt":"2025-10-18T10:58:24","slug":"sapca-bej-cozoroc","status":"publish","type":"product","link":"https:\/\/staging6.peach-pump.com\/ro\/products\/sapca-bej-cozoroc\/","title":{"rendered":"\u0218apc\u0103 bej cu cozoroc Peach Pump"},"content":{"rendered":"<p>Combin\u0103-\u021bi colan\u021bii \u0219i bustierele preferate cu \u0219apca bej cu cozoroc Peach Pump. \u00cen lunile fierbin\u021bi de var\u0103 va fi un accesoriu perfect pentru look-ul t\u0103u , protej\u00e2ndu-\u021bi \u00een acela\u0219i timp fa\u021ba de soarele str\u0103lucitor. \u0218apca are un design tridimensional brodat spectaculos cu un logo roz cu margini gri \u0219i un slogan motiva\u021bional: &#8220;Sexy, Strong, Savage&#8221;. \u0218apca este de m\u0103rime unic\u0103 \u0219i se ajusteaz\u0103 cu o \u00eenchidere metalic\u0103 , iar cozorocul este curbat. Fii elegant\u0103 \u0219i diferit\u0103 cu aceast\u0103 not\u0103 final\u0103 perfect\u0103 pentru \u021binuta ta sportiv\u0103.<\/p>\n","protected":false},"excerpt":{"rendered":"<p>Combin\u0103-\u021bi colan\u021bii \u0219i bustierele preferate cu \u0219apca bej cu cozoroc Peach Pump. \u00cen lunile fierbin\u021bi de var\u0103 va fi un accesoriu perfect pentru look-ul t\u0103u , protej\u00e2ndu-\u021bi \u00een acela\u0219i timp fa\u021ba de soarele str\u0103lucitor. \u0218apca are un design tridimensional brodat spectaculos cu un logo roz cu margini gri \u0219i un slogan motiva\u021bional: &#8220;Sexy, Strong, Savage&#8221;. [&hellip;]<\/p>\n","protected":false},"featured_media":90377,"comment_status":"open","ping_status":"closed","template":"","meta":[],"product_brand":[],"product_cat":[779],"product_tag":[],"class_list":{"0":"post-90730","1":"product","2":"type-product","3":"status-publish","4":"has-post-thumbnail","6":"product_cat-accesorii","7":"pa_cviat-bej","8":"pa_razmer-one-size-ro","9":"inventories-world","10":"inventories-uk","12":"first","13":"instock","14":"taxable","15":"shipping-taxable","16":"purchasable","17":"product-type-variable"},"_links":{"self":[{"href":"https:\/\/staging6.peach-pump.com\/ro\/wp-json\/wp\/v2\/product\/90730","targetHints":{"allow":["GET"]}}],"collection":[{"href":"https:\/\/staging6.peach-pump.com\/ro\/wp-json\/wp\/v2\/product"}],"about":[{"href":"https:\/\/staging6.peach-pump.com\/ro\/wp-json\/wp\/v2\/types\/product"}],"replies":[{"embeddable":true,"href":"https:\/\/staging6.peach-pump.com\/ro\/wp-json\/wp\/v2\/comments?post=90730"}],"version-history":[{"count":0,"href":"https:\/\/staging6.peach-pump.com\/ro\/wp-json\/wp\/v2\/product\/90730\/revisions"}],"wp:featuredmedia":[{"embeddable":true,"href":"https:\/\/staging6.peach-pump.com\/ro\/wp-json\/wp\/v2\/media\/90377"}],"wp:attachment":[{"href":"https:\/\/staging6.peach-pump.com\/ro\/wp-json\/wp\/v2\/media?parent=90730"}],"wp:term":[{"taxonomy":"product_brand","embeddable":true,"href":"https:\/\/staging6.peach-pump.com\/ro\/wp-json\/wp\/v2\/product_brand?post=90730"},{"taxonomy":"product_cat","embeddable":true,"href":"https:\/\/staging6.peach-pump.com\/ro\/wp-json\/wp\/v2\/product_cat?post=90730"},{"taxonomy":"product_tag","embeddable":true,"href":"https:\/\/staging6.peach-pump.com\/ro\/wp-json\/wp\/v2\/product_tag?post=90730"}],"curies":[{"name":"wp","href":"https:\/\/api.w.org\/{rel}","templated":true}]}}