{"id":94280,"date":"2024-11-02T23:00:48","date_gmt":"2024-11-02T21:00:48","guid":{"rendered":"https:\/\/staging6.peach-pump.com\/products\/bustiera-neagra-decolteu-v\/"},"modified":"2025-11-07T16:37:00","modified_gmt":"2025-11-07T14:37:00","slug":"bustiera-neagra-decolteu-v","status":"publish","type":"product","link":"https:\/\/staging6.peach-pump.com\/ro\/products\/bustiera-neagra-decolteu-v\/","title":{"rendered":"Bustier\u0103 neagr\u0103 f\u0103r\u0103 cus\u0103turi cu decolteu ad\u00e2nc \u00een V"},"content":{"rendered":"<p>Bustier\u0103 sport neagr\u0103 cu decolteu ad\u00e2nc \u00een V , c\u0103ptu\u0219eal\u0103 deta\u0219abil\u0103 \u0219i bretele reglabile. Modelul este confec\u021bionat dintr-o \u021bes\u0103tur\u0103 moale, foarte elastic\u0103 \u0219i respirabil\u0103, care \u00eendep\u0103rteaz\u0103 umezeala de corp. Bustiera poate fi purtat\u0103 \u0219i pe sub haine, designul s\u0103u este discret \u0219i ve\u021bi sim\u021bi confort \u0219i libertate de mi\u0219care. Disponibil\u0103 \u00een diferite culori, o pute\u021bi asorta cu colan\u021bi de aceea\u0219i culoare sau de alta. Vezi rubrica &#8220;Seturi sportive&#8221;.<\/p>\n<ul>\n<li> C\u0103ptu\u0219eal\u0103 , deta\u0219abil\u0103<\/li>\n<li> Efect Push-Up<\/li>\n<li> Bretele reglabile<\/li>\n<li> Elasticitate mare<\/li>\n<li> Logo Peach Pump sigilat termic lateral pe bustier\u0103<\/li>\n<li> Tehnologie pentru \u00eendep\u0103rtarea umidit\u0103\u021bii din corp<\/li>\n<\/ul>\n<p>Compozi\u021bie: 80% poliester 20% spandex<\/p>\n<p>Bustiera poate fi sp\u0103lat\u0103 la temperaturi de p\u00e2n\u0103 la 30 de grade, v\u0103 rug\u0103m s\u0103 nu folosi\u021bi \u00een\u0103lbitor sau cur\u0103\u021bare uscat\u0103.<\/p>\n<p>Modelul din imagine are 165 cm \u00een\u0103l\u021bime, c\u00e2nt\u0103re\u0219te 51 kg \u0219i pozeaz\u0103 \u00een m\u0103rimea S.<\/p>\n<p>V\u0103 rug\u0103m s\u0103 utiliza\u021bi tabelele pentru a selecta dimensiunea exact\u0103.<\/p>\n","protected":false},"excerpt":{"rendered":"<p>Bustier\u0103 sport neagr\u0103 cu decolteu ad\u00e2nc \u00een V , c\u0103ptu\u0219eal\u0103 deta\u0219abil\u0103 \u0219i bretele reglabile. Modelul este confec\u021bionat dintr-o \u021bes\u0103tur\u0103 moale, foarte elastic\u0103 \u0219i respirabil\u0103, care \u00eendep\u0103rteaz\u0103 umezeala de corp. Bustiera poate fi purtat\u0103 \u0219i pe sub haine, designul s\u0103u este discret \u0219i ve\u021bi sim\u021bi confort \u0219i libertate de mi\u0219care. Disponibil\u0103 \u00een diferite culori, o pute\u021bi [&hellip;]<\/p>\n","protected":false},"featured_media":92542,"comment_status":"open","ping_status":"closed","template":"","meta":[],"product_brand":[],"product_cat":[366],"product_tag":[],"class_list":{"0":"post-94280","1":"product","2":"type-product","3":"status-publish","4":"has-post-thumbnail","6":"product_cat-sutiene-sport-pentru-femei","7":"pa_cviat-negru","8":"pa_razmer-l-ro-2","9":"pa_razmer-m-ro","10":"pa_razmer-s-ro-2","11":"inventories-world","12":"inventories-uk","14":"first","15":"instock","16":"taxable","17":"shipping-taxable","18":"purchasable","19":"product-type-variable"},"_links":{"self":[{"href":"https:\/\/staging6.peach-pump.com\/ro\/wp-json\/wp\/v2\/product\/94280","targetHints":{"allow":["GET"]}}],"collection":[{"href":"https:\/\/staging6.peach-pump.com\/ro\/wp-json\/wp\/v2\/product"}],"about":[{"href":"https:\/\/staging6.peach-pump.com\/ro\/wp-json\/wp\/v2\/types\/product"}],"replies":[{"embeddable":true,"href":"https:\/\/staging6.peach-pump.com\/ro\/wp-json\/wp\/v2\/comments?post=94280"}],"version-history":[{"count":0,"href":"https:\/\/staging6.peach-pump.com\/ro\/wp-json\/wp\/v2\/product\/94280\/revisions"}],"wp:featuredmedia":[{"embeddable":true,"href":"https:\/\/staging6.peach-pump.com\/ro\/wp-json\/wp\/v2\/media\/92542"}],"wp:attachment":[{"href":"https:\/\/staging6.peach-pump.com\/ro\/wp-json\/wp\/v2\/media?parent=94280"}],"wp:term":[{"taxonomy":"product_brand","embeddable":true,"href":"https:\/\/staging6.peach-pump.com\/ro\/wp-json\/wp\/v2\/product_brand?post=94280"},{"taxonomy":"product_cat","embeddable":true,"href":"https:\/\/staging6.peach-pump.com\/ro\/wp-json\/wp\/v2\/product_cat?post=94280"},{"taxonomy":"product_tag","embeddable":true,"href":"https:\/\/staging6.peach-pump.com\/ro\/wp-json\/wp\/v2\/product_tag?post=94280"}],"curies":[{"name":"wp","href":"https:\/\/api.w.org\/{rel}","templated":true}]}}