{"id":94289,"date":"2024-11-02T22:49:09","date_gmt":"2024-11-02T20:49:09","guid":{"rendered":"https:\/\/staging6.peach-pump.com\/products\/colanti-maro-fara-cusaturi-talie-joasa\/"},"modified":"2025-11-08T22:27:35","modified_gmt":"2025-11-08T20:27:35","slug":"colanti-maro-fara-cusaturi-talie-joasa","status":"publish","type":"product","link":"https:\/\/staging6.peach-pump.com\/ro\/products\/colanti-maro-fara-cusaturi-talie-joasa\/","title":{"rendered":"Colan\u021bi maro f\u0103r\u0103 cus\u0103turi cu talie joas\u0103"},"content":{"rendered":"<p>Colan\u021bi maro f\u0103r\u0103 cus\u0103turi confec\u021biona\u021bi din \u021bes\u0103tur\u0103 dens\u0103 , f\u0103r\u0103 cus\u0103turi, elastic\u0103 \u0219i moale la atingere. Acest model modeleaz\u0103 perfect corpul are o talie inferioar\u0103. Materialul colan\u021bilor ascunde zonele cu probleme, evacueaz\u0103 umezeala de pe corp \u0219i modeleaz\u0103 fundul Peach pentru o siluet\u0103 frumoas\u0103 \u0219i gra\u021bioas\u0103.   Cu acest model v\u0103 ve\u021bi sim\u021bi confortabil \u0219i \u00eencrez\u0103toare. Po\u021bi asorta colan\u021bii cu o bustier\u0103 \u00een acela\u0219i model sau po\u021bi face ca \u021binuta ta sportiv\u0103 s\u0103 fie distinct\u0103 \u0219i diferit\u0103 cu colec\u021bia noastr\u0103 larg\u0103 de jachete, sutiene sport \u0219i accesorii.<\/p>\n<ul>\n<li>Talie joas\u0103<\/li>\n<li>\u021aes\u0103tur\u0103 f\u0103r\u0103 cus\u0103turi<\/li>\n<li>Ridic\u0103, modeleaz\u0103, ascunde zonele cu probleme<\/li>\n<li>Centur\u0103 rips care str\u00e2nge talia<\/li>\n<li>Efect Peachy<\/li>\n<li>F\u0103r\u0103 cus\u0103tur\u0103 \u00een fa\u021b\u0103<\/li>\n<li>Logo Peach Pump sigilat termic pe partea din spate a colan\u021bilor<\/li>\n<li>Logo-ul Peach Pump pe coaps\u0103<\/li>\n<li>\u021aes\u0103tur\u0103 pentru a \u00eendep\u0103rta umezeala de pe corp<\/li>\n<\/ul>\n<p>Compozi\u021bie: 80% poliester 20% spandex<\/p>\n<p>Colan\u021bii pot fi sp\u0103la\u021bi la o temperatur\u0103 de p\u00e2n\u0103 la 30 de grade, v\u0103 rug\u0103m s\u0103 nu folosi\u021bi \u00een\u0103lbitor sau cur\u0103\u021bare uscat\u0103.<\/p>\n<p>Modelul din imagine are 162 cm \u00een\u0103l\u021bime, c\u00e2nt\u0103re\u0219te 51 kg \u0219i pozeaz\u0103 \u00een m\u0103rimea S.<\/p>\n<p>V\u0103 rug\u0103m s\u0103 utiliza\u021bi tabelele pentru a selecta dimensiunea exact\u0103.<\/p>\n","protected":false},"excerpt":{"rendered":"<p>Colan\u021bi maro f\u0103r\u0103 cus\u0103turi confec\u021biona\u021bi din \u021bes\u0103tur\u0103 dens\u0103 , f\u0103r\u0103 cus\u0103turi, elastic\u0103 \u0219i moale la atingere. Acest model modeleaz\u0103 perfect corpul are o talie inferioar\u0103. Materialul colan\u021bilor ascunde zonele cu probleme, evacueaz\u0103 umezeala de pe corp \u0219i modeleaz\u0103 fundul Peach pentru o siluet\u0103 frumoas\u0103 \u0219i gra\u021bioas\u0103. Cu acest model v\u0103 ve\u021bi sim\u021bi confortabil \u0219i \u00eencrez\u0103toare. [&hellip;]<\/p>\n","protected":false},"featured_media":92478,"comment_status":"open","ping_status":"closed","template":"","meta":[],"product_brand":[],"product_cat":[146,310],"product_tag":[],"class_list":{"0":"post-94289","1":"product","2":"type-product","3":"status-publish","4":"has-post-thumbnail","6":"product_cat-colanti-de-dama-sport","7":"product_cat-colanti-pentru-femei-lungi","8":"pa_cviat-maro","9":"pa_razmer-l-ro-2","10":"pa_razmer-m-ro","11":"pa_razmer-s-ro-2","12":"pa_razmer-xl-ro","13":"inventories-world","14":"inventories-uk","16":"first","17":"instock","18":"taxable","19":"shipping-taxable","20":"purchasable","21":"product-type-variable"},"_links":{"self":[{"href":"https:\/\/staging6.peach-pump.com\/ro\/wp-json\/wp\/v2\/product\/94289","targetHints":{"allow":["GET"]}}],"collection":[{"href":"https:\/\/staging6.peach-pump.com\/ro\/wp-json\/wp\/v2\/product"}],"about":[{"href":"https:\/\/staging6.peach-pump.com\/ro\/wp-json\/wp\/v2\/types\/product"}],"replies":[{"embeddable":true,"href":"https:\/\/staging6.peach-pump.com\/ro\/wp-json\/wp\/v2\/comments?post=94289"}],"version-history":[{"count":0,"href":"https:\/\/staging6.peach-pump.com\/ro\/wp-json\/wp\/v2\/product\/94289\/revisions"}],"wp:featuredmedia":[{"embeddable":true,"href":"https:\/\/staging6.peach-pump.com\/ro\/wp-json\/wp\/v2\/media\/92478"}],"wp:attachment":[{"href":"https:\/\/staging6.peach-pump.com\/ro\/wp-json\/wp\/v2\/media?parent=94289"}],"wp:term":[{"taxonomy":"product_brand","embeddable":true,"href":"https:\/\/staging6.peach-pump.com\/ro\/wp-json\/wp\/v2\/product_brand?post=94289"},{"taxonomy":"product_cat","embeddable":true,"href":"https:\/\/staging6.peach-pump.com\/ro\/wp-json\/wp\/v2\/product_cat?post=94289"},{"taxonomy":"product_tag","embeddable":true,"href":"https:\/\/staging6.peach-pump.com\/ro\/wp-json\/wp\/v2\/product_tag?post=94289"}],"curies":[{"name":"wp","href":"https:\/\/api.w.org\/{rel}","templated":true}]}}