{"id":94343,"date":"2024-11-02T23:29:25","date_gmt":"2024-11-02T21:29:25","guid":{"rendered":"https:\/\/staging6.peach-pump.com\/products\/set-ciclam-colanti-bustiera\/"},"modified":"2025-09-24T13:18:08","modified_gmt":"2025-09-24T11:18:08","slug":"set-ciclam-colanti-bustiera","status":"publish","type":"product","link":"https:\/\/staging6.peach-pump.com\/ro\/products\/set-ciclam-colanti-bustiera\/","title":{"rendered":"Set roz-ciclam din colan\u021bi \u0219i bustier\u0103"},"content":{"rendered":"<p>Set sportiv roz-ciclam, colan\u021bi \u0219i bustier\u0103 cu decolteu ad\u00e2nc \u00een V. Setul este creat din \u021bes\u0103tur\u0103 f\u0103r\u0103 cus\u0103turi, elastic\u0103 \u0219i moale la atingere. Acest model modeleaz\u0103 perfect corpul, are o talie joas\u0103 cu o centur\u0103 rips. Materialul colan\u021bilor ascunde zonele cu probleme, evacueaz\u0103 umezeala de pe corp \u0219i modeleaz\u0103 fundul Peach pentru o siluet\u0103 frumoas\u0103 \u0219i gra\u021bioas\u0103. Bustiera are un decolteu sexy \u00een V, bretele reglabile, c\u0103ptu\u0219eal\u0103 cu efect Push Up care poate fi \u00eendep\u0103rtat\u0103 \u00een voie, poate fi purtat\u0103 \u0219i sub haine, designul s\u0103u este discret \u0219i ve\u021bi sim\u021bi confort \u0219i libertate de mi\u0219care.     Setul sportiv poate fi asortat cu \u0219apca \u0219i jacheta de accesorii ale brandului, pentru o not\u0103 final\u0103 perfect\u0103 pentru look-ul t\u0103u Peach Pump.<\/p>\n<p>Pentru Bustier\u0103:<\/p>\n<ul>\n<li>decolteu ad\u00e2nc \u00een V<\/li>\n<li>C\u0103ptu\u0219eal\u0103 , deta\u0219abil\u0103<\/li>\n<li> Efect Push-Up<\/li>\n<li> Bretele reglabile<\/li>\n<li> Elasticitate mare<\/li>\n<li> Logo Peach Pump sigilat termic lateral pe bustier\u0103<\/li>\n<li> Tehnologie pentru \u00eendep\u0103rtarea umidit\u0103\u021bii din corp<\/li>\n<\/ul>\n<p>Pentru Colan\u021bi:<\/p>\n<ul>\n<li>Talie medie<\/li>\n<li>\u021aes\u0103tur\u0103 f\u0103r\u0103 cus\u0103turi<\/li>\n<li>Ridic\u0103, modeleaz\u0103, ascunde zonele cu probleme<\/li>\n<li>Centur\u0103 rips care str\u00e2nge talia<\/li>\n<li>Efect Peachy<\/li>\n<li>F\u0103r\u0103 cus\u0103tur\u0103 \u00een fa\u021b\u0103<\/li>\n<li>Logo Peach Pump sigilat termic pe partea din spate a colan\u021bilor<\/li>\n<li>\u021aes\u0103tur\u0103 pentru a \u00eendep\u0103rta umezeala de pe corp<\/li>\n<\/ul>\n<p>Compozi\u021bie: 80% poliester 20% spandex<\/p>\n<p>Setul poate fi sp\u0103lat p\u00e2n\u0103 la 30 de grade, v\u0103 rug\u0103m s\u0103 nu folosi\u021bi \u00een\u0103lbitor sau cur\u0103\u021bare uscat\u0103.<\/p>\n<p>Modelul din fotografie are 163 cm \u00een\u0103l\u021bime, c\u00e2nt\u0103re\u0219te 51 kg \u0219i pozeaz\u0103 \u00een colan\u021bi m\u0103rimea S \u0219i bustier\u0103 m\u0103rimea S.<\/p>\n<p>V\u0103 rug\u0103m s\u0103 utiliza\u021bi tabelele pentru a selecta dimensiunea exact\u0103.<\/p>\n","protected":false},"excerpt":{"rendered":"<p>Set sportiv roz-ciclam, colan\u021bi \u0219i bustier\u0103 cu decolteu ad\u00e2nc \u00een V. Setul este creat din \u021bes\u0103tur\u0103 f\u0103r\u0103 cus\u0103turi, elastic\u0103 \u0219i moale la atingere. Acest model modeleaz\u0103 perfect corpul, are o talie joas\u0103 cu o centur\u0103 rips. Materialul colan\u021bilor ascunde zonele cu probleme, evacueaz\u0103 umezeala de pe corp \u0219i modeleaz\u0103 fundul Peach pentru o siluet\u0103 frumoas\u0103 [&hellip;]<\/p>\n","protected":false},"featured_media":92769,"comment_status":"open","ping_status":"closed","template":"","meta":[],"product_brand":[],"product_cat":[367,369],"product_tag":[],"class_list":{"0":"post-94343","1":"product","2":"type-product","3":"status-publish","4":"has-post-thumbnail","6":"product_cat-seturi-de-trening-pentru-femei","7":"product_cat-seturi-sport-cu-colanti","8":"pa_cviat-roz-ro","9":"inventories-world","10":"inventories-uk","12":"first","13":"instock","14":"virtual","15":"taxable","16":"purchasable","17":"product-type-yith_bundle"},"_links":{"self":[{"href":"https:\/\/staging6.peach-pump.com\/ro\/wp-json\/wp\/v2\/product\/94343","targetHints":{"allow":["GET"]}}],"collection":[{"href":"https:\/\/staging6.peach-pump.com\/ro\/wp-json\/wp\/v2\/product"}],"about":[{"href":"https:\/\/staging6.peach-pump.com\/ro\/wp-json\/wp\/v2\/types\/product"}],"replies":[{"embeddable":true,"href":"https:\/\/staging6.peach-pump.com\/ro\/wp-json\/wp\/v2\/comments?post=94343"}],"version-history":[{"count":0,"href":"https:\/\/staging6.peach-pump.com\/ro\/wp-json\/wp\/v2\/product\/94343\/revisions"}],"wp:featuredmedia":[{"embeddable":true,"href":"https:\/\/staging6.peach-pump.com\/ro\/wp-json\/wp\/v2\/media\/92769"}],"wp:attachment":[{"href":"https:\/\/staging6.peach-pump.com\/ro\/wp-json\/wp\/v2\/media?parent=94343"}],"wp:term":[{"taxonomy":"product_brand","embeddable":true,"href":"https:\/\/staging6.peach-pump.com\/ro\/wp-json\/wp\/v2\/product_brand?post=94343"},{"taxonomy":"product_cat","embeddable":true,"href":"https:\/\/staging6.peach-pump.com\/ro\/wp-json\/wp\/v2\/product_cat?post=94343"},{"taxonomy":"product_tag","embeddable":true,"href":"https:\/\/staging6.peach-pump.com\/ro\/wp-json\/wp\/v2\/product_tag?post=94343"}],"curies":[{"name":"wp","href":"https:\/\/api.w.org\/{rel}","templated":true}]}}