{"id":96195,"date":"2024-11-17T20:11:09","date_gmt":"2024-11-17T18:11:09","guid":{"rendered":"https:\/\/staging6.peach-pump.com\/products\/top-sport-negru-guler-inalt\/"},"modified":"2025-11-04T17:08:35","modified_gmt":"2025-11-04T15:08:35","slug":"top-sport-negru-guler-inalt","status":"publish","type":"product","link":"https:\/\/staging6.peach-pump.com\/ro\/products\/top-sport-negru-guler-inalt\/","title":{"rendered":"Top sport negru cu guler \u00eenalt"},"content":{"rendered":"<p>Top mulat sport negru cu guler \u00eenalt, tip polo cu m\u00e2neci scurte. Bluza este fabricat\u0103 din \u021bes\u0103tur\u0103 foarte u\u0219oar\u0103 \u0219i elastic\u0103 care nu re\u021bine umezeala \u00een corp. Are o croial\u0103 spectaculoas\u0103 care face vizual talia mai mic\u0103 \u0219i un logo &#8220;Peach Pump&#8221; sigilat termic \u00een partea inferioar\u0103 din fa\u021b\u0103 a bluzei. Modelul este potrivit pentru fitness, alergare, exerci\u021bii aerobice sau o plimbare \u00een parc. \u021aes\u0103tura u\u0219oar\u0103 a bluzei m\u00e2ng\u00e2ie corpul \u0219i creeaz\u0103 un sentiment de libertate total\u0103 de mi\u0219care. Se asorteaz\u0103 perfect cu toate modele noastre de colan\u021bi \u0219i, de ce nu, \u0219i cu blugi.     <\/p>\n<ul>\n<li>\u021aes\u0103tur\u0103 u\u0219oar\u0103<\/li>\n<li>Elasticitate mare<\/li>\n<li>Croial\u0103 pe corp<\/li>\n<li>Logo-ul &#8220;Peach Pump&#8221; sigilat termic \u00een partea din fa\u021b\u0103, \u00een partea de jos a tricoului<\/li>\n<li>\u021aes\u0103tur\u0103 care nu re\u021bine umezeala \u00een corp<\/li>\n<\/ul>\n<p>Compozi\u021bie: spandex \u0219i poliester. Bluza poate fi sp\u0103lat\u0103 la temperaturi de p\u00e2n\u0103 la 30 de grade, v\u0103 rug\u0103m s\u0103 nu folosi\u021bi \u00een\u0103lbitor, usc\u0103tor de rufe sau cur\u0103\u021bare chimic\u0103. Modelul din imagine are 170 cm \u00een\u0103l\u021bime, c\u00e2nt\u0103re\u0219te 54 kg \u0219i pozeaz\u0103 \u00een m\u0103rimea S.<\/p>\n<p>V\u0103 rug\u0103m s\u0103 utiliza\u021bi tabelele pentru a selecta dimensiunea exact\u0103.<\/p>\n<p>&nbsp;<\/p>\n","protected":false},"excerpt":{"rendered":"<p>Top mulat sport negru cu guler \u00eenalt, tip polo cu m\u00e2neci scurte. Bluza este fabricat\u0103 din \u021bes\u0103tur\u0103 foarte u\u0219oar\u0103 \u0219i elastic\u0103 care nu re\u021bine umezeala \u00een corp. Are o croial\u0103 spectaculoas\u0103 care face vizual talia mai mic\u0103 \u0219i un logo &#8220;Peach Pump&#8221; sigilat termic \u00een partea inferioar\u0103 din fa\u021b\u0103 a bluzei. Modelul este potrivit pentru [&hellip;]<\/p>\n","protected":false},"featured_media":95518,"comment_status":"open","ping_status":"closed","template":"","meta":[],"product_brand":[],"product_cat":[365],"product_tag":[],"class_list":{"0":"post-96195","1":"product","2":"type-product","3":"status-publish","4":"has-post-thumbnail","6":"product_cat-tricouri-sport-femei","7":"pa_cviat-negru","8":"pa_razmer-l-ro-2","9":"pa_razmer-m-ro","10":"pa_razmer-s-ro-2","11":"inventories-world","12":"inventories-uk","14":"first","15":"instock","16":"taxable","17":"shipping-taxable","18":"purchasable","19":"product-type-variable"},"_links":{"self":[{"href":"https:\/\/staging6.peach-pump.com\/ro\/wp-json\/wp\/v2\/product\/96195","targetHints":{"allow":["GET"]}}],"collection":[{"href":"https:\/\/staging6.peach-pump.com\/ro\/wp-json\/wp\/v2\/product"}],"about":[{"href":"https:\/\/staging6.peach-pump.com\/ro\/wp-json\/wp\/v2\/types\/product"}],"replies":[{"embeddable":true,"href":"https:\/\/staging6.peach-pump.com\/ro\/wp-json\/wp\/v2\/comments?post=96195"}],"version-history":[{"count":0,"href":"https:\/\/staging6.peach-pump.com\/ro\/wp-json\/wp\/v2\/product\/96195\/revisions"}],"wp:featuredmedia":[{"embeddable":true,"href":"https:\/\/staging6.peach-pump.com\/ro\/wp-json\/wp\/v2\/media\/95518"}],"wp:attachment":[{"href":"https:\/\/staging6.peach-pump.com\/ro\/wp-json\/wp\/v2\/media?parent=96195"}],"wp:term":[{"taxonomy":"product_brand","embeddable":true,"href":"https:\/\/staging6.peach-pump.com\/ro\/wp-json\/wp\/v2\/product_brand?post=96195"},{"taxonomy":"product_cat","embeddable":true,"href":"https:\/\/staging6.peach-pump.com\/ro\/wp-json\/wp\/v2\/product_cat?post=96195"},{"taxonomy":"product_tag","embeddable":true,"href":"https:\/\/staging6.peach-pump.com\/ro\/wp-json\/wp\/v2\/product_tag?post=96195"}],"curies":[{"name":"wp","href":"https:\/\/api.w.org\/{rel}","templated":true}]}}