{"id":96205,"date":"2024-11-17T21:01:08","date_gmt":"2024-11-17T19:01:08","guid":{"rendered":"https:\/\/staging6.peach-pump.com\/products\/colanti-sport-albastru-inchis-simpli\/"},"modified":"2025-11-10T19:13:31","modified_gmt":"2025-11-10T17:13:31","slug":"colanti-sport-albastru-inchis-simpli","status":"publish","type":"product","link":"https:\/\/staging6.peach-pump.com\/ro\/products\/colanti-sport-albastru-inchis-simpli\/","title":{"rendered":"Colan\u021bi sport albastru \u00eenchis cu design curat"},"content":{"rendered":"<p>Colan\u021bi sport albastru \u00eenchis cu un design curat , f\u0103r\u0103 efect de Peach. Modelul nu are cus\u0103tur\u0103 \u00een fa\u021b\u0103, ceea ce este preferat de majoritatea doamnelor \u0219i are o cus\u0103tur\u0103 \u00eent\u0103rit\u0103 \u00een partea din spate a colan\u021bilor. \u021aes\u0103tur\u0103 elastic\u0103 care modeleaz\u0103 corpul \u0219i o talie larg\u0103 care accentueaz\u0103 talia. Au un logo 3D &#8220;Peach Pump&#8221; \u00een spate \u0219i inscrip\u021bie pe glezn\u0103. Cus\u0103turile colan\u021bilor sunt plate \u0219i nu provoac\u0103 irita\u021bii. Potrivi\u021bi pentru antrenament de for\u021b\u0103 sau aerobic, nu re\u021bin umezeala \u00een corp. Pot fi combina\u021bi cu un top scurt \u00eentr-un set , din aceea\u0219i \u021bes\u0103tur\u0103.      <\/p>\n<ul>\n<li>\u021aes\u0103tur\u0103 elastic\u0103, tricotat\u0103<\/li>\n<li>Cus\u0103turi plate<\/li>\n<li>F\u0103r\u0103 cus\u0103tur\u0103 \u00een fa\u021b\u0103<\/li>\n<li>Cus\u0103tur\u0103 \u00eent\u0103rit\u0103 la partea din spate a colan\u021bilor<\/li>\n<li>Talie lat\u0103 care accentueaz\u0103 talia<\/li>\n<li>Logo 3D &#8220;Peach Pump&#8221; pe partea din spate a colan\u021bilor \u0219i inscrip\u021bie pe glezn\u0103<\/li>\n<li>\u021aes\u0103tur\u0103 care nu re\u021bine umezeala \u00een corp<\/li>\n<\/ul>\n<p>Compozi\u021bie: spandex \u0219i poliester<\/p>\n<p>Colan\u021bii pot fi sp\u0103la\u021bi la o temperatur\u0103 de p\u00e2n\u0103 la 30 de grade, v\u0103 rug\u0103m s\u0103 nu \u00een\u0103lbi\u021bi, s\u0103 nu folosi\u021bi usc\u0103tor sau cur\u0103\u021bare chimic\u0103<\/p>\n<p>Modelul din imagine are 170 cm \u00een\u0103l\u021bime, c\u00e2nt\u0103re\u0219te 54 kg \u0219i pozeaz\u0103 \u00een m\u0103rimea S.<\/p>\n<p>V\u0103 rug\u0103m s\u0103 utiliza\u021bi tabelele pentru a selecta dimensiunea exact\u0103.<\/p>\n","protected":false},"excerpt":{"rendered":"<p>Colan\u021bi sport albastru \u00eenchis cu un design curat , f\u0103r\u0103 efect de Peach. Modelul nu are cus\u0103tur\u0103 \u00een fa\u021b\u0103, ceea ce este preferat de majoritatea doamnelor \u0219i are o cus\u0103tur\u0103 \u00eent\u0103rit\u0103 \u00een partea din spate a colan\u021bilor. \u021aes\u0103tur\u0103 elastic\u0103 care modeleaz\u0103 corpul \u0219i o talie larg\u0103 care accentueaz\u0103 talia. Au un logo 3D &#8220;Peach Pump&#8221; [&hellip;]<\/p>\n","protected":false},"featured_media":95064,"comment_status":"open","ping_status":"closed","template":"","meta":[],"product_brand":[],"product_cat":[146,310],"product_tag":[],"class_list":{"0":"post-96205","1":"product","2":"type-product","3":"status-publish","4":"has-post-thumbnail","6":"product_cat-colanti-de-dama-sport","7":"product_cat-colanti-pentru-femei-lungi","8":"pa_cviat-albastru-inchis","9":"pa_razmer-l-ro-2","10":"pa_razmer-m-ro","11":"pa_razmer-s-ro-2","12":"pa_razmer-xl-ro","13":"inventories-world","14":"inventories-uk","16":"first","17":"instock","18":"taxable","19":"shipping-taxable","20":"purchasable","21":"product-type-variable"},"_links":{"self":[{"href":"https:\/\/staging6.peach-pump.com\/en\/wp-json\/wp\/v2\/product\/96205","targetHints":{"allow":["GET"]}}],"collection":[{"href":"https:\/\/staging6.peach-pump.com\/en\/wp-json\/wp\/v2\/product"}],"about":[{"href":"https:\/\/staging6.peach-pump.com\/en\/wp-json\/wp\/v2\/types\/product"}],"replies":[{"embeddable":true,"href":"https:\/\/staging6.peach-pump.com\/en\/wp-json\/wp\/v2\/comments?post=96205"}],"version-history":[{"count":0,"href":"https:\/\/staging6.peach-pump.com\/en\/wp-json\/wp\/v2\/product\/96205\/revisions"}],"wp:featuredmedia":[{"embeddable":true,"href":"https:\/\/staging6.peach-pump.com\/en\/wp-json\/wp\/v2\/media\/95064"}],"wp:attachment":[{"href":"https:\/\/staging6.peach-pump.com\/en\/wp-json\/wp\/v2\/media?parent=96205"}],"wp:term":[{"taxonomy":"product_brand","embeddable":true,"href":"https:\/\/staging6.peach-pump.com\/en\/wp-json\/wp\/v2\/product_brand?post=96205"},{"taxonomy":"product_cat","embeddable":true,"href":"https:\/\/staging6.peach-pump.com\/en\/wp-json\/wp\/v2\/product_cat?post=96205"},{"taxonomy":"product_tag","embeddable":true,"href":"https:\/\/staging6.peach-pump.com\/en\/wp-json\/wp\/v2\/product_tag?post=96205"}],"curies":[{"name":"wp","href":"https:\/\/api.w.org\/{rel}","templated":true}]}}