{"id":96614,"date":"2024-11-17T20:43:14","date_gmt":"2024-11-17T18:43:14","guid":{"rendered":"https:\/\/staging6.peach-pump.com\/products\/bluza-sport-mulata-maro\/"},"modified":"2025-11-04T13:18:37","modified_gmt":"2025-11-04T11:18:37","slug":"bluza-sport-mulata-maro","status":"publish","type":"product","link":"https:\/\/staging6.peach-pump.com\/ro\/products\/bluza-sport-mulata-maro\/","title":{"rendered":"Top clasic maro sport mulat"},"content":{"rendered":"<p>Bluz\u0103 sport maro cu m\u00e2nec\u0103 lung\u0103 \u00eentr-o \u021bes\u0103tur\u0103 extrem de moale. Se potrive\u0219te perfect, iar croiala sa o face o pies\u0103 indispensabil\u0103 at\u00e2t \u00een \u021binutele tale sport, c\u00e2t \u0219i \u00een cele casual. Potrivit\u0103 pentru fitness, alergare, exerci\u021bii aerobice sau o plimbare \u00een parc, nu re\u021bine umezeala \u00een corp. Bluza are un logo &#8220;Peach Pump&#8221; termic sigilat pe um\u0103r, care este minimalist \u0219i st\u0103 delicat. Ve\u021bi iubi moliciunea acestui model \u0219i modul \u00een care se a\u0219eaz\u0103 pe corpul dvs. Se potrive\u0219te perfect cu to\u021bi coan\u021bii no\u0219tri.     <\/p>\n<ul>\n<li>\u021aes\u0103tur\u0103 moale, delicat\u0103<\/li>\n<li>Elasticitate mare<\/li>\n<li>Se muleaz\u0103 perfect pe corp<\/li>\n<li>Logo &#8220;Peach Pump&#8221; sigilat termic pe um\u0103r<\/li>\n<li>\u021aes\u0103tur\u0103 care nu re\u021bine umezeala \u00een corp<\/li>\n<\/ul>\n<p>Compozi\u021bie: spandex \u0219i poliester. Bluza poate fi sp\u0103lat\u0103 la temperaturi de p\u00e2n\u0103 la 30 de grade, v\u0103 rug\u0103m s\u0103 nu folosi\u021bi \u00een\u0103lbitor, usc\u0103tor sau cur\u0103\u021bare chimic\u0103. Modelul din imagine are 170 cm \u00een\u0103l\u021bime, c\u00e2nt\u0103re\u0219te 54 kg \u0219i pozeaz\u0103 \u00een m\u0103rimea S.<\/p>\n<p>V\u0103 rug\u0103m s\u0103 utiliza\u021bi tabelele pentru a selecta dimensiunea exact\u0103.<\/p>\n","protected":false},"excerpt":{"rendered":"<p>Bluz\u0103 sport maro cu m\u00e2nec\u0103 lung\u0103 \u00eentr-o \u021bes\u0103tur\u0103 extrem de moale. Se potrive\u0219te perfect, iar croiala sa o face o pies\u0103 indispensabil\u0103 at\u00e2t \u00een \u021binutele tale sport, c\u00e2t \u0219i \u00een cele casual. Potrivit\u0103 pentru fitness, alergare, exerci\u021bii aerobice sau o plimbare \u00een parc, nu re\u021bine umezeala \u00een corp. Bluza are un logo &#8220;Peach Pump&#8221; termic [&hellip;]<\/p>\n","protected":false},"featured_media":95184,"comment_status":"open","ping_status":"closed","template":"","meta":[],"product_brand":[],"product_cat":[365],"product_tag":[],"class_list":{"0":"post-96614","1":"product","2":"type-product","3":"status-publish","4":"has-post-thumbnail","6":"product_cat-tricouri-sport-femei","7":"pa_cviat-maro","8":"pa_razmer-l-ro-2","9":"pa_razmer-m-ro","10":"pa_razmer-s-ro-2","11":"inventories-world","12":"inventories-uk","14":"first","15":"instock","16":"taxable","17":"shipping-taxable","18":"purchasable","19":"product-type-variable"},"_links":{"self":[{"href":"https:\/\/staging6.peach-pump.com\/en\/wp-json\/wp\/v2\/product\/96614","targetHints":{"allow":["GET"]}}],"collection":[{"href":"https:\/\/staging6.peach-pump.com\/en\/wp-json\/wp\/v2\/product"}],"about":[{"href":"https:\/\/staging6.peach-pump.com\/en\/wp-json\/wp\/v2\/types\/product"}],"replies":[{"embeddable":true,"href":"https:\/\/staging6.peach-pump.com\/en\/wp-json\/wp\/v2\/comments?post=96614"}],"version-history":[{"count":0,"href":"https:\/\/staging6.peach-pump.com\/en\/wp-json\/wp\/v2\/product\/96614\/revisions"}],"wp:featuredmedia":[{"embeddable":true,"href":"https:\/\/staging6.peach-pump.com\/en\/wp-json\/wp\/v2\/media\/95184"}],"wp:attachment":[{"href":"https:\/\/staging6.peach-pump.com\/en\/wp-json\/wp\/v2\/media?parent=96614"}],"wp:term":[{"taxonomy":"product_brand","embeddable":true,"href":"https:\/\/staging6.peach-pump.com\/en\/wp-json\/wp\/v2\/product_brand?post=96614"},{"taxonomy":"product_cat","embeddable":true,"href":"https:\/\/staging6.peach-pump.com\/en\/wp-json\/wp\/v2\/product_cat?post=96614"},{"taxonomy":"product_tag","embeddable":true,"href":"https:\/\/staging6.peach-pump.com\/en\/wp-json\/wp\/v2\/product_tag?post=96614"}],"curies":[{"name":"wp","href":"https:\/\/api.w.org\/{rel}","templated":true}]}}