{"id":96660,"date":"2024-11-17T20:46:46","date_gmt":"2024-11-17T18:46:46","guid":{"rendered":"https:\/\/staging6.peach-pump.com\/products\/hanorac-fermoar-gluga-negru\/"},"modified":"2025-09-02T23:57:44","modified_gmt":"2025-09-02T21:57:44","slug":"hanorac-fermoar-gluga-negru","status":"publish","type":"product","link":"https:\/\/staging6.peach-pump.com\/ro\/products\/hanorac-fermoar-gluga-negru\/","title":{"rendered":"Hanorac negru de dam\u0103 cu fermoar \u0219i glug\u0103"},"content":{"rendered":"<p>Hanorac negru de dam\u0103 cu fermoar \u0219i glug\u0103, \u0219i c\u0103ptu\u0219eal\u0103 c\u0103lduroas\u0103. Acest model sport de geac\u0103 , tip hanorac are dou\u0103 buzunare laterale tip cangur, gaur\u0103 pentru degetul mare \u0219i guler \u00eenalt. Hanoracul are o glug\u0103 mare cu logo-ul &#8220;Peach Pump&#8221;, o croial\u0103 mai lung\u0103 care men\u021bine talia cald\u0103. Potrivit pentru \u00eenc\u0103lzirea \u00eenainte de un antrenament sau o plimbare \u00een parc. Are un element rips pe talie care o face vizual mai mic\u0103, modelul se a\u0219eaz\u0103 frumos pe corp.    <\/p>\n<ul>\n<li>C\u0103ptu\u0219eal\u0103 moale<\/li>\n<li>Glug\u0103 mare<\/li>\n<li>Guler \u00eenalt<\/li>\n<li>Gaura pentru degetul mare<\/li>\n<li>Logo &#8220;Peach Pump&#8221; pe glug\u0103 \u0219i pe um\u0103r<\/li>\n<li>Croial\u0103 pe corp cu element rips pe talie<\/li>\n<li>Mai lung, protejeaz\u0103 talia<\/li>\n<\/ul>\n<p>Compozi\u021bie: spandex \u0219i poliester<\/p>\n<p>Jacheta poate fi sp\u0103lat\u0103 p\u00e2n\u0103 la 30 de grade, v\u0103 rug\u0103m s\u0103 nu folosi\u021bi \u00een\u0103lbitor, usc\u0103tor cu tambur sau cur\u0103\u021bare uscat\u0103.<\/p>\n<p>Modelul din imagine are 170 cm \u00een\u0103l\u021bime, c\u00e2nt\u0103re\u0219te 54 kg \u0219i pozeaz\u0103 \u00een m\u0103rimea S.<\/p>\n<p>V\u0103 rug\u0103m s\u0103 utiliza\u021bi tabelele pentru a selecta dimensiunea exact\u0103.<\/p>\n","protected":false},"excerpt":{"rendered":"<p>Hanorac negru de dam\u0103 cu fermoar \u0219i glug\u0103, \u0219i c\u0103ptu\u0219eal\u0103 c\u0103lduroas\u0103. Acest model sport de geac\u0103 , tip hanorac are dou\u0103 buzunare laterale tip cangur, gaur\u0103 pentru degetul mare \u0219i guler \u00eenalt. Hanoracul are o glug\u0103 mare cu logo-ul &#8220;Peach Pump&#8221;, o croial\u0103 mai lung\u0103 care men\u021bine talia cald\u0103. Potrivit pentru \u00eenc\u0103lzirea \u00eenainte de un [&hellip;]<\/p>\n","protected":false},"featured_media":95838,"comment_status":"open","ping_status":"closed","template":"","meta":[],"product_brand":[],"product_cat":[1115,924],"product_tag":[],"class_list":{"0":"post-96660","1":"product","2":"type-product","3":"status-publish","4":"has-post-thumbnail","6":"product_cat-hanorace-dama-hoodie","7":"product_cat-jachete-dama","8":"pa_cviat-negru","9":"pa_razmer-l-ro-2","10":"pa_razmer-m-ro","11":"pa_razmer-s-ro-2","12":"inventories-world","13":"inventories-uk","15":"first","16":"instock","17":"taxable","18":"shipping-taxable","19":"purchasable","20":"product-type-variable"},"_links":{"self":[{"href":"https:\/\/staging6.peach-pump.com\/en\/wp-json\/wp\/v2\/product\/96660","targetHints":{"allow":["GET"]}}],"collection":[{"href":"https:\/\/staging6.peach-pump.com\/en\/wp-json\/wp\/v2\/product"}],"about":[{"href":"https:\/\/staging6.peach-pump.com\/en\/wp-json\/wp\/v2\/types\/product"}],"replies":[{"embeddable":true,"href":"https:\/\/staging6.peach-pump.com\/en\/wp-json\/wp\/v2\/comments?post=96660"}],"version-history":[{"count":0,"href":"https:\/\/staging6.peach-pump.com\/en\/wp-json\/wp\/v2\/product\/96660\/revisions"}],"wp:featuredmedia":[{"embeddable":true,"href":"https:\/\/staging6.peach-pump.com\/en\/wp-json\/wp\/v2\/media\/95838"}],"wp:attachment":[{"href":"https:\/\/staging6.peach-pump.com\/en\/wp-json\/wp\/v2\/media?parent=96660"}],"wp:term":[{"taxonomy":"product_brand","embeddable":true,"href":"https:\/\/staging6.peach-pump.com\/en\/wp-json\/wp\/v2\/product_brand?post=96660"},{"taxonomy":"product_cat","embeddable":true,"href":"https:\/\/staging6.peach-pump.com\/en\/wp-json\/wp\/v2\/product_cat?post=96660"},{"taxonomy":"product_tag","embeddable":true,"href":"https:\/\/staging6.peach-pump.com\/en\/wp-json\/wp\/v2\/product_tag?post=96660"}],"curies":[{"name":"wp","href":"https:\/\/api.w.org\/{rel}","templated":true}]}}