{"id":96688,"date":"2024-11-17T21:23:58","date_gmt":"2024-11-17T19:23:58","guid":{"rendered":"https:\/\/staging6.peach-pump.com\/products\/sosete-sport-negre\/"},"modified":"2025-11-10T16:32:55","modified_gmt":"2025-11-10T14:32:55","slug":"sosete-sport-negre","status":"publish","type":"product","link":"https:\/\/staging6.peach-pump.com\/ro\/products\/sosete-sport-negre\/","title":{"rendered":"\u0218osete sportive negre de dam\u0103 Peach Pump"},"content":{"rendered":"<p>\u0218osete sport negre de dam\u0103 cu logo-ul Peach Pump \u021besut, au partea de jos \u00eent\u0103rit\u0103 \u0219i ofer\u0103 rezisten\u021b\u0103, stabilitate \u0219i amortizare atunci c\u00e2nd v\u0103 mi\u0219ca\u021bi. Sunt confec\u021bionate din \u021bes\u0103tur\u0103 care evacueaz\u0103 umezeala \u0219i v\u0103 men\u021bine proaspete. <\/p>\n<ul>\n<li>Material moale<\/li>\n<li>Calitate \u00eenalt\u0103<\/li>\n<li>Elasticitate<\/li>\n<li>80% bumbac<\/li>\n<li>Logo \u201dPeach Pump\u201d \u021besut<\/li>\n<li>\u00cent\u0103rite pe talp\u0103 pentru durabilitate<\/li>\n<li>&#8220;Crew size&#8221; &#8211; lungime p\u00e2n\u0103 la gamb\u0103<\/li>\n<\/ul>\n<p>Compozi\u021bie: 80% bumbac, 17% poliester, 3% Spandex. Se pot sp\u0103la la 40 \u00b0C f\u0103r\u0103 cur\u0103\u021bare chimic\u0103, se usuc\u0103 la temperatur\u0103 sc\u0103zut\u0103. \u0218osetele nu sunt returnabile sau schimbabile!<\/p>\n","protected":false},"excerpt":{"rendered":"<p>\u0218osete sport negre de dam\u0103 cu logo-ul Peach Pump \u021besut, au partea de jos \u00eent\u0103rit\u0103 \u0219i ofer\u0103 rezisten\u021b\u0103, stabilitate \u0219i amortizare atunci c\u00e2nd v\u0103 mi\u0219ca\u021bi. Sunt confec\u021bionate din \u021bes\u0103tur\u0103 care evacueaz\u0103 umezeala \u0219i v\u0103 men\u021bine proaspete. Material moale Calitate \u00eenalt\u0103 Elasticitate 80% bumbac Logo \u201dPeach Pump\u201d \u021besut \u00cent\u0103rite pe talp\u0103 pentru durabilitate &#8220;Crew size&#8221; &#8211; [&hellip;]<\/p>\n","protected":false},"featured_media":96483,"comment_status":"open","ping_status":"closed","template":"","meta":[],"product_brand":[],"product_cat":[779],"product_tag":[],"class_list":{"0":"post-96688","1":"product","2":"type-product","3":"status-publish","4":"has-post-thumbnail","6":"product_cat-accesorii","7":"pa_cviat-negru","8":"pa_razmer-one-size-ro","9":"inventories-world","10":"inventories-uk","12":"first","13":"instock","14":"taxable","15":"shipping-taxable","16":"purchasable","17":"product-type-variable"},"_links":{"self":[{"href":"https:\/\/staging6.peach-pump.com\/ro\/wp-json\/wp\/v2\/product\/96688","targetHints":{"allow":["GET"]}}],"collection":[{"href":"https:\/\/staging6.peach-pump.com\/ro\/wp-json\/wp\/v2\/product"}],"about":[{"href":"https:\/\/staging6.peach-pump.com\/ro\/wp-json\/wp\/v2\/types\/product"}],"replies":[{"embeddable":true,"href":"https:\/\/staging6.peach-pump.com\/ro\/wp-json\/wp\/v2\/comments?post=96688"}],"version-history":[{"count":0,"href":"https:\/\/staging6.peach-pump.com\/ro\/wp-json\/wp\/v2\/product\/96688\/revisions"}],"wp:featuredmedia":[{"embeddable":true,"href":"https:\/\/staging6.peach-pump.com\/ro\/wp-json\/wp\/v2\/media\/96483"}],"wp:attachment":[{"href":"https:\/\/staging6.peach-pump.com\/ro\/wp-json\/wp\/v2\/media?parent=96688"}],"wp:term":[{"taxonomy":"product_brand","embeddable":true,"href":"https:\/\/staging6.peach-pump.com\/ro\/wp-json\/wp\/v2\/product_brand?post=96688"},{"taxonomy":"product_cat","embeddable":true,"href":"https:\/\/staging6.peach-pump.com\/ro\/wp-json\/wp\/v2\/product_cat?post=96688"},{"taxonomy":"product_tag","embeddable":true,"href":"https:\/\/staging6.peach-pump.com\/ro\/wp-json\/wp\/v2\/product_tag?post=96688"}],"curies":[{"name":"wp","href":"https:\/\/api.w.org\/{rel}","templated":true}]}}