{"id":96705,"date":"2024-11-17T20:13:42","date_gmt":"2024-11-17T18:13:42","guid":{"rendered":"https:\/\/staging6.peach-pump.com\/products\/top-sport-alb-guler-inalt\/"},"modified":"2025-10-31T12:51:00","modified_gmt":"2025-10-31T10:51:00","slug":"top-sport-alb-guler-inalt","status":"publish","type":"product","link":"https:\/\/staging6.peach-pump.com\/ro\/products\/top-sport-alb-guler-inalt\/","title":{"rendered":"Bluz\u0103 sport alb\u0103 cu guler \u00eenalt"},"content":{"rendered":"<p>Top sport alb cu guler \u00eenalt, tip polo, \u0219i m\u00e2nec\u0103 scurt\u0103 pe corp. Bluza este fabricat\u0103 din \u021bes\u0103tur\u0103 foarte u\u0219oar\u0103 \u0219i elastic\u0103 care nu re\u021bine umezeala \u00een corp. Are o croial\u0103 spectaculoas\u0103 care face vizual talia mai mic\u0103 \u0219i un logo &#8220;Peach Pump&#8221; sigilat termic \u00een partea inferioar\u0103 din fa\u021b\u0103 a bluzei. Modelul este potrivit pentru fitness, alergare, exerci\u021bii aerobice sau o plimbare \u00een parc. \u021aes\u0103tura u\u0219oar\u0103 a bluzei m\u00e2ng\u00e2ie corpul \u0219i creeaz\u0103 un sentiment de libertate total\u0103 de mi\u0219care. Se asorteaz\u0103 perfect cu to\u021bi colan\u021bii no\u0219tri \u0219i, de ce nu, cu blugi.     <\/p>\n<ul>\n<li>\u021aes\u0103tur\u0103 u\u0219oar\u0103<\/li>\n<li>Elasticitate mare<\/li>\n<li>Croial\u0103 pe corp<\/li>\n<li>Logo &#8220;Peach Pump&#8221; sigilat termic \u00een partea din fa\u021b\u0103, \u00een partea de jos a topului<\/li>\n<li>\u021aes\u0103tur\u0103 care nu re\u021bine umezeala \u00een corp<\/li>\n<\/ul>\n<p>Compozi\u021bie: spandex \u0219i poliester<\/p>\n<p>Bluza poate fi sp\u0103lat\u0103 p\u00e2n\u0103 la 30 de grade, v\u0103 rug\u0103m s\u0103 nu folosi\u021bi \u00een\u0103lbitor, usc\u0103tor de rufe sau cur\u0103\u021bare uscat\u0103.<\/p>\n<p>Modelul din imagine are 170 cm \u00een\u0103l\u021bime, c\u00e2nt\u0103re\u0219te 54 kg \u0219i pozeaz\u0103 \u00een m\u0103rimea S.<\/p>\n<p>V\u0103 rug\u0103m s\u0103 utiliza\u021bi tabelele pentru a selecta dimensiunea exact\u0103.<\/p>\n<p>&nbsp;<\/p>\n","protected":false},"excerpt":{"rendered":"<p>Top sport alb cu guler \u00eenalt, tip polo, \u0219i m\u00e2nec\u0103 scurt\u0103 pe corp. Bluza este fabricat\u0103 din \u021bes\u0103tur\u0103 foarte u\u0219oar\u0103 \u0219i elastic\u0103 care nu re\u021bine umezeala \u00een corp. Are o croial\u0103 spectaculoas\u0103 care face vizual talia mai mic\u0103 \u0219i un logo &#8220;Peach Pump&#8221; sigilat termic \u00een partea inferioar\u0103 din fa\u021b\u0103 a bluzei. Modelul este potrivit [&hellip;]<\/p>\n","protected":false},"featured_media":95500,"comment_status":"open","ping_status":"closed","template":"","meta":[],"product_brand":[],"product_cat":[365],"product_tag":[],"class_list":{"0":"post-96705","1":"product","2":"type-product","3":"status-publish","4":"has-post-thumbnail","6":"product_cat-tricouri-sport-femei","7":"pa_cviat-alb-ro","8":"pa_razmer-l-ro-2","9":"pa_razmer-m-ro","10":"pa_razmer-s-ro-2","11":"inventories-world","12":"inventories-uk","14":"first","15":"instock","16":"taxable","17":"shipping-taxable","18":"purchasable","19":"product-type-variable"},"_links":{"self":[{"href":"https:\/\/staging6.peach-pump.com\/en\/wp-json\/wp\/v2\/product\/96705","targetHints":{"allow":["GET"]}}],"collection":[{"href":"https:\/\/staging6.peach-pump.com\/en\/wp-json\/wp\/v2\/product"}],"about":[{"href":"https:\/\/staging6.peach-pump.com\/en\/wp-json\/wp\/v2\/types\/product"}],"replies":[{"embeddable":true,"href":"https:\/\/staging6.peach-pump.com\/en\/wp-json\/wp\/v2\/comments?post=96705"}],"version-history":[{"count":0,"href":"https:\/\/staging6.peach-pump.com\/en\/wp-json\/wp\/v2\/product\/96705\/revisions"}],"wp:featuredmedia":[{"embeddable":true,"href":"https:\/\/staging6.peach-pump.com\/en\/wp-json\/wp\/v2\/media\/95500"}],"wp:attachment":[{"href":"https:\/\/staging6.peach-pump.com\/en\/wp-json\/wp\/v2\/media?parent=96705"}],"wp:term":[{"taxonomy":"product_brand","embeddable":true,"href":"https:\/\/staging6.peach-pump.com\/en\/wp-json\/wp\/v2\/product_brand?post=96705"},{"taxonomy":"product_cat","embeddable":true,"href":"https:\/\/staging6.peach-pump.com\/en\/wp-json\/wp\/v2\/product_cat?post=96705"},{"taxonomy":"product_tag","embeddable":true,"href":"https:\/\/staging6.peach-pump.com\/en\/wp-json\/wp\/v2\/product_tag?post=96705"}],"curies":[{"name":"wp","href":"https:\/\/api.w.org\/{rel}","templated":true}]}}