{"id":98491,"date":"2024-11-17T21:03:53","date_gmt":"2024-11-17T19:03:53","guid":{"rendered":"https:\/\/staging6.peach-pump.com\/products\/salopeta-neagra-o-bretea\/"},"modified":"2025-11-10T17:02:28","modified_gmt":"2025-11-10T15:02:28","slug":"salopeta-neagra-o-bretea","status":"publish","type":"product","link":"https:\/\/staging6.peach-pump.com\/ro\/products\/salopeta-neagra-o-bretea\/","title":{"rendered":"Salopet\u0103 neagr\u0103 cu o bretea"},"content":{"rendered":"<p>Salopet\u0103 mulat\u0103 sport de culoare neagr\u0103 cu o bretea. Modelul este extrem de confortabil \u0219i spectaculos are c\u0103ptu\u0219eal\u0103 cu efect Push Up, care poate fi \u00eendep\u0103rtat\u0103. Partea de sus are o singur\u0103 bretea \u0219i deschideri \u00een talie ceea ce o face foarte sexy , este \u00eempodobit\u0103 cu o bordur\u0103 alb\u0103 \u0219i are un logo mic &#8220;Peach Pump&#8221; sigilat termic. Partea de jos este f\u0103r\u0103 cus\u0103tur\u0103 \u00een fa\u021b\u0103 , ceea ce este preferat de doamne, are un elastic lat cu inscrip\u021bia &#8220;Peach Pump&#8221; pe el. O salopet\u0103 diferit\u0103 din material tricotat elastic cu care nu po\u021bi trece neobservat\u0103.    <\/p>\n<ul>\n<li>O bretea<\/li>\n<li>C\u0103ptu\u0219eal\u0103 cu efect Push-up<\/li>\n<li>Deschiz\u0103turi la talie<\/li>\n<li>Margine alb\u0103<\/li>\n<li>Cus\u0103turi plate care nu provoac\u0103 irita\u021bii<\/li>\n<li>\u021aes\u0103tur\u0103 elastic\u0103<\/li>\n<li>Elastic lat<\/li>\n<li>Logo &#8220;Peach Pump&#8221; sigilat termic pe partea inferioar\u0103 din fa\u021b\u0103 \u0219i pe talie<\/li>\n<li>\u021aes\u0103tur\u0103 care \u00eendep\u0103rteaz\u0103 umezeala de pe corp<\/li>\n<\/ul>\n<p>Salopeta poate fi sp\u0103lat\u0103 la p\u00e2n\u0103 la 30 de grade, v\u0103 rug\u0103m s\u0103 nu o \u00een\u0103lbi\u021bi, s\u0103 nu o usca\u021bi sau s\u0103 nu o cur\u0103\u021ba\u021bi pe uscat.<\/p>\n<p>Modelul din imagine are 178 cm \u00een\u0103l\u021bime, c\u00e2nt\u0103re\u0219te 56 kg \u0219i pozeaz\u0103 \u00een m\u0103rimea S.<\/p>\n<p>V\u0103 rug\u0103m s\u0103 utiliza\u021bi tabelele pentru a selecta dimensiunea exact\u0103.<\/p>\n","protected":false},"excerpt":{"rendered":"<p>Salopet\u0103 mulat\u0103 sport de culoare neagr\u0103 cu o bretea. Modelul este extrem de confortabil \u0219i spectaculos are c\u0103ptu\u0219eal\u0103 cu efect Push Up, care poate fi \u00eendep\u0103rtat\u0103. Partea de sus are o singur\u0103 bretea \u0219i deschideri \u00een talie ceea ce o face foarte sexy , este \u00eempodobit\u0103 cu o bordur\u0103 alb\u0103 \u0219i are un logo mic [&hellip;]<\/p>\n","protected":false},"featured_media":97985,"comment_status":"open","ping_status":"closed","template":"","meta":[],"product_brand":[],"product_cat":[1124,367,369],"product_tag":[],"class_list":{"0":"post-98491","1":"product","2":"type-product","3":"status-publish","4":"has-post-thumbnail","6":"product_cat-salopete-sport-dama","7":"product_cat-seturi-de-trening-pentru-femei","8":"product_cat-seturi-sport-cu-colanti","9":"pa_cviat-negru","10":"pa_razmer-l-ro-2","11":"pa_razmer-m-ro","12":"pa_razmer-s-ro-2","13":"inventories-world","14":"inventories-uk","16":"first","17":"instock","18":"taxable","19":"shipping-taxable","20":"purchasable","21":"product-type-variable"},"_links":{"self":[{"href":"https:\/\/staging6.peach-pump.com\/en\/wp-json\/wp\/v2\/product\/98491","targetHints":{"allow":["GET"]}}],"collection":[{"href":"https:\/\/staging6.peach-pump.com\/en\/wp-json\/wp\/v2\/product"}],"about":[{"href":"https:\/\/staging6.peach-pump.com\/en\/wp-json\/wp\/v2\/types\/product"}],"replies":[{"embeddable":true,"href":"https:\/\/staging6.peach-pump.com\/en\/wp-json\/wp\/v2\/comments?post=98491"}],"version-history":[{"count":0,"href":"https:\/\/staging6.peach-pump.com\/en\/wp-json\/wp\/v2\/product\/98491\/revisions"}],"wp:featuredmedia":[{"embeddable":true,"href":"https:\/\/staging6.peach-pump.com\/en\/wp-json\/wp\/v2\/media\/97985"}],"wp:attachment":[{"href":"https:\/\/staging6.peach-pump.com\/en\/wp-json\/wp\/v2\/media?parent=98491"}],"wp:term":[{"taxonomy":"product_brand","embeddable":true,"href":"https:\/\/staging6.peach-pump.com\/en\/wp-json\/wp\/v2\/product_brand?post=98491"},{"taxonomy":"product_cat","embeddable":true,"href":"https:\/\/staging6.peach-pump.com\/en\/wp-json\/wp\/v2\/product_cat?post=98491"},{"taxonomy":"product_tag","embeddable":true,"href":"https:\/\/staging6.peach-pump.com\/en\/wp-json\/wp\/v2\/product_tag?post=98491"}],"curies":[{"name":"wp","href":"https:\/\/api.w.org\/{rel}","templated":true}]}}