{"id":36409,"date":"2022-05-17T21:44:58","date_gmt":"2022-05-17T19:44:58","guid":{"rendered":"https:\/\/staging6.peach-pump.com\/zasady-ochrany-osobnych-udajov\/"},"modified":"2025-02-09T19:05:35","modified_gmt":"2025-02-09T17:05:35","slug":"zasady-ochrany-osobnych-udajov","status":"publish","type":"page","link":"https:\/\/staging6.peach-pump.com\/sk\/zasady-ochrany-osobnych-udajov\/","title":{"rendered":"Z\u00c1SADY OCHRANY OSOBN\u00ddCH \u00daDAJOV"},"content":{"rendered":"\t\t<div data-elementor-type=\"wp-page\" data-elementor-id=\"36409\" class=\"elementor elementor-36409 elementor-3\" data-elementor-post-type=\"page\">\n\t\t\t\t<div class=\"elementor-element elementor-element-cf3d95c e-flex e-con-boxed e-con e-parent\" data-id=\"cf3d95c\" data-element_type=\"container\">\n\t\t\t\t\t<div class=\"e-con-inner\">\n\t\t\t\t<div class=\"elementor-element elementor-element-1dca528d elementor-widget elementor-widget-text-editor\" data-id=\"1dca528d\" data-element_type=\"widget\" data-widget_type=\"text-editor.default\">\n\t\t\t\t<div class=\"elementor-widget-container\">\n\t\t\t\t\t\t\t\t\t\n<p><strong>Inform\u00e1cie o prev\u00e1dzkovate\u013eovi \u00fadajov:<\/strong><\/p>\n\n\n\n<p>&#8220;Peach Pump&#8221; Ltd. je spolo\u010dnos\u0165 registrovan\u00e1 pod\u013ea obchodn\u00e9ho pr\u00e1va Bulharskej republiky s UIC 206826362, adresa. Varna, ul. &#8220;Graf Ignatiev&#8221; 32,, e-mailov\u00e1 adresa: office@staging3.staging6.peach-pump.com,<\/p>\n\n\n\n<p>Spolo\u010dnos\u0165 Peach Pump sa riadi z\u00e1konom o ochrane osobn\u00fdch \u00fadajov a nariaden\u00edm Eur\u00f3pskeho parlamentu a Rady (E\u00da) 2016\/679 z 27. apr\u00edla 2016 (&#8220;v\u0161eobecn\u00e9 nariadenie E\u00da o ochrane \u00fadajov&#8221; alebo &#8220;GDPR&#8221;).<\/p>\n\n\n\n<p>\u00da\u010dely, na ktor\u00e9 spolo\u010dnos\u0165 Peach Pump zhroma\u017e\u010fuje a sprac\u00fava va\u0161e osobn\u00e9 \u00fadaje:<\/p>\n\n\n\n<ul>\n<li>na \u00fa\u010dely plnenia z\u00e1v\u00e4zkov vypl\u00fdvaj\u00facich zo zmluvy<\/li>\n<li>\u00fa\u010dtovn\u00e9 a obchodn\u00e9 \u00fa\u010dely<\/li>\n<li>Marketing<\/li>\n<li>vytvori\u0165 svoju identitu;<\/li>\n<li>odha\u013eova\u0165 a\/alebo predch\u00e1dza\u0165 nez\u00e1konn\u00fdm \u010dinom alebo \u010dinom, ktor\u00e9 s\u00fa v rozpore s na\u0161imi podmienkami.<\/li>\n<li>ochrana bezpe\u010dnosti inform\u00e1ci\u00ed<\/li>\n<li>zabezpe\u010denie funk\u010dnosti na\u0161ej webovej str\u00e1nky;<\/li>\n<li>vytvorenie profilu na pou\u017e\u00edvanie slu\u017eby &#8211; s cie\u013eom identifikova\u0165 v\u00e1s a poskytn\u00fa\u0165 v\u00e1m slu\u017ebu;<\/li>\n<li>pon\u00fakame registr\u00e1ciu v\u00e1\u0161ho \u00fa\u010dtu Peach Pump prostredn\u00edctvom v\u00e1\u0161ho profilu na Facebooku. Z\u00e1sady ochrany osobn\u00fdch \u00fadajov spolo\u010dnosti Facebook si m\u00f4\u017eete pozrie\u0165 na t\u00fdchto odkazoch:<\/li>\n<\/ul>\n\n\n\n<p><a href=\"https:\/\/www.facebook.com\/about\/privacy\" target=\"_blank\" rel=\"noopener\">https:\/\/www.facebook.com\/about\/privacy<\/a><\/p>\n\n\n\n<p>Spolo\u010dnos\u0165 Peach Pump zhroma\u017e\u010fuje a sprac\u00fava tieto osobn\u00e9 \u00fadaje: meno, adresu, e-mail, telef\u00f3nne \u010d\u00edslo, IP adresu at\u010f., ktor\u00e9 sa zhroma\u017e\u010fuj\u00fa na \u00fa\u010dely identifik\u00e1cie.<\/p>\n<p>Svoje osobn\u00e9 \u00fadaje m\u00f4\u017eete vymaza\u0165 tu: <a href=\"https:\/\/staging3.staging6.peach-pump.com\/en\/deleting-personal-data\/\">Vymazanie osobn\u00fdch \u00fadajov &#8211; Peach Pump (staging3.staging6.peach-pump.com)<\/a><\/p>\n\t\t\t\t\t\t\t\t<\/div>\n\t\t\t\t<\/div>\n\t\t\t\t\t<\/div>\n\t\t\t\t<\/div>\n\t\t\t\t<\/div>\n\t\t","protected":false},"excerpt":{"rendered":"<p>Inform\u00e1cie o prev\u00e1dzkovate\u013eovi \u00fadajov: &#8220;Peach Pump&#8221; Ltd. je spolo\u010dnos\u0165 registrovan\u00e1 pod\u013ea obchodn\u00e9ho pr\u00e1va Bulharskej republiky s UIC 206826362, adresa. Varna, ul. &#8220;Graf Ignatiev&#8221; 32,, e-mailov\u00e1 adresa: office@staging3.staging6.peach-pump.com, Spolo\u010dnos\u0165 Peach Pump sa riadi z\u00e1konom o ochrane osobn\u00fdch \u00fadajov a nariaden\u00edm Eur\u00f3pskeho parlamentu a Rady (E\u00da) 2016\/679 z 27. apr\u00edla 2016 (&#8220;v\u0161eobecn\u00e9 nariadenie E\u00da o ochrane \u00fadajov&#8221; [&hellip;]<\/p>\n","protected":false},"author":1,"featured_media":0,"parent":0,"menu_order":0,"comment_status":"closed","ping_status":"closed","template":"","meta":{"footnotes":""},"class_list":["post-36409","page","type-page","status-publish","hentry"],"_links":{"self":[{"href":"https:\/\/staging6.peach-pump.com\/sk\/wp-json\/wp\/v2\/pages\/36409","targetHints":{"allow":["GET"]}}],"collection":[{"href":"https:\/\/staging6.peach-pump.com\/sk\/wp-json\/wp\/v2\/pages"}],"about":[{"href":"https:\/\/staging6.peach-pump.com\/sk\/wp-json\/wp\/v2\/types\/page"}],"author":[{"embeddable":true,"href":"https:\/\/staging6.peach-pump.com\/sk\/wp-json\/wp\/v2\/users\/1"}],"replies":[{"embeddable":true,"href":"https:\/\/staging6.peach-pump.com\/sk\/wp-json\/wp\/v2\/comments?post=36409"}],"version-history":[{"count":0,"href":"https:\/\/staging6.peach-pump.com\/sk\/wp-json\/wp\/v2\/pages\/36409\/revisions"}],"wp:attachment":[{"href":"https:\/\/staging6.peach-pump.com\/sk\/wp-json\/wp\/v2\/media?parent=36409"}],"curies":[{"name":"wp","href":"https:\/\/api.w.org\/{rel}","templated":true}]}}