{"id":41715,"date":"2022-09-21T07:39:42","date_gmt":"2022-09-21T05:39:42","guid":{"rendered":"https:\/\/staging6.peach-pump.com\/vymena-a-vratenie\/"},"modified":"2025-09-02T17:23:52","modified_gmt":"2025-09-02T15:23:52","slug":"vymena-a-vratenie","status":"publish","type":"page","link":"https:\/\/staging6.peach-pump.com\/sk\/vymena-a-vratenie\/","title":{"rendered":"V\u00ddMENA A VR\u00c1TENIE"},"content":{"rendered":"\t\t<div data-elementor-type=\"wp-page\" data-elementor-id=\"41715\" class=\"elementor elementor-41715 elementor-20392\" data-elementor-post-type=\"page\">\n\t\t\t\t<div class=\"elementor-element elementor-element-0bdd6ac e-con-full e-flex e-con e-parent\" data-id=\"0bdd6ac\" data-element_type=\"container\">\n\t\t\t\t<div class=\"elementor-element elementor-element-3551429 elementor-widget elementor-widget-text-editor\" data-id=\"3551429\" data-element_type=\"widget\" data-widget_type=\"text-editor.default\">\n\t\t\t\t<div class=\"elementor-widget-container\">\n\t\t\t\t\t\t\t\t\t<h2 class=\"wp-block-heading\"><strong>V\u00ddMENA A VR\u00c1TENIE<\/strong><\/h2>\t\t\t\t\t\t\t\t<\/div>\n\t\t\t\t<\/div>\n\t\t\t\t<div class=\"elementor-element elementor-element-d330f9d elementor-widget__width-initial elementor-widget elementor-widget-shortcode\" data-id=\"d330f9d\" data-element_type=\"widget\" data-widget_type=\"shortcode.default\">\n\t\t\t\t<div class=\"elementor-widget-container\">\n\t\t\t\t\t\t\t<div class=\"elementor-shortcode\"><p class=\"wpcf7-contact-form-not-found\"><strong>Chyba:<\/strong> Kontaktn\u00fd formul\u00e1r nebol n\u00e1jden\u00fd.<\/p><\/div>\n\t\t\t\t\t\t<\/div>\n\t\t\t\t<\/div>\n\t\t\t\t<\/div>\n\t\t<div class=\"elementor-element elementor-element-734bd85 e-con-full e-flex e-con e-parent\" data-id=\"734bd85\" data-element_type=\"container\">\n\t\t\t\t<div class=\"elementor-element elementor-element-0402aea elementor-widget__width-initial elementor-widget elementor-widget-text-editor\" data-id=\"0402aea\" data-element_type=\"widget\" data-widget_type=\"text-editor.default\">\n\t\t\t\t<div class=\"elementor-widget-container\">\n\t\t\t\t\t\t\t\t\t<h2 data-start=\"87\" data-end=\"120\">Politika vr\u00e1tenia a v\u00fdmeny<\/h2><p data-start=\"122\" data-end=\"294\">Na\u0161ou prioritou je, aby boli na\u0161i z\u00e1kazn\u00edci s n\u00e1kupom \u00faplne spokojn\u00ed.<br data-start=\"202\" data-end=\"205\">M\u00e1te pr\u00e1vo vr\u00e1ti\u0165 alebo vymeni\u0165 produkt do <strong data-start=\"262\" data-end=\"272\">30 dn\u00ed<\/strong> od jeho prevzatia.<\/p><h3 data-start=\"296\" data-end=\"338\">Ako vr\u00e1ti\u0165 alebo vymeni\u0165 produkt:<\/h3><ul data-start=\"339\" data-end=\"705\"><li data-start=\"339\" data-end=\"437\"><p data-start=\"341\" data-end=\"437\">Pros\u00edm, kontaktujte n\u00e1s prostredn\u00edctvom platformy a n\u00e1\u0161 kolega v\u00e1m poskytne v\u0161etky potrebn\u00e9 inform\u00e1cie o jednotliv\u00fdch krokoch.<\/p><\/li><li data-start=\"438\" data-end=\"550\"><p data-start=\"440\" data-end=\"550\">Je potrebn\u00e9 uvies\u0165 <strong data-start=\"452\" data-end=\"476\">\u010d\u00edslo objedn\u00e1vky<\/strong> \u2013 6-miestny k\u00f3d zaslan\u00fd na v\u00e1\u0161 e-mail (skontrolujte aj prie\u010dinok \u201eSpam\u201c).<br>V z\u00e1vislosti od situ\u00e1cie v\u00e1m po\u0161leme kuriera, ktor\u00fd z\u00e1sielku vyzdvihne, alebo dostanete \u0161t\u00edtok na vr\u00e1tenie, ktor\u00fd pou\u017eijete pri odoslan\u00ed.<\/p><\/li><li data-start=\"551\" data-end=\"705\"><p data-start=\"553\" data-end=\"705\"><span style=\"color: #222222; font-size: 24px; font-weight: 600; letter-spacing: 0px; text-wrap-mode: initial;\">Podmienky vr\u00e1tenia:<\/span><\/p><\/li><\/ul><ul data-start=\"733\" data-end=\"1105\"><li data-start=\"733\" data-end=\"820\"><p data-start=\"735\" data-end=\"820\">Produkt mus\u00ed by\u0165 v p\u00f4vodnom stave, bez zn\u00e1mok nosenia, prania alebo pou\u017e\u00edvania.<\/p><\/li><li data-start=\"821\" data-end=\"904\"><p data-start=\"823\" data-end=\"904\">V\u0161etky visa\u010dky a obaly musia by\u0165 zachovan\u00e9 a vr\u00e1ten\u00e9 spolu s produktom.<\/p><\/li><li data-start=\"905\" data-end=\"995\"><p data-start=\"907\" data-end=\"995\">Neprij\u00edmame produkty, ktor\u00e9 boli \u00famyselne po\u0161koden\u00e9 alebo nes\u00fa zn\u00e1mky nespr\u00e1vneho pou\u017e\u00edvania.<\/p><\/li><li data-start=\"996\" data-end=\"1105\"><p data-start=\"998\" data-end=\"1105\">Akceptujeme vr\u00e1tenie tak chybn\u00fdch, ako aj bezchybn\u00fdch produktov, ak s\u00fa splnen\u00e9 podmienky vr\u00e1tenia.<\/p><\/li><\/ul><h3 data-start=\"1107\" data-end=\"1120\">V\u00fdmena:<\/h3><ul data-start=\"1121\" data-end=\"1307\"><li data-start=\"1121\" data-end=\"1206\"><p data-start=\"1123\" data-end=\"1206\">Produkt m\u00f4\u017eete vymeni\u0165 za ten ist\u00fd model v inej ve\u013ekosti alebo farbe, ak je dostupn\u00fd.<\/p><\/li><li data-start=\"1207\" data-end=\"1307\"><p data-start=\"1209\" data-end=\"1307\">Ak si \u017eel\u00e1te v\u00fdmenu za in\u00fd produkt \u2013 v pr\u00edpade rozdielu v cene sa suma doplat\u00ed alebo vr\u00e1ti.<\/p><\/li><\/ul><h3 data-start=\"1309\" data-end=\"1338\">Vr\u00e1tenie pe\u0148az\u00ed:<\/h3><ul data-start=\"1339\" data-end=\"1529\"><li data-start=\"1339\" data-end=\"1463\"><p data-start=\"1341\" data-end=\"1463\">Po prijat\u00ed a schv\u00e1len\u00ed vr\u00e1ten\u00e9ho produktu bude suma vr\u00e1ten\u00e1 do <strong data-start=\"1428\" data-end=\"1460\">14 pracovn\u00fdch dn\u00ed bankov\u00fdm prevodom.<\/strong><\/p><\/li><li data-start=\"1464\" data-end=\"1529\"><p data-start=\"1466\" data-end=\"1529\">Vo v\u00e4\u010d\u0161ine pr\u00edpadov prebehne vr\u00e1tenie pe\u0148az\u00ed v\u00fdrazne r\u00fdchlej\u0161ie.<\/p><\/li><\/ul><p> <\/p><p data-start=\"1531\" data-end=\"1628\">N\u00e1\u0161 t\u00edm je v\u00e1m v\u017edy k dispoz\u00edcii pre va\u0161e ot\u00e1zky a s rados\u0165ou v\u00e1m pom\u00f4\u017ee. \u2764\ufe0f<\/p>\t\t\t\t\t\t\t\t<\/div>\n\t\t\t\t<\/div>\n\t\t\t\t<\/div>\n\t\t\t\t<\/div>\n\t\t","protected":false},"excerpt":{"rendered":"<p>V\u00ddMENA A VR\u00c1TENIE Politika vr\u00e1tenia a v\u00fdmeny Na\u0161ou prioritou je, aby boli na\u0161i z\u00e1kazn\u00edci s n\u00e1kupom \u00faplne spokojn\u00ed.M\u00e1te pr\u00e1vo vr\u00e1ti\u0165 alebo vymeni\u0165 produkt do 30 dn\u00ed od jeho prevzatia. Ako vr\u00e1ti\u0165 alebo vymeni\u0165 produkt: Pros\u00edm, kontaktujte n\u00e1s prostredn\u00edctvom platformy a n\u00e1\u0161 kolega v\u00e1m poskytne v\u0161etky potrebn\u00e9 inform\u00e1cie o jednotliv\u00fdch krokoch. Je potrebn\u00e9 uvies\u0165 \u010d\u00edslo objedn\u00e1vky [&hellip;]<\/p>\n","protected":false},"author":1,"featured_media":0,"parent":0,"menu_order":0,"comment_status":"closed","ping_status":"closed","template":"","meta":{"footnotes":""},"class_list":["post-41715","page","type-page","status-publish","hentry"],"_links":{"self":[{"href":"https:\/\/staging6.peach-pump.com\/sk\/wp-json\/wp\/v2\/pages\/41715","targetHints":{"allow":["GET"]}}],"collection":[{"href":"https:\/\/staging6.peach-pump.com\/sk\/wp-json\/wp\/v2\/pages"}],"about":[{"href":"https:\/\/staging6.peach-pump.com\/sk\/wp-json\/wp\/v2\/types\/page"}],"author":[{"embeddable":true,"href":"https:\/\/staging6.peach-pump.com\/sk\/wp-json\/wp\/v2\/users\/1"}],"replies":[{"embeddable":true,"href":"https:\/\/staging6.peach-pump.com\/sk\/wp-json\/wp\/v2\/comments?post=41715"}],"version-history":[{"count":0,"href":"https:\/\/staging6.peach-pump.com\/sk\/wp-json\/wp\/v2\/pages\/41715\/revisions"}],"wp:attachment":[{"href":"https:\/\/staging6.peach-pump.com\/sk\/wp-json\/wp\/v2\/media?parent=41715"}],"curies":[{"name":"wp","href":"https:\/\/api.w.org\/{rel}","templated":true}]}}