{"id":100045,"date":"2024-12-10T18:17:15","date_gmt":"2024-12-10T16:17:15","guid":{"rendered":"https:\/\/staging6.peach-pump.com\/products\/bezova-zimna-ciapka\/"},"modified":"2025-11-03T13:16:24","modified_gmt":"2025-11-03T11:16:24","slug":"bezova-zimna-ciapka","status":"publish","type":"product","link":"https:\/\/staging6.peach-pump.com\/sk\/products\/bezova-zimna-ciapka\/","title":{"rendered":"B\u00e9\u017eov\u00e1 zimn\u00e1 \u010diapka s vy\u0161it\u00fdm logom"},"content":{"rendered":"<p>B\u00e9\u017eov\u00e1 zimn\u00e1 \u010diapka z kolekcie &#8220;Peach Pump&#8221; s vy\u0161it\u00fdm 3D logom na prednej strane. \u010ciapka m\u00e1 elastick\u00fd dizajn z mimoriadne m\u00e4kkej a na dotyk pr\u00edjemnej tkaniny. Prehnutie v spodnej \u010dasti e\u0161te viac chr\u00e1ni pred prechladnut\u00edm. \u010ciapka je k dispoz\u00edcii v r\u00f4znych farb\u00e1ch aktu\u00e1lne na sez\u00f3nu. Tento model bude dokonal\u00fdm zakon\u010den\u00edm v\u00e1\u0161ho outfitu po\u010das chladn\u00fdch dn\u00ed.    <\/p>\n<ul>\n<li>Elastick\u00e1, na dotyk m\u00e4kk\u00e1 tkanina<\/li>\n<li>Vy\u0161\u00edvan\u00e9 3D logo na prednej strane<\/li>\n<li>Modern\u00fd dizajn<\/li>\n<li>Stredne hrub\u00e9 pletivo<\/li>\n<\/ul>\n","protected":false},"excerpt":{"rendered":"<p>B\u00e9\u017eov\u00e1 zimn\u00e1 \u010diapka z kolekcie &#8220;Peach Pump&#8221; s vy\u0161it\u00fdm 3D logom na prednej strane. \u010ciapka m\u00e1 elastick\u00fd dizajn z mimoriadne m\u00e4kkej a na dotyk pr\u00edjemnej tkaniny. Prehnutie v spodnej \u010dasti e\u0161te viac chr\u00e1ni pred prechladnut\u00edm. \u010ciapka je k dispoz\u00edcii v r\u00f4znych farb\u00e1ch aktu\u00e1lne na sez\u00f3nu. Tento model bude dokonal\u00fdm zakon\u010den\u00edm v\u00e1\u0161ho outfitu po\u010das chladn\u00fdch dn\u00ed. [&hellip;]<\/p>\n","protected":false},"featured_media":98900,"comment_status":"open","ping_status":"closed","template":"","meta":[],"product_brand":[],"product_cat":[782],"product_tag":[],"class_list":{"0":"post-100045","1":"product","2":"type-product","3":"status-publish","4":"has-post-thumbnail","6":"product_cat-doplnky","7":"pa_cviat-bezove-sk","8":"pa_razmer-jedna-velkost","9":"inventories-world","10":"inventories-uk","12":"first","13":"instock","14":"taxable","15":"shipping-taxable","16":"purchasable","17":"product-type-variable"},"_links":{"self":[{"href":"https:\/\/staging6.peach-pump.com\/en\/wp-json\/wp\/v2\/product\/100045","targetHints":{"allow":["GET"]}}],"collection":[{"href":"https:\/\/staging6.peach-pump.com\/en\/wp-json\/wp\/v2\/product"}],"about":[{"href":"https:\/\/staging6.peach-pump.com\/en\/wp-json\/wp\/v2\/types\/product"}],"replies":[{"embeddable":true,"href":"https:\/\/staging6.peach-pump.com\/en\/wp-json\/wp\/v2\/comments?post=100045"}],"version-history":[{"count":0,"href":"https:\/\/staging6.peach-pump.com\/en\/wp-json\/wp\/v2\/product\/100045\/revisions"}],"wp:featuredmedia":[{"embeddable":true,"href":"https:\/\/staging6.peach-pump.com\/en\/wp-json\/wp\/v2\/media\/98900"}],"wp:attachment":[{"href":"https:\/\/staging6.peach-pump.com\/en\/wp-json\/wp\/v2\/media?parent=100045"}],"wp:term":[{"taxonomy":"product_brand","embeddable":true,"href":"https:\/\/staging6.peach-pump.com\/en\/wp-json\/wp\/v2\/product_brand?post=100045"},{"taxonomy":"product_cat","embeddable":true,"href":"https:\/\/staging6.peach-pump.com\/en\/wp-json\/wp\/v2\/product_cat?post=100045"},{"taxonomy":"product_tag","embeddable":true,"href":"https:\/\/staging6.peach-pump.com\/en\/wp-json\/wp\/v2\/product_tag?post=100045"}],"curies":[{"name":"wp","href":"https:\/\/api.w.org\/{rel}","templated":true}]}}