{"id":100189,"date":"2024-12-17T21:51:26","date_gmt":"2024-12-17T19:51:26","guid":{"rendered":"https:\/\/staging6.peach-pump.com\/products\/damske-leginy-s-vreckami-bezove\/"},"modified":"2025-11-09T18:07:45","modified_gmt":"2025-11-09T16:07:45","slug":"damske-leginy-s-vreckami-bezove","status":"publish","type":"product","link":"https:\/\/staging6.peach-pump.com\/sk\/products\/damske-leginy-s-vreckami-bezove\/","title":{"rendered":"B\u00e9\u017eov\u00e9 leg\u00edny s vreckami a tvarovac\u00edm efektom"},"content":{"rendered":"<p>B\u00e9\u017eov\u00e9 leg\u00edny s vreckami a tvarovac\u00edm efektom. Tento model d\u00e1mskych leg\u00edn je vyroben\u00fd z elastickej, na dotyk jemnej tkaniny, ktor\u00e1 dokonale obop\u00edna a tvaruje telo, m\u00e1 dve bo\u010dn\u00e9 vreck\u00e1 vhodn\u00e9 na telef\u00f3n alebo fitnes kartu a poskytuje pohodlie po\u010das cvi\u010denia. Leg\u00edny s\u00fa vyroben\u00e9 z bez\u0161vovej tkaniny, s\u00fa mimoriadne odoln\u00e9, nezadr\u017eiavaj\u00fa vlhkos\u0165 na tele, nadvihuj\u00fa, tvaruj\u00fa a s\u0165ahuj\u00fa. \u0160irok\u00fd opasok jemne zovrie p\u00e1s a vytvaruje siluetu. Zaru\u010dene najpohodlnej\u0161\u00ed leg\u00ednov\u00fd model. K dispoz\u00edcii vo viacer\u00fdch farb\u00e1ch, dokonale sa hod\u00ed k podprsenke v rovnakej farbe alebo k na\u0161im ostatn\u00fdm modelom tri\u010diek a mik\u00edn.     <\/p>\n<ul>\n<li>Vysok\u00fd p\u00e1s<\/li>\n<li>Dve bo\u010dn\u00e9 vreck\u00e1<\/li>\n<li>Bez\u0161vov\u00e1 tkanina<\/li>\n<li>Zdv\u00edha, tvaruje a spev\u0148uje<\/li>\n<li>Skr\u00fdva problematick\u00e9 oblasti<\/li>\n<li>Peachy efekt<\/li>\n<li>Tepelne vytla\u010den\u00e9 Peach Pump logo na zadnej strane leg\u00edn<\/li>\n<li>Tepelne vytla\u010den\u00e9 logo Peach Pump na prednej strane leg\u00ednov\u00e9ho vrecka<\/li>\n<li>Bez\u0161vov\u00e1 tkanina, ktor\u00e1 nezadr\u017eiava vlhkos\u0165 v tele<\/li>\n<\/ul>\n<p>Zlo\u017eenie: 80% polyester, 20% spandex<\/p>\n<p>Leg\u00edny je mo\u017en\u00e9 pra\u0165 pri teplote do 30 stup\u0148ov, nepou\u017e\u00edvajte bielidl\u00e1 ani chemick\u00e9 \u010distenie.<\/p>\n<p>Modelka na fotografii je vysok\u00e1 178 cm, v\u00e1\u017ei 55 kg a p\u00f3zuje vo ve\u013ekosti M. <\/p>\n<p>Na v\u00fdber presnej ve\u013ekosti pou\u017eite tabu\u013eky.<\/p>\n","protected":false},"excerpt":{"rendered":"<p>B\u00e9\u017eov\u00e9 leg\u00edny s vreckami a tvarovac\u00edm efektom. Tento model d\u00e1mskych leg\u00edn je vyroben\u00fd z elastickej, na dotyk jemnej tkaniny, ktor\u00e1 dokonale obop\u00edna a tvaruje telo, m\u00e1 dve bo\u010dn\u00e9 vreck\u00e1 vhodn\u00e9 na telef\u00f3n alebo fitnes kartu a poskytuje pohodlie po\u010das cvi\u010denia. Leg\u00edny s\u00fa vyroben\u00e9 z bez\u0161vovej tkaniny, s\u00fa mimoriadne odoln\u00e9, nezadr\u017eiavaj\u00fa vlhkos\u0165 na tele, nadvihuj\u00fa, tvaruj\u00fa [&hellip;]<\/p>\n","protected":false},"featured_media":99593,"comment_status":"open","ping_status":"closed","template":"","meta":[],"product_brand":[],"product_cat":[313,148,188],"product_tag":[],"class_list":{"0":"post-100189","1":"product","2":"type-product","3":"status-publish","4":"has-post-thumbnail","6":"product_cat-damske-leginy-dlhe","7":"product_cat-damske-sportove-leginy","8":"product_cat-leginy-s-vreckami","9":"pa_cviat-bezove-sk","10":"pa_razmer-l-sk","11":"pa_razmer-m-sk-2","12":"pa_razmer-s-sk-2","13":"inventories-world","14":"inventories-uk","16":"first","17":"instock","18":"taxable","19":"shipping-taxable","20":"purchasable","21":"product-type-variable"},"_links":{"self":[{"href":"https:\/\/staging6.peach-pump.com\/sk\/wp-json\/wp\/v2\/product\/100189","targetHints":{"allow":["GET"]}}],"collection":[{"href":"https:\/\/staging6.peach-pump.com\/sk\/wp-json\/wp\/v2\/product"}],"about":[{"href":"https:\/\/staging6.peach-pump.com\/sk\/wp-json\/wp\/v2\/types\/product"}],"replies":[{"embeddable":true,"href":"https:\/\/staging6.peach-pump.com\/sk\/wp-json\/wp\/v2\/comments?post=100189"}],"version-history":[{"count":0,"href":"https:\/\/staging6.peach-pump.com\/sk\/wp-json\/wp\/v2\/product\/100189\/revisions"}],"wp:featuredmedia":[{"embeddable":true,"href":"https:\/\/staging6.peach-pump.com\/sk\/wp-json\/wp\/v2\/media\/99593"}],"wp:attachment":[{"href":"https:\/\/staging6.peach-pump.com\/sk\/wp-json\/wp\/v2\/media?parent=100189"}],"wp:term":[{"taxonomy":"product_brand","embeddable":true,"href":"https:\/\/staging6.peach-pump.com\/sk\/wp-json\/wp\/v2\/product_brand?post=100189"},{"taxonomy":"product_cat","embeddable":true,"href":"https:\/\/staging6.peach-pump.com\/sk\/wp-json\/wp\/v2\/product_cat?post=100189"},{"taxonomy":"product_tag","embeddable":true,"href":"https:\/\/staging6.peach-pump.com\/sk\/wp-json\/wp\/v2\/product_tag?post=100189"}],"curies":[{"name":"wp","href":"https:\/\/api.w.org\/{rel}","templated":true}]}}