{"id":105264,"date":"2025-02-03T22:17:52","date_gmt":"2025-02-03T20:17:52","guid":{"rendered":"https:\/\/staging6.peach-pump.com\/products\/bezova-sportova-mikina-korzet\/"},"modified":"2025-11-09T19:09:00","modified_gmt":"2025-11-09T17:09:00","slug":"bezova-sportova-mikina-korzet","status":"publish","type":"product","link":"https:\/\/staging6.peach-pump.com\/sk\/products\/bezova-sportova-mikina-korzet\/","title":{"rendered":"B\u00e9\u017eov\u00e1 \u0161portov\u00e1 mikina pri\u013eahl\u00e1 po tele typu korzet"},"content":{"rendered":"<p>B\u00e9\u017eov\u00e1 \u0161portov\u00e1 mikina pri\u013eahl\u00e1 po tele s vrchn\u00fdm korzetov\u00fdm strihom. Tento model opticky zmen\u0161uje p\u00e1s, l\u00e1tka je ve\u013emi kvalitn\u00e1, m\u00e4kk\u00e1 a pru\u017en\u00e1, perfektne stoj\u00ed a dod\u00e1va kr\u00e1sne, \u017eensk\u00e9 krivky. Model m\u00e1 vy\u0161\u0161\u00ed golier, zap\u00edna sa na predn\u00fd zips s vytla\u010den\u00fdm logom, ruk\u00e1vy maj\u00fa otvory na palce. Spodn\u00e1 \u010das\u0165 mikiny m\u00e1 hlbok\u00e9 bo\u010dn\u00e9 vreck\u00e1, ktor\u00e9 sa zap\u00ednaj\u00fa na skryt\u00fd zips. M\u00f4\u017eete si do nich bez probl\u00e9mov schova\u0165 k\u013e\u00fa\u010de alebo telef\u00f3n. Na hornom ramene je kvalitne vy\u0161it\u00e9 3D logo Peach Pump. Je vhodn\u00e1 na prech\u00e1dzku v parku aj na intenz\u00edvny tr\u00e9ning, preto\u017ee tkanina neumo\u017e\u0148uje zadr\u017eiavanie vlhkosti v tele. K dispoz\u00edcii je v piatich sez\u00f3nne trendov\u00fdch farb\u00e1ch, ktor\u00e9 m\u00f4\u017eete kombinova\u0165 s leg\u00ednami a podprsenkami. Prehliadnite si sekciu hotov\u00e9ho oble\u010denia na na\u0161ej webovej str\u00e1nke, kde n\u00e1jdete in\u0161pir\u00e1ciu a vytvorte si dokonal\u00fd outfit na prech\u00e1dzku alebo tr\u00e9ning.        <\/p>\n<ul>\n<li>3D vy\u0161\u00edvan\u00e9 logo Peach Pump na ramene<\/li>\n<li>Zap\u00ednanie na zips , vytla\u010den\u00e9 logo Peach Pump<\/li>\n<li>Skryt\u00e9 vreck\u00e1 na boku mikiny, diskr\u00e9tne zap\u00ednanie na zips<\/li>\n<li>Otvory na palce<\/li>\n<li>Model tvaruj\u00faci postavu<\/li>\n<li>Priedu\u0161n\u00e1 tkanina, nezadr\u017eiava vlhkos\u0165 v tele<\/li>\n<\/ul>\n<p>Zlo\u017eenie: 72% nylon 28% spandex<\/p>\n<p>Mikinu mo\u017eno pra\u0165 na 30\u00b0C, nepou\u017e\u00edvajte bielidl\u00e1 ani chemick\u00e9 \u010distenie.<\/p>\n<p>Modelka na obr\u00e1zku je vysok\u00e1 179 cm, v\u00e1\u017ei 56 kg a p\u00f3zuje vo ve\u013ekosti S.<\/p>\n","protected":false},"excerpt":{"rendered":"<p>B\u00e9\u017eov\u00e1 \u0161portov\u00e1 mikina pri\u013eahl\u00e1 po tele s vrchn\u00fdm korzetov\u00fdm strihom. Tento model opticky zmen\u0161uje p\u00e1s, l\u00e1tka je ve\u013emi kvalitn\u00e1, m\u00e4kk\u00e1 a pru\u017en\u00e1, perfektne stoj\u00ed a dod\u00e1va kr\u00e1sne, \u017eensk\u00e9 krivky. Model m\u00e1 vy\u0161\u0161\u00ed golier, zap\u00edna sa na predn\u00fd zips s vytla\u010den\u00fdm logom, ruk\u00e1vy maj\u00fa otvory na palce. Spodn\u00e1 \u010das\u0165 mikiny m\u00e1 hlbok\u00e9 bo\u010dn\u00e9 vreck\u00e1, ktor\u00e9 sa [&hellip;]<\/p>\n","protected":false},"featured_media":104842,"comment_status":"open","ping_status":"closed","template":"","meta":[],"product_brand":[],"product_cat":[925],"product_tag":[],"class_list":{"0":"post-105264","1":"product","2":"type-product","3":"status-publish","4":"has-post-thumbnail","6":"product_cat-damske-bundy-sk","7":"pa_cviat-bezove-sk","8":"pa_razmer-l-sk","9":"pa_razmer-m-sk-2","10":"pa_razmer-s-sk-2","11":"inventories-world","12":"inventories-uk","14":"first","15":"instock","16":"taxable","17":"shipping-taxable","18":"purchasable","19":"product-type-variable"},"_links":{"self":[{"href":"https:\/\/staging6.peach-pump.com\/sk\/wp-json\/wp\/v2\/product\/105264","targetHints":{"allow":["GET"]}}],"collection":[{"href":"https:\/\/staging6.peach-pump.com\/sk\/wp-json\/wp\/v2\/product"}],"about":[{"href":"https:\/\/staging6.peach-pump.com\/sk\/wp-json\/wp\/v2\/types\/product"}],"replies":[{"embeddable":true,"href":"https:\/\/staging6.peach-pump.com\/sk\/wp-json\/wp\/v2\/comments?post=105264"}],"version-history":[{"count":0,"href":"https:\/\/staging6.peach-pump.com\/sk\/wp-json\/wp\/v2\/product\/105264\/revisions"}],"wp:featuredmedia":[{"embeddable":true,"href":"https:\/\/staging6.peach-pump.com\/sk\/wp-json\/wp\/v2\/media\/104842"}],"wp:attachment":[{"href":"https:\/\/staging6.peach-pump.com\/sk\/wp-json\/wp\/v2\/media?parent=105264"}],"wp:term":[{"taxonomy":"product_brand","embeddable":true,"href":"https:\/\/staging6.peach-pump.com\/sk\/wp-json\/wp\/v2\/product_brand?post=105264"},{"taxonomy":"product_cat","embeddable":true,"href":"https:\/\/staging6.peach-pump.com\/sk\/wp-json\/wp\/v2\/product_cat?post=105264"},{"taxonomy":"product_tag","embeddable":true,"href":"https:\/\/staging6.peach-pump.com\/sk\/wp-json\/wp\/v2\/product_tag?post=105264"}],"curies":[{"name":"wp","href":"https:\/\/api.w.org\/{rel}","templated":true}]}}