{"id":110748,"date":"2025-03-29T11:35:04","date_gmt":"2025-03-29T09:35:04","guid":{"rendered":"https:\/\/staging6.peach-pump.com\/products\/%d1%87%d0%b5%d1%80%d0%bd%d0%be-%d1%81%d0%bf%d0%be%d1%80%d1%82%d0%bd%d0%be-%d1%8f%d0%ba%d0%b5-%d0%bf%d0%be-%d1%82%d1%8f%d0%bb%d0%be%d1%82%d0%be-%d1%81-%d0%ba%d0%b0%d1%87%d1%83%d0%bb%d0%ba%d0%b0\/"},"modified":"2025-11-09T14:08:37","modified_gmt":"2025-11-09T12:08:37","slug":"cierna-sportova-mikina-s-kapucnou","status":"publish","type":"product","link":"https:\/\/staging6.peach-pump.com\/sk\/products\/cierna-sportova-mikina-s-kapucnou\/","title":{"rendered":"\u010cierna \u0161portov\u00e1 mikina s kapuc\u0148ou"},"content":{"rendered":"<p>\u010cierna \u0161portov\u00e1 mikina s kapuc\u0148ou a dvoma diskr\u00e9tnymi bo\u010dn\u00fdmi vreckami na zips. M\u00e1 strih zv\u00fdraz\u0148uj\u00faci p\u00e1s, zap\u00ednanie na zips, n\u00e1pis &#8220;Peach Pump&#8221; po celej d\u013a\u017eke a bo\u010dn\u00e9 vreck\u00e1, ktor\u00e9 sa zap\u00ednaj\u00fa na zips a s\u00fa dostato\u010dne hlbok\u00e9 na ulo\u017eenie telef\u00f3nu alebo kabelky. Mikina m\u00e1 kapuc\u0148u, ktor\u00e1 sa d\u00e1 vpredu stiahnu\u0165 viazan\u00edm. Model m\u00e1 ruk\u00e1vy s otvormi na palce a vy\u0161\u00edvan\u00e9 3D logo &#8220;Peach Pump&#8221; na ramene. Tkanina je pr\u00edjemn\u00e1 na dotyk, nezadr\u017eiava vlhkos\u0165 v tele, tak\u017ee mikina je ide\u00e1lna na beh, silov\u00fd alebo anaer\u00f3bny tr\u00e9ning a prech\u00e1dzku v parku.    <\/p>\n<ul>\n<li>Strih pri\u013eahl\u00fd po tele<\/li>\n<li>Kapuc\u0148a s viazan\u00edm<\/li>\n<li>Ruk\u00e1vy s otvormi na palce<\/li>\n<li>Predn\u00fd zips s n\u00e1pisom &#8220;Peach Pump&#8221; po celej d\u013a\u017eke<\/li>\n<li>Dve bo\u010dn\u00e9 vreck\u00e1 so zipsom<\/li>\n<li>Vy\u0161\u00edvan\u00e9 3D logo &#8220;Peach Pump&#8221; na ramene<\/li>\n<li>Tkanina nezadr\u017eiava vlhkos\u0165 v tele<\/li>\n<\/ul>\n<p>Zlo\u017eenie:<\/p>\n<p>Mikinu mo\u017eno pra\u0165 na 30\u00b0C, nepou\u017e\u00edvajte bielidl\u00e1 ani chemick\u00e9 \u010distenie.<\/p>\n<p>Modelka na fotografii je vysok\u00e1 178 cm, v\u00e1\u017ei 58 kg a p\u00f3zuje vo ve\u013ekosti S.<\/p>\n","protected":false},"excerpt":{"rendered":"<p>\u010cierna \u0161portov\u00e1 mikina s kapuc\u0148ou a dvoma diskr\u00e9tnymi bo\u010dn\u00fdmi vreckami na zips. M\u00e1 strih zv\u00fdraz\u0148uj\u00faci p\u00e1s, zap\u00ednanie na zips, n\u00e1pis &#8220;Peach Pump&#8221; po celej d\u013a\u017eke a bo\u010dn\u00e9 vreck\u00e1, ktor\u00e9 sa zap\u00ednaj\u00fa na zips a s\u00fa dostato\u010dne hlbok\u00e9 na ulo\u017eenie telef\u00f3nu alebo kabelky. Mikina m\u00e1 kapuc\u0148u, ktor\u00e1 sa d\u00e1 vpredu stiahnu\u0165 viazan\u00edm. Model m\u00e1 ruk\u00e1vy s [&hellip;]<\/p>\n","protected":false},"featured_media":110416,"comment_status":"open","ping_status":"closed","template":"","meta":[],"product_brand":[],"product_cat":[925,1121],"product_tag":[],"class_list":{"0":"post-110748","1":"product","2":"type-product","3":"status-publish","4":"has-post-thumbnail","6":"product_cat-damske-bundy-sk","7":"product_cat-damske-mikiny-a-hoodies","8":"pa_cviat-cierne","9":"pa_razmer-l-sk","10":"pa_razmer-m-sk-2","11":"pa_razmer-s-sk-2","12":"inventories-world","13":"inventories-uk","15":"first","16":"instock","17":"taxable","18":"shipping-taxable","19":"purchasable","20":"product-type-variable"},"_links":{"self":[{"href":"https:\/\/staging6.peach-pump.com\/sk\/wp-json\/wp\/v2\/product\/110748","targetHints":{"allow":["GET"]}}],"collection":[{"href":"https:\/\/staging6.peach-pump.com\/sk\/wp-json\/wp\/v2\/product"}],"about":[{"href":"https:\/\/staging6.peach-pump.com\/sk\/wp-json\/wp\/v2\/types\/product"}],"replies":[{"embeddable":true,"href":"https:\/\/staging6.peach-pump.com\/sk\/wp-json\/wp\/v2\/comments?post=110748"}],"version-history":[{"count":0,"href":"https:\/\/staging6.peach-pump.com\/sk\/wp-json\/wp\/v2\/product\/110748\/revisions"}],"wp:featuredmedia":[{"embeddable":true,"href":"https:\/\/staging6.peach-pump.com\/sk\/wp-json\/wp\/v2\/media\/110416"}],"wp:attachment":[{"href":"https:\/\/staging6.peach-pump.com\/sk\/wp-json\/wp\/v2\/media?parent=110748"}],"wp:term":[{"taxonomy":"product_brand","embeddable":true,"href":"https:\/\/staging6.peach-pump.com\/sk\/wp-json\/wp\/v2\/product_brand?post=110748"},{"taxonomy":"product_cat","embeddable":true,"href":"https:\/\/staging6.peach-pump.com\/sk\/wp-json\/wp\/v2\/product_cat?post=110748"},{"taxonomy":"product_tag","embeddable":true,"href":"https:\/\/staging6.peach-pump.com\/sk\/wp-json\/wp\/v2\/product_tag?post=110748"}],"curies":[{"name":"wp","href":"https:\/\/api.w.org\/{rel}","templated":true}]}}