{"id":110758,"date":"2025-03-29T12:00:54","date_gmt":"2025-03-29T10:00:54","guid":{"rendered":"https:\/\/staging6.peach-pump.com\/products\/%d1%87%d0%b5%d1%80%d0%b5%d0%bd-%d1%81%d1%83%d0%b8%d1%82%d1%87%d1%8a%d1%80-%d1%81-%d1%86%d0%b8%d0%bf-%d1%81-%d0%bd%d0%b0%d0%b4%d0%bf%d0%b8%d1%81%d0%b8-peach-pump\/"},"modified":"2025-11-10T15:44:40","modified_gmt":"2025-11-10T13:44:40","slug":"cierna-mikina-zips-s-napismi","status":"publish","type":"product","link":"https:\/\/staging6.peach-pump.com\/sk\/products\/cierna-mikina-zips-s-napismi\/","title":{"rendered":"\u010cierna mikina na zips s n\u00e1pisom Peach Pump"},"content":{"rendered":"<p>\u010cierna mikina na zips s n\u00e1pisom &#8220;Peach Pump&#8221; po celej d\u013a\u017eke. M\u00e1 vysok\u00fd golier , ruk\u00e1vy s otvormi na palce , klokanie predn\u00e9 vrecko a 3D potla\u010d loga &#8220;Peach Pump&#8221; na ramene. Strih je vo\u013en\u00fd , m\u00e1 elastick\u00fd p\u00e1s. Mikina je vyroben\u00e1 z priedu\u0161nej tkaniny , ktor\u00e1 nezadr\u017eiava vlhkos\u0165 v tele , vhodn\u00e1 na beh , silov\u00fd a anaer\u00f3bny tr\u00e9ning na prech\u00e1dzku alebo do parku. D\u00e1 sa skombinova\u0165 s leg\u00ednami a \u010diapkou, \u010d\u00edm dokonale dotvor\u00edte svoj outfit Peach Pump.    <\/p>\n<ul>\n<li>Vysok\u00fd golier na zips s n\u00e1pisom &#8220;Peach Pump&#8221; po celej d\u013a\u017eke<\/li>\n<li>Vo\u013en\u00fd strih<\/li>\n<li>Gumi\u010dka s u\u0165ahovan\u00edm v p\u00e1se<\/li>\n<li>Predn\u00e9 vrecko<\/li>\n<li>Ruk\u00e1vy s otvormi na palce<\/li>\n<li>3D vy\u0161\u00edvan\u00e9 logo &#8220;Peach Pump&#8221; na ramene<\/li>\n<li>Tkanina, ktor\u00e1 nezadr\u017eiava vlhkos\u0165 v tele<\/li>\n<\/ul>\n<p>Zlo\u017eenie: 74% bavlna \/ 20% polyester \/ 6% elastan<\/p>\n<p>&nbsp;<\/p>\n<p>Mikinu je mo\u017en\u00e9 pra\u0165 pri teplote do 30 stup\u0148ov, nepou\u017e\u00edvajte bielidl\u00e1 ani chemick\u00e9 \u010distenie.<\/p>\n<p>Modelka na obr\u00e1zku je vysok\u00e1 170 cm, v\u00e1\u017ei 49 kg a p\u00f3zuje vo ve\u013ekosti S.<\/p>\n","protected":false},"excerpt":{"rendered":"<p>\u010cierna mikina na zips s n\u00e1pisom &#8220;Peach Pump&#8221; po celej d\u013a\u017eke. M\u00e1 vysok\u00fd golier , ruk\u00e1vy s otvormi na palce , klokanie predn\u00e9 vrecko a 3D potla\u010d loga &#8220;Peach Pump&#8221; na ramene. Strih je vo\u013en\u00fd , m\u00e1 elastick\u00fd p\u00e1s. Mikina je vyroben\u00e1 z priedu\u0161nej tkaniny , ktor\u00e1 nezadr\u017eiava vlhkos\u0165 v tele , vhodn\u00e1 na beh [&hellip;]<\/p>\n","protected":false},"featured_media":110434,"comment_status":"open","ping_status":"closed","template":"","meta":[],"product_brand":[],"product_cat":[370,1121],"product_tag":[],"class_list":{"0":"post-110758","1":"product","2":"type-product","3":"status-publish","4":"has-post-thumbnail","6":"product_cat-damske-sportove-bluzky","7":"product_cat-damske-mikiny-a-hoodies","8":"pa_cviat-cierne","9":"pa_razmer-l-sk","10":"pa_razmer-m-sk-2","11":"pa_razmer-s-sk-2","12":"inventories-world","13":"inventories-uk","15":"first","16":"instock","17":"taxable","18":"shipping-taxable","19":"purchasable","20":"product-type-variable"},"_links":{"self":[{"href":"https:\/\/staging6.peach-pump.com\/sk\/wp-json\/wp\/v2\/product\/110758","targetHints":{"allow":["GET"]}}],"collection":[{"href":"https:\/\/staging6.peach-pump.com\/sk\/wp-json\/wp\/v2\/product"}],"about":[{"href":"https:\/\/staging6.peach-pump.com\/sk\/wp-json\/wp\/v2\/types\/product"}],"replies":[{"embeddable":true,"href":"https:\/\/staging6.peach-pump.com\/sk\/wp-json\/wp\/v2\/comments?post=110758"}],"version-history":[{"count":0,"href":"https:\/\/staging6.peach-pump.com\/sk\/wp-json\/wp\/v2\/product\/110758\/revisions"}],"wp:featuredmedia":[{"embeddable":true,"href":"https:\/\/staging6.peach-pump.com\/sk\/wp-json\/wp\/v2\/media\/110434"}],"wp:attachment":[{"href":"https:\/\/staging6.peach-pump.com\/sk\/wp-json\/wp\/v2\/media?parent=110758"}],"wp:term":[{"taxonomy":"product_brand","embeddable":true,"href":"https:\/\/staging6.peach-pump.com\/sk\/wp-json\/wp\/v2\/product_brand?post=110758"},{"taxonomy":"product_cat","embeddable":true,"href":"https:\/\/staging6.peach-pump.com\/sk\/wp-json\/wp\/v2\/product_cat?post=110758"},{"taxonomy":"product_tag","embeddable":true,"href":"https:\/\/staging6.peach-pump.com\/sk\/wp-json\/wp\/v2\/product_tag?post=110758"}],"curies":[{"name":"wp","href":"https:\/\/api.w.org\/{rel}","templated":true}]}}