{"id":113565,"date":"2025-04-21T11:47:28","date_gmt":"2025-04-21T09:47:28","guid":{"rendered":"https:\/\/staging6.peach-pump.com\/products\/vykrojene-cierne-tielko-s-vypchavkami\/"},"modified":"2025-11-02T20:29:28","modified_gmt":"2025-11-02T18:29:28","slug":"vykrojene-cierne-tielko-s-vypchavkami","status":"publish","type":"product","link":"https:\/\/staging6.peach-pump.com\/sk\/products\/vykrojene-cierne-tielko-s-vypchavkami\/","title":{"rendered":"Vykrojen\u00e9 \u010dierne tielko s vypch\u00e1vkami"},"content":{"rendered":"<p>Vykrojen\u00e9 d\u00e1mske \u010dierne tielko s odn\u00edmate\u013en\u00fdmi vypch\u00e1vkami. Tkanina modelu je vyroben\u00e1 z ripstopovej tkaniny s jemnou pod\u0161\u00edvkou a m\u00e1 modern\u00fd dizajn, vykrojen\u00e9 v prednej a zadnej \u010dasti. Hod\u00ed sa na tr\u00e9ning alebo na vo\u013en\u00fd \u010das, poskytuje \u00fapln\u00fa vo\u013enos\u0165 pohybu a sexy vzh\u013ead. K dispoz\u00edcii v dvoch farb\u00e1ch bielej a \u010diernej.   <\/p>\n<ul>\n<li>Vypch\u00e1vky so zdv\u00edhac\u00edm efektom<\/li>\n<li>Ripstopov\u00e1 tkanina pri\u013eahl\u00e1 po tele<\/li>\n<li>Vn\u00fatorn\u00e1 pod\u0161\u00edvka<\/li>\n<li>Vykrojen\u00e9 vpredu a vzadu<\/li>\n<li>Tepelne vytla\u010den\u00e9 logo &#8220;Peach Pump&#8221;<\/li>\n<\/ul>\n<p>Zlo\u017eenie: 80% polyester, 20% spandex<\/p>\n<p>Podprsenku je mo\u017en\u00e9 pra\u0165 pri teplote do 30\u00b0C. Nepou\u017e\u00edva\u0165 bielenie alebo chemick\u00e9 \u010distenie.<\/p>\n<p>Modelka na fotografii je vysok\u00e1 167 cm, v\u00e1\u017ei 50 kg a p\u00f3zuje vo ve\u013ekosti M.<\/p>\n<p>Na v\u00fdber presnej ve\u013ekosti pou\u017eite tabu\u013eky.<\/p>\n","protected":false},"excerpt":{"rendered":"<p>Vykrojen\u00e9 d\u00e1mske \u010dierne tielko s odn\u00edmate\u013en\u00fdmi vypch\u00e1vkami. Tkanina modelu je vyroben\u00e1 z ripstopovej tkaniny s jemnou pod\u0161\u00edvkou a m\u00e1 modern\u00fd dizajn, vykrojen\u00e9 v prednej a zadnej \u010dasti. Hod\u00ed sa na tr\u00e9ning alebo na vo\u013en\u00fd \u010das, poskytuje \u00fapln\u00fa vo\u013enos\u0165 pohybu a sexy vzh\u013ead. K dispoz\u00edcii v dvoch farb\u00e1ch bielej a \u010diernej. Vypch\u00e1vky so zdv\u00edhac\u00edm efektom Ripstopov\u00e1 [&hellip;]<\/p>\n","protected":false},"featured_media":112679,"comment_status":"open","ping_status":"closed","template":"","meta":[],"product_brand":[],"product_cat":[371],"product_tag":[],"class_list":{"0":"post-113565","1":"product","2":"type-product","3":"status-publish","4":"has-post-thumbnail","6":"product_cat-damske-sportovni-podprsenky","7":"pa_cviat-cierne","8":"pa_razmer-l-sk","9":"pa_razmer-m-sk-2","10":"pa_razmer-s-sk-2","11":"inventories-world","13":"first","14":"instock","15":"sale","16":"taxable","17":"shipping-taxable","18":"purchasable","19":"product-type-variable"},"_links":{"self":[{"href":"https:\/\/staging6.peach-pump.com\/sk\/wp-json\/wp\/v2\/product\/113565","targetHints":{"allow":["GET"]}}],"collection":[{"href":"https:\/\/staging6.peach-pump.com\/sk\/wp-json\/wp\/v2\/product"}],"about":[{"href":"https:\/\/staging6.peach-pump.com\/sk\/wp-json\/wp\/v2\/types\/product"}],"replies":[{"embeddable":true,"href":"https:\/\/staging6.peach-pump.com\/sk\/wp-json\/wp\/v2\/comments?post=113565"}],"version-history":[{"count":0,"href":"https:\/\/staging6.peach-pump.com\/sk\/wp-json\/wp\/v2\/product\/113565\/revisions"}],"wp:featuredmedia":[{"embeddable":true,"href":"https:\/\/staging6.peach-pump.com\/sk\/wp-json\/wp\/v2\/media\/112679"}],"wp:attachment":[{"href":"https:\/\/staging6.peach-pump.com\/sk\/wp-json\/wp\/v2\/media?parent=113565"}],"wp:term":[{"taxonomy":"product_brand","embeddable":true,"href":"https:\/\/staging6.peach-pump.com\/sk\/wp-json\/wp\/v2\/product_brand?post=113565"},{"taxonomy":"product_cat","embeddable":true,"href":"https:\/\/staging6.peach-pump.com\/sk\/wp-json\/wp\/v2\/product_cat?post=113565"},{"taxonomy":"product_tag","embeddable":true,"href":"https:\/\/staging6.peach-pump.com\/sk\/wp-json\/wp\/v2\/product_tag?post=113565"}],"curies":[{"name":"wp","href":"https:\/\/api.w.org\/{rel}","templated":true}]}}