{"id":115382,"date":"2025-05-09T12:51:43","date_gmt":"2025-05-09T10:51:43","guid":{"rendered":"https:\/\/staging6.peach-pump.com\/products\/kratke-cierne-leginy-s-vreckami-a-tvarovacim-efektom\/"},"modified":"2025-11-01T22:35:28","modified_gmt":"2025-11-01T20:35:28","slug":"kratke-cierne-leginy-s-vreckami-a-tvarovacim-efektom","status":"publish","type":"product","link":"https:\/\/staging6.peach-pump.com\/sk\/products\/kratke-cierne-leginy-s-vreckami-a-tvarovacim-efektom\/","title":{"rendered":"Kr\u00e1tke \u010dierne leg\u00edny s vreckami a tvarovac\u00edm efektom"},"content":{"rendered":"<p>Kr\u00e1tke \u010dierne leg\u00edny s vreckami a tvaruj\u00facim efektom. Tento model d\u00e1mskych leg\u00edn je vyroben\u00fd z elastickej, na dotyk jemnej tkaniny s elastick\u00fdm \u0161vom v zadnej \u010dasti typu &#8220;nevidite\u013en\u00fd scrunch&#8221;, ktor\u00fd dokonale tvaruje telo, m\u00e1 dve bo\u010dn\u00e9 vreck\u00e1, vhodn\u00e9 na telef\u00f3n alebo fitnes kartu a poskytuj\u00fa pohodlie po\u010das cvi\u010denia. Leg\u00edny s\u00fa vyroben\u00e9 z bez\u0161vovej tkaniny, s\u00fa mimoriadne odoln\u00e9, nezadr\u017eiavaj\u00fa vlhkos\u0165 v tele, nadvihuj\u00fa, tvaruj\u00fa a s\u0165ahuj\u00fa. \u0160irok\u00fd opasok jemne zovrie p\u00e1s a vymodeluje siluetu. Zaru\u010dene najpohodlnej\u0161ie leg\u00edny, v ktor\u00fdch sa budete c\u00edti\u0165 pr\u00edjemne pri akomko\u013evek \u0161porte. K dispoz\u00edcii s\u00fa vo viacer\u00fdch farb\u00e1ch a dokonale sa hodia k podprsenke v rovnakej farbe alebo k na\u0161im ostatn\u00fdm modelom bl\u00fazok a mik\u00edn.     <\/p>\n<ul>\n<li>Vysok\u00fd p\u00e1s<\/li>\n<li>Dve bo\u010dn\u00e9 vreck\u00e1<\/li>\n<li>Bez\u0161vov\u00e1 tkanina<\/li>\n<li>Zdv\u00edha, tvaruje a spev\u0148uje<\/li>\n<li>Skr\u00fdva problematick\u00e9 oblasti<\/li>\n<li>Brosky\u0148ov\u00fd efekt typu &#8220;nevidite\u013en\u00fd nevidite\u013en\u00fd scrunch&#8221;<\/li>\n<li>Tepelne vytla\u010den\u00e9 Peach Pump logo na zadnej strane leg\u00edn<\/li>\n<li>Tepelne vytla\u010den\u00e9 logo Peach Pump na prednej strane leg\u00ednov\u00e9ho vrecka<\/li>\n<li>Bez\u0161vov\u00e1 tkanina, ktor\u00e1 nezadr\u017eiava vlhkos\u0165 v tele<\/li>\n<\/ul>\n<p>Zlo\u017eenie: 92% nylon; 8% spandex<\/p>\n<p>Leg\u00edny je mo\u017en\u00e9 pra\u0165 pri teplote do 30 stup\u0148ov, nepou\u017e\u00edvajte bielidl\u00e1 ani chemick\u00e9 \u010distenie.<\/p>\n<p>Modelka na obr\u00e1zku je vysok\u00e1 168 cm a v\u00e1\u017ei 51 kg. a p\u00f3zuje vo ve\u013ekosti S.<\/p>\n<p>Na v\u00fdber presnej ve\u013ekosti pou\u017eite tabu\u013eky.<\/p>\n","protected":false},"excerpt":{"rendered":"<p>Kr\u00e1tke \u010dierne leg\u00edny s vreckami a tvaruj\u00facim efektom. Tento model d\u00e1mskych leg\u00edn je vyroben\u00fd z elastickej, na dotyk jemnej tkaniny s elastick\u00fdm \u0161vom v zadnej \u010dasti typu &#8220;nevidite\u013en\u00fd scrunch&#8221;, ktor\u00fd dokonale tvaruje telo, m\u00e1 dve bo\u010dn\u00e9 vreck\u00e1, vhodn\u00e9 na telef\u00f3n alebo fitnes kartu a poskytuj\u00fa pohodlie po\u010das cvi\u010denia. Leg\u00edny s\u00fa vyroben\u00e9 z bez\u0161vovej tkaniny, s\u00fa [&hellip;]<\/p>\n","protected":false},"featured_media":114216,"comment_status":"open","ping_status":"closed","template":"","meta":[],"product_brand":[],"product_cat":[203,148,188],"product_tag":[],"class_list":{"0":"post-115382","1":"product","2":"type-product","3":"status-publish","4":"has-post-thumbnail","6":"product_cat-kratke-leginy-sk","7":"product_cat-damske-sportove-leginy","8":"product_cat-leginy-s-vreckami","9":"pa_cviat-cierne","10":"pa_razmer-l-sk","11":"pa_razmer-m-sk-2","12":"pa_razmer-s-sk-2","13":"inventories-world","15":"first","16":"instock","17":"taxable","18":"shipping-taxable","19":"purchasable","20":"product-type-variable"},"_links":{"self":[{"href":"https:\/\/staging6.peach-pump.com\/en\/wp-json\/wp\/v2\/product\/115382","targetHints":{"allow":["GET"]}}],"collection":[{"href":"https:\/\/staging6.peach-pump.com\/en\/wp-json\/wp\/v2\/product"}],"about":[{"href":"https:\/\/staging6.peach-pump.com\/en\/wp-json\/wp\/v2\/types\/product"}],"replies":[{"embeddable":true,"href":"https:\/\/staging6.peach-pump.com\/en\/wp-json\/wp\/v2\/comments?post=115382"}],"version-history":[{"count":0,"href":"https:\/\/staging6.peach-pump.com\/en\/wp-json\/wp\/v2\/product\/115382\/revisions"}],"wp:featuredmedia":[{"embeddable":true,"href":"https:\/\/staging6.peach-pump.com\/en\/wp-json\/wp\/v2\/media\/114216"}],"wp:attachment":[{"href":"https:\/\/staging6.peach-pump.com\/en\/wp-json\/wp\/v2\/media?parent=115382"}],"wp:term":[{"taxonomy":"product_brand","embeddable":true,"href":"https:\/\/staging6.peach-pump.com\/en\/wp-json\/wp\/v2\/product_brand?post=115382"},{"taxonomy":"product_cat","embeddable":true,"href":"https:\/\/staging6.peach-pump.com\/en\/wp-json\/wp\/v2\/product_cat?post=115382"},{"taxonomy":"product_tag","embeddable":true,"href":"https:\/\/staging6.peach-pump.com\/en\/wp-json\/wp\/v2\/product_tag?post=115382"}],"curies":[{"name":"wp","href":"https:\/\/api.w.org\/{rel}","templated":true}]}}