{"id":115440,"date":"2025-05-09T14:06:00","date_gmt":"2025-05-09T12:06:00","guid":{"rendered":"https:\/\/staging6.peach-pump.com\/products\/kratke-biele-sportove-saty-s-leginami\/"},"modified":"2025-11-01T16:22:17","modified_gmt":"2025-11-01T14:22:17","slug":"kratke-biele-sportove-saty-s-leginami","status":"publish","type":"product","link":"https:\/\/staging6.peach-pump.com\/sk\/products\/kratke-biele-sportove-saty-s-leginami\/","title":{"rendered":"Kr\u00e1tke biele \u0161portov\u00e9 \u0161aty s leg\u00ednami"},"content":{"rendered":"<p>Kr\u00e1tke biele \u0161portov\u00e9 \u0161aty s leg\u00ednami a \u010diernym lemovan\u00edm na okrajoch. Model m\u00e1 vypch\u00e1vky so zdv\u00edhac\u00edm efektom, ktor\u00e9 sa daj\u00fa odstr\u00e1ni\u0165. \u0160aty maj\u00fa v p\u00e1se vykrojen\u00e9 detaily, ktor\u00e9 ich opticky zmen\u0161uj\u00fa a dod\u00e1vaj\u00fa siluetu pres\u00fdpac\u00edch hod\u00edn. \u0160aty s\u00fa krat\u0161\u00edm modelom, ale v spodnej \u010dasti maj\u00fa leg\u00edny, ktor\u00e9 v\u00e1m poskytn\u00fa \u00fapln\u00fa vo\u013enos\u0165 pohybu. Model je vhodn\u00fd na tenis, do posil\u0148ovne alebo na prech\u00e1dzku v parku, s n\u00edm nem\u00f4\u017eete zosta\u0165 bez pov\u0161imnutia.    <\/p>\n<ul>\n<li>Kr\u00e1tky model<\/li>\n<li>Spodn\u00e9 leg\u00edny<\/li>\n<li>Vypch\u00e1vky so zdv\u00edhac\u00edm efektom<\/li>\n<li>\u010ciasto\u010dn\u00e9 \u010dierne lemovanie<\/li>\n<li>Elastick\u00e1 tkanina<\/li>\n<li>Tepelne vytla\u010den\u00e9 logo &#8220;Peach Pump&#8221; na zadnej strane<\/li>\n<li>Tepelne vytla\u010den\u00e9 logo &#8220;Peach Pump&#8221; v prednej \u010dasti \u0161iat pod prsiami<\/li>\n<li>Otvory v p\u00e1se<\/li>\n<li>Tkanina, ktor\u00e1 odv\u00e1dza vlhkos\u0165 od tela<\/li>\n<\/ul>\n<p>Zlo\u017eenie: 92% nylon; 8% spandex<\/p>\n<p>\u0160aty je mo\u017en\u00e9 pra\u0165 pri 30 stup\u0148ov, nepou\u017e\u00edvajte bielidl\u00e1 ani chemick\u00e9 \u010distenie.<\/p>\n<p>Modelka na obr\u00e1zku je vysok\u00e1 168 cm, v\u00e1\u017ei 51 kg a p\u00f3zuje vo ve\u013ekosti S.<\/p>\n<p>Na v\u00fdber presnej ve\u013ekosti pou\u017eite tabu\u013eky.<\/p>\n","protected":false},"excerpt":{"rendered":"<p>Kr\u00e1tke biele \u0161portov\u00e9 \u0161aty s leg\u00ednami a \u010diernym lemovan\u00edm na okrajoch. Model m\u00e1 vypch\u00e1vky so zdv\u00edhac\u00edm efektom, ktor\u00e9 sa daj\u00fa odstr\u00e1ni\u0165. \u0160aty maj\u00fa v p\u00e1se vykrojen\u00e9 detaily, ktor\u00e9 ich opticky zmen\u0161uj\u00fa a dod\u00e1vaj\u00fa siluetu pres\u00fdpac\u00edch hod\u00edn. \u0160aty s\u00fa krat\u0161\u00edm modelom, ale v spodnej \u010dasti maj\u00fa leg\u00edny, ktor\u00e9 v\u00e1m poskytn\u00fa \u00fapln\u00fa vo\u013enos\u0165 pohybu. Model je vhodn\u00fd [&hellip;]<\/p>\n","protected":false},"featured_media":114710,"comment_status":"open","ping_status":"closed","template":"","meta":[],"product_brand":[],"product_cat":[373,1129,1179,372],"product_tag":[],"class_list":{"0":"post-115440","1":"product","2":"type-product","3":"status-publish","4":"has-post-thumbnail","6":"product_cat-kratke-leginy-sportove-outfity","7":"product_cat-damske-sportove-overaly","8":"product_cat-sportove-saty-a-sukne","9":"product_cat-sportov-sety","10":"pa_cviat-biely-sk","11":"pa_razmer-m-sk-2","12":"pa_razmer-s-sk-2","13":"inventories-world","15":"first","16":"instock","17":"taxable","18":"shipping-taxable","19":"purchasable","20":"product-type-variable"},"_links":{"self":[{"href":"https:\/\/staging6.peach-pump.com\/sk\/wp-json\/wp\/v2\/product\/115440","targetHints":{"allow":["GET"]}}],"collection":[{"href":"https:\/\/staging6.peach-pump.com\/sk\/wp-json\/wp\/v2\/product"}],"about":[{"href":"https:\/\/staging6.peach-pump.com\/sk\/wp-json\/wp\/v2\/types\/product"}],"replies":[{"embeddable":true,"href":"https:\/\/staging6.peach-pump.com\/sk\/wp-json\/wp\/v2\/comments?post=115440"}],"version-history":[{"count":0,"href":"https:\/\/staging6.peach-pump.com\/sk\/wp-json\/wp\/v2\/product\/115440\/revisions"}],"wp:featuredmedia":[{"embeddable":true,"href":"https:\/\/staging6.peach-pump.com\/sk\/wp-json\/wp\/v2\/media\/114710"}],"wp:attachment":[{"href":"https:\/\/staging6.peach-pump.com\/sk\/wp-json\/wp\/v2\/media?parent=115440"}],"wp:term":[{"taxonomy":"product_brand","embeddable":true,"href":"https:\/\/staging6.peach-pump.com\/sk\/wp-json\/wp\/v2\/product_brand?post=115440"},{"taxonomy":"product_cat","embeddable":true,"href":"https:\/\/staging6.peach-pump.com\/sk\/wp-json\/wp\/v2\/product_cat?post=115440"},{"taxonomy":"product_tag","embeddable":true,"href":"https:\/\/staging6.peach-pump.com\/sk\/wp-json\/wp\/v2\/product_tag?post=115440"}],"curies":[{"name":"wp","href":"https:\/\/api.w.org\/{rel}","templated":true}]}}