{"id":117215,"date":"2025-05-28T14:29:45","date_gmt":"2025-05-28T12:29:45","guid":{"rendered":"https:\/\/staging6.peach-pump.com\/products\/cierna-siltovka-s-ciernym-logom-peach-pump\/"},"modified":"2025-11-09T08:54:29","modified_gmt":"2025-11-09T06:54:29","slug":"cierna-siltovka-s-ciernym-logom-peach-pump","status":"publish","type":"product","link":"https:\/\/staging6.peach-pump.com\/sk\/products\/cierna-siltovka-s-ciernym-logom-peach-pump\/","title":{"rendered":"\u010cierna \u0161iltovka s \u010diernym logom Peach Pump"},"content":{"rendered":"<p>Skombinujte svoje ob\u013e\u00faben\u00e9 leg\u00edny a podprsenku s \u010diernou \u0161iltovkou Peach Pump. V hor\u00facich letn\u00fdch mesiacoch bude dokonal\u00fdm doplnkom v\u00e1\u0161ho vzh\u013eadu a z\u00e1rove\u0148 ochr\u00e1ni va\u0161u tv\u00e1r pred ostr\u00fdm slnkom. \u0160iltovka m\u00e1 efektn\u00fd vy\u0161\u00edvan\u00fd trojrozmern\u00fd dizajn s \u010diernym logom s \u010diernym okrajom a motiva\u010dn\u00fdm \u010diernym n\u00e1pisom: \u201eBlack is my happy colour\u201c. \u0160iltovka je nastavite\u013en\u00e1 s kovov\u00fdm zap\u00ednan\u00edm a \u0161ilt je zakriven\u00fd. Bu\u010fte \u0161t\u00fdlov\u00e1 a odli\u0161n\u00e1 s t\u00fdmto dokonal\u00fdm doplnkom v\u00e1\u0161ho \u0161portov\u00e9ho oble\u010denia.<\/p>\n","protected":false},"excerpt":{"rendered":"<p>Skombinujte svoje ob\u013e\u00faben\u00e9 leg\u00edny a podprsenku s \u010diernou \u0161iltovkou Peach Pump. V hor\u00facich letn\u00fdch mesiacoch bude dokonal\u00fdm doplnkom v\u00e1\u0161ho vzh\u013eadu a z\u00e1rove\u0148 ochr\u00e1ni va\u0161u tv\u00e1r pred ostr\u00fdm slnkom. \u0160iltovka m\u00e1 efektn\u00fd vy\u0161\u00edvan\u00fd trojrozmern\u00fd dizajn s \u010diernym logom s \u010diernym okrajom a motiva\u010dn\u00fdm \u010diernym n\u00e1pisom: \u201eBlack is my happy colour\u201c. \u0160iltovka je nastavite\u013en\u00e1 s kovov\u00fdm zap\u00ednan\u00edm [&hellip;]<\/p>\n","protected":false},"featured_media":116295,"comment_status":"open","ping_status":"closed","template":"","meta":[],"product_brand":[],"product_cat":[782],"product_tag":[],"class_list":{"0":"post-117215","1":"product","2":"type-product","3":"status-publish","4":"has-post-thumbnail","6":"product_cat-doplnky","7":"pa_cviat-cierne","8":"pa_razmer-jedna-velkost","9":"inventories-world","11":"first","12":"instock","13":"taxable","14":"shipping-taxable","15":"purchasable","16":"product-type-variable"},"_links":{"self":[{"href":"https:\/\/staging6.peach-pump.com\/sk\/wp-json\/wp\/v2\/product\/117215","targetHints":{"allow":["GET"]}}],"collection":[{"href":"https:\/\/staging6.peach-pump.com\/sk\/wp-json\/wp\/v2\/product"}],"about":[{"href":"https:\/\/staging6.peach-pump.com\/sk\/wp-json\/wp\/v2\/types\/product"}],"replies":[{"embeddable":true,"href":"https:\/\/staging6.peach-pump.com\/sk\/wp-json\/wp\/v2\/comments?post=117215"}],"version-history":[{"count":0,"href":"https:\/\/staging6.peach-pump.com\/sk\/wp-json\/wp\/v2\/product\/117215\/revisions"}],"wp:featuredmedia":[{"embeddable":true,"href":"https:\/\/staging6.peach-pump.com\/sk\/wp-json\/wp\/v2\/media\/116295"}],"wp:attachment":[{"href":"https:\/\/staging6.peach-pump.com\/sk\/wp-json\/wp\/v2\/media?parent=117215"}],"wp:term":[{"taxonomy":"product_brand","embeddable":true,"href":"https:\/\/staging6.peach-pump.com\/sk\/wp-json\/wp\/v2\/product_brand?post=117215"},{"taxonomy":"product_cat","embeddable":true,"href":"https:\/\/staging6.peach-pump.com\/sk\/wp-json\/wp\/v2\/product_cat?post=117215"},{"taxonomy":"product_tag","embeddable":true,"href":"https:\/\/staging6.peach-pump.com\/sk\/wp-json\/wp\/v2\/product_tag?post=117215"}],"curies":[{"name":"wp","href":"https:\/\/api.w.org\/{rel}","templated":true}]}}