{"id":118452,"date":"2025-06-11T11:15:17","date_gmt":"2025-06-11T09:15:17","guid":{"rendered":"https:\/\/staging6.peach-pump.com\/products\/bezova-kratka-sportova-kombineza\/"},"modified":"2025-11-01T16:02:36","modified_gmt":"2025-11-01T14:02:36","slug":"bezova-kratka-sportova-kombineza","status":"publish","type":"product","link":"https:\/\/staging6.peach-pump.com\/sk\/products\/bezova-kratka-sportova-kombineza\/","title":{"rendered":"B\u00e9\u017eov\u00e1 kr\u00e1tka \u0161portov\u00e1 kombin\u00e9za"},"content":{"rendered":"<p>B\u00e9\u017eov\u00e1 kr\u00e1tka \u0161portov\u00e1 kombin\u00e9za z bez\u0161vovej elastickej tkaniny, ktor\u00e1 dokonale prilieha k telu. Model m\u00e1 nastavite\u013en\u00e9 ramienka v zadnej \u010dasti, vy\u0161\u0161\u00ed p\u00e1s, v zadnej \u010dasti, \u010do poskytuje pohodlie po\u010das cvi\u010denia. S\u00fa v \u0148om vypch\u00e1vky so zdv\u00edhac\u00edm efektom, ktor\u00e9 fixuj\u00fa poprsie a kr\u00e1sne vynikne bez podprsenky. P\u00e1s kombin\u00e9zy je z ripstopovej l\u00e1tky, ktor\u00e1 ho s\u0165ahuje a tvaruje, je vpleten\u00fd n\u00e1pis Peach Pump. Spodn\u00e1 \u010das\u0165 kombin\u00e9zy m\u00e1 brosky\u0148ov\u00fd efekt a dokonale tvaruje. Je k dispoz\u00edcii vo viacer\u00fdch farb\u00e1ch , v trende tejto sez\u00f3ny.     <\/p>\n<ul>\n<li>Bez\u0161vov\u00e1 tkanina<\/li>\n<li>Vtkan\u00fd n\u00e1pis Peach Pump na p\u00e1se<\/li>\n<li>Nastavite\u013en\u00e9 ramienka<\/li>\n<li>Vypch\u00e1vky s Push-Up efektom<\/li>\n<li>Ripstopov\u00fd p\u00e1s, uprav\u00ed a vytvaruje<\/li>\n<li>Peachy efekt<\/li>\n<li>Tepelne vytla\u010den\u00e9 logo Peach Pump na boku a na zadnej strane overalu<\/li>\n<\/ul>\n<p>Zlo\u017eenie: 80% polyester, 20% spandex.<\/p>\n<p>Modelka na obr\u00e1zku je vysok\u00e1 164 cm, v\u00e1\u017ei 52 kg a p\u00f3zuje vo ve\u013ekosti S.<\/p>\n<p>Kombin\u00e9zu je mo\u017en\u00e9 pra\u0165 pri teplote do 30 stup\u0148ov, pros\u00edm, nebie\u013ete ani ne\u010distite chemicky.<\/p>\n<p>Na v\u00fdber presnej ve\u013ekosti pou\u017eite tabu\u013eky.<\/p>\n","protected":false},"excerpt":{"rendered":"<p>B\u00e9\u017eov\u00e1 kr\u00e1tka \u0161portov\u00e1 kombin\u00e9za z bez\u0161vovej elastickej tkaniny, ktor\u00e1 dokonale prilieha k telu. Model m\u00e1 nastavite\u013en\u00e9 ramienka v zadnej \u010dasti, vy\u0161\u0161\u00ed p\u00e1s, v zadnej \u010dasti, \u010do poskytuje pohodlie po\u010das cvi\u010denia. S\u00fa v \u0148om vypch\u00e1vky so zdv\u00edhac\u00edm efektom, ktor\u00e9 fixuj\u00fa poprsie a kr\u00e1sne vynikne bez podprsenky. P\u00e1s kombin\u00e9zy je z ripstopovej l\u00e1tky, ktor\u00e1 ho s\u0165ahuje a [&hellip;]<\/p>\n","protected":false},"featured_media":118336,"comment_status":"open","ping_status":"closed","template":"","meta":[],"product_brand":[],"product_cat":[373,1129],"product_tag":[],"class_list":{"0":"post-118452","1":"product","2":"type-product","3":"status-publish","4":"has-post-thumbnail","6":"product_cat-kratke-leginy-sportove-outfity","7":"product_cat-damske-sportove-overaly","8":"pa_cviat-bezove-sk","9":"pa_razmer-m-sk-2","10":"pa_razmer-s-sk-2","11":"inventories-world","13":"first","14":"instock","15":"taxable","16":"shipping-taxable","17":"purchasable","18":"product-type-variable"},"_links":{"self":[{"href":"https:\/\/staging6.peach-pump.com\/sk\/wp-json\/wp\/v2\/product\/118452","targetHints":{"allow":["GET"]}}],"collection":[{"href":"https:\/\/staging6.peach-pump.com\/sk\/wp-json\/wp\/v2\/product"}],"about":[{"href":"https:\/\/staging6.peach-pump.com\/sk\/wp-json\/wp\/v2\/types\/product"}],"replies":[{"embeddable":true,"href":"https:\/\/staging6.peach-pump.com\/sk\/wp-json\/wp\/v2\/comments?post=118452"}],"version-history":[{"count":0,"href":"https:\/\/staging6.peach-pump.com\/sk\/wp-json\/wp\/v2\/product\/118452\/revisions"}],"wp:featuredmedia":[{"embeddable":true,"href":"https:\/\/staging6.peach-pump.com\/sk\/wp-json\/wp\/v2\/media\/118336"}],"wp:attachment":[{"href":"https:\/\/staging6.peach-pump.com\/sk\/wp-json\/wp\/v2\/media?parent=118452"}],"wp:term":[{"taxonomy":"product_brand","embeddable":true,"href":"https:\/\/staging6.peach-pump.com\/sk\/wp-json\/wp\/v2\/product_brand?post=118452"},{"taxonomy":"product_cat","embeddable":true,"href":"https:\/\/staging6.peach-pump.com\/sk\/wp-json\/wp\/v2\/product_cat?post=118452"},{"taxonomy":"product_tag","embeddable":true,"href":"https:\/\/staging6.peach-pump.com\/sk\/wp-json\/wp\/v2\/product_tag?post=118452"}],"curies":[{"name":"wp","href":"https:\/\/api.w.org\/{rel}","templated":true}]}}