{"id":122289,"date":"2025-06-15T22:11:57","date_gmt":"2025-06-15T20:11:57","guid":{"rendered":"https:\/\/staging6.peach-pump.com\/products\/cierne-damske-sportove-leginy-s-jednoduchym-dizajnom\/"},"modified":"2025-11-01T16:01:58","modified_gmt":"2025-11-01T14:01:58","slug":"cierne-damske-sportove-leginy-s-jednoduchym-dizajnom","status":"publish","type":"product","link":"https:\/\/staging6.peach-pump.com\/sk\/products\/cierne-damske-sportove-leginy-s-jednoduchym-dizajnom\/","title":{"rendered":"\u010cierne d\u00e1mske \u0161portov\u00e9 leg\u00edny s jednoduch\u00fdm dizajnom"},"content":{"rendered":"<p>\u010cierne d\u00e1mske \u0161portov\u00e9 leg\u00edny s jednoduch\u00fdm dizajnom, bez tvaruj\u00faceho efektu. Vzor nem\u00e1 \u0161ev v prednej \u010dasti, \u010do uprednost\u0148uje v\u00e4\u010d\u0161ina d\u00e1m, ale m\u00e1 \u0161ev v zadnej \u010dasti leg\u00edn. Elastick\u00e1 letn\u00e1 l\u00e1tka, ktor\u00e1 tvaruje telo, a \u0161irok\u00fd p\u00e1s, ktor\u00fd zv\u00fdraz\u0148uje p\u00e1s. V prednej a zadnej \u010dasti leg\u00edn je 3D logo. \u0160vy vzoru s\u00fa ploch\u00e9 a nesp\u00f4sobuj\u00fa podr\u00e1\u017edenie. Je vhodn\u00fd na silov\u00fd alebo aer\u00f3bny tr\u00e9ning, nezadr\u017eiava vlhkos\u0165 v tele. Mo\u017eno ich kombinova\u0165 s kr\u00e1tkou bl\u00fazkou v s\u00faprave vyrobenou z rovnakej l\u00e1tky.      <\/p>\n<ul>\n<li>Elastick\u00e1 \u013eahk\u00e1 letn\u00e1 tkanina<\/li>\n<li>Ploch\u00e9 \u0161vy<\/li>\n<li>Bez\u0161vov\u00e9 vpredu<\/li>\n<li>\u0160ev na zadnej strane leg\u00edn<\/li>\n<li>\u0160irok\u00fd opasok zv\u00fdraz\u0148uj\u00faci p\u00e1s<\/li>\n<li>3D logo \u201ePeach Pump\u201c na zadnej a prednej strane leg\u00edn<\/li>\n<li>Tkanina, ktor\u00e1 nezadr\u017eiava vlhkos\u0165 v tele<\/li>\n<\/ul>\n<p>Zlo\u017eenie: spandex a polyester<\/p>\n<p>Leg\u00edny mo\u017eno pra\u0165 pri teplote do 30 stup\u0148ov, pros\u00edm, nebie\u013ete, nesu\u0161te v bubnovej su\u0161i\u010dke ani ne\u010distite chemicky.<\/p>\n<p>Modelka na obr\u00e1zku je vysok\u00e1 178 cm, v\u00e1\u017ei 57 kg a p\u00f3zuje vo ve\u013ekosti M.<\/p>\n<p>Na v\u00fdber presnej ve\u013ekosti pou\u017eite tabu\u013eky<\/p>\n","protected":false},"excerpt":{"rendered":"<p>\u010cierne d\u00e1mske \u0161portov\u00e9 leg\u00edny s jednoduch\u00fdm dizajnom, bez tvaruj\u00faceho efektu. Vzor nem\u00e1 \u0161ev v prednej \u010dasti, \u010do uprednost\u0148uje v\u00e4\u010d\u0161ina d\u00e1m, ale m\u00e1 \u0161ev v zadnej \u010dasti leg\u00edn. Elastick\u00e1 letn\u00e1 l\u00e1tka, ktor\u00e1 tvaruje telo, a \u0161irok\u00fd p\u00e1s, ktor\u00fd zv\u00fdraz\u0148uje p\u00e1s. V prednej a zadnej \u010dasti leg\u00edn je 3D logo. \u0160vy vzoru s\u00fa ploch\u00e9 a nesp\u00f4sobuj\u00fa podr\u00e1\u017edenie. [&hellip;]<\/p>\n","protected":false},"featured_media":118815,"comment_status":"open","ping_status":"closed","template":"","meta":[],"product_brand":[],"product_cat":[313,148],"product_tag":[],"class_list":{"0":"post-122289","1":"product","2":"type-product","3":"status-publish","4":"has-post-thumbnail","6":"product_cat-damske-leginy-dlhe","7":"product_cat-damske-sportove-leginy","8":"pa_cviat-cierne","9":"pa_razmer-l-sk","10":"pa_razmer-m-sk-2","11":"pa_razmer-s-sk-2","12":"inventories-world","14":"first","15":"instock","16":"taxable","17":"shipping-taxable","18":"purchasable","19":"product-type-variable"},"_links":{"self":[{"href":"https:\/\/staging6.peach-pump.com\/sk\/wp-json\/wp\/v2\/product\/122289","targetHints":{"allow":["GET"]}}],"collection":[{"href":"https:\/\/staging6.peach-pump.com\/sk\/wp-json\/wp\/v2\/product"}],"about":[{"href":"https:\/\/staging6.peach-pump.com\/sk\/wp-json\/wp\/v2\/types\/product"}],"replies":[{"embeddable":true,"href":"https:\/\/staging6.peach-pump.com\/sk\/wp-json\/wp\/v2\/comments?post=122289"}],"version-history":[{"count":0,"href":"https:\/\/staging6.peach-pump.com\/sk\/wp-json\/wp\/v2\/product\/122289\/revisions"}],"wp:featuredmedia":[{"embeddable":true,"href":"https:\/\/staging6.peach-pump.com\/sk\/wp-json\/wp\/v2\/media\/118815"}],"wp:attachment":[{"href":"https:\/\/staging6.peach-pump.com\/sk\/wp-json\/wp\/v2\/media?parent=122289"}],"wp:term":[{"taxonomy":"product_brand","embeddable":true,"href":"https:\/\/staging6.peach-pump.com\/sk\/wp-json\/wp\/v2\/product_brand?post=122289"},{"taxonomy":"product_cat","embeddable":true,"href":"https:\/\/staging6.peach-pump.com\/sk\/wp-json\/wp\/v2\/product_cat?post=122289"},{"taxonomy":"product_tag","embeddable":true,"href":"https:\/\/staging6.peach-pump.com\/sk\/wp-json\/wp\/v2\/product_tag?post=122289"}],"curies":[{"name":"wp","href":"https:\/\/api.w.org\/{rel}","templated":true}]}}