{"id":122314,"date":"2025-06-18T18:13:29","date_gmt":"2025-06-18T16:13:29","guid":{"rendered":"https:\/\/staging6.peach-pump.com\/products\/bezove-sportove-leginy-typu-charleston-s-pasom-do-v\/"},"modified":"2025-11-09T19:35:45","modified_gmt":"2025-11-09T17:35:45","slug":"bezove-sportove-leginy-typu-charleston-s-pasom-do-v","status":"publish","type":"product","link":"https:\/\/staging6.peach-pump.com\/sk\/products\/bezove-sportove-leginy-typu-charleston-s-pasom-do-v\/","title":{"rendered":"B\u00e9\u017eov\u00e9 \u0161portov\u00e9 leg\u00edny typu Charleston s p\u00e1som do V"},"content":{"rendered":"<p>B\u00e9\u017eov\u00e9 \u0161portov\u00e9 leg\u00edny typu Charleston s p\u00e1som do V bez tvaruj\u00faceho efektu. Vzor nem\u00e1 vpredu \u0161ev, \u010do uprednost\u0148uje v\u00e4\u010d\u0161ina d\u00e1m, ale m\u00e1 zosilnen\u00fd \u0161ev v zadnej \u010dasti leg\u00edn. Elastick\u00e1 l\u00e1tka, ktor\u00e1 tvaruje telo a \u0161irok\u00fd opasok do V, ktor\u00fd zv\u00fdraz\u0148uje a tvaruje p\u00e1s. Na \u013eavej prednej a zadnej strane leg\u00edn je 3D logo. \u0160vy na leg\u00ednach s\u00fa ploch\u00e9 a nesp\u00f4sobuj\u00fa podr\u00e1\u017edenie. S\u00fa vhodn\u00e9 na silov\u00fd alebo aer\u00f3bny tr\u00e9ning, nezadr\u017eiavaj\u00fa vlhkos\u0165 v tele. \u0160irok\u00e9 nohavice s\u00fa nov\u00fdm hitom v \u0161portovom oble\u010den\u00ed.      <\/p>\n<ul>\n<li>Elastick\u00e1 tkanina<\/li>\n<li>\u0160irok\u00e9 nohavice<\/li>\n<li>Ploch\u00e9 \u0161vy<\/li>\n<li>Bez\u0161vov\u00e9 vpredu<\/li>\n<li>Zosilnen\u00fd \u0161ev na zadnej strane leg\u00edn<\/li>\n<li>\u0160irok\u00fd opasok do V, ktor\u00fd tvaruje p\u00e1s<\/li>\n<li>3D logo &#8220;Peach Pump&#8221; na zadnej a \u013eavej prednej strane leg\u00edn<\/li>\n<li>Tkanina, ktor\u00e1 nezadr\u017eiava vlhkos\u0165 v tele<\/li>\n<\/ul>\n<p>Zlo\u017eenie: spandex a polyester<\/p>\n<p>Leg\u00edny je mo\u017en\u00e9 pra\u0165 pri teplote do 30 stup\u0148ov, pros\u00edm, nebie\u013ete, nesu\u0161te v bubnovej su\u0161i\u010dke ani ne\u010distite chemicky.<\/p>\n<p>Modelka na obr\u00e1zku je vysok\u00e1 166 cm, v\u00e1\u017ei 52 kg a p\u00f3zuje vo ve\u013ekosti S.<\/p>\n<p>Na v\u00fdber presnej ve\u013ekosti pou\u017eite tabu\u013eky.<\/p>\n","protected":false},"excerpt":{"rendered":"<p>B\u00e9\u017eov\u00e9 \u0161portov\u00e9 leg\u00edny typu Charleston s p\u00e1som do V bez tvaruj\u00faceho efektu. Vzor nem\u00e1 vpredu \u0161ev, \u010do uprednost\u0148uje v\u00e4\u010d\u0161ina d\u00e1m, ale m\u00e1 zosilnen\u00fd \u0161ev v zadnej \u010dasti leg\u00edn. Elastick\u00e1 l\u00e1tka, ktor\u00e1 tvaruje telo a \u0161irok\u00fd opasok do V, ktor\u00fd zv\u00fdraz\u0148uje a tvaruje p\u00e1s. Na \u013eavej prednej a zadnej strane leg\u00edn je 3D logo. \u0160vy na [&hellip;]<\/p>\n","protected":false},"featured_media":119926,"comment_status":"open","ping_status":"closed","template":"","meta":[],"product_brand":[],"product_cat":[313,148],"product_tag":[],"class_list":{"0":"post-122314","1":"product","2":"type-product","3":"status-publish","4":"has-post-thumbnail","6":"product_cat-damske-leginy-dlhe","7":"product_cat-damske-sportove-leginy","8":"pa_cviat-bezove-sk","9":"pa_razmer-l-sk","10":"pa_razmer-m-sk-2","11":"pa_razmer-s-sk-2","12":"inventories-world","14":"first","15":"instock","16":"taxable","17":"shipping-taxable","18":"purchasable","19":"product-type-variable"},"_links":{"self":[{"href":"https:\/\/staging6.peach-pump.com\/en\/wp-json\/wp\/v2\/product\/122314","targetHints":{"allow":["GET"]}}],"collection":[{"href":"https:\/\/staging6.peach-pump.com\/en\/wp-json\/wp\/v2\/product"}],"about":[{"href":"https:\/\/staging6.peach-pump.com\/en\/wp-json\/wp\/v2\/types\/product"}],"replies":[{"embeddable":true,"href":"https:\/\/staging6.peach-pump.com\/en\/wp-json\/wp\/v2\/comments?post=122314"}],"version-history":[{"count":0,"href":"https:\/\/staging6.peach-pump.com\/en\/wp-json\/wp\/v2\/product\/122314\/revisions"}],"wp:featuredmedia":[{"embeddable":true,"href":"https:\/\/staging6.peach-pump.com\/en\/wp-json\/wp\/v2\/media\/119926"}],"wp:attachment":[{"href":"https:\/\/staging6.peach-pump.com\/en\/wp-json\/wp\/v2\/media?parent=122314"}],"wp:term":[{"taxonomy":"product_brand","embeddable":true,"href":"https:\/\/staging6.peach-pump.com\/en\/wp-json\/wp\/v2\/product_brand?post=122314"},{"taxonomy":"product_cat","embeddable":true,"href":"https:\/\/staging6.peach-pump.com\/en\/wp-json\/wp\/v2\/product_cat?post=122314"},{"taxonomy":"product_tag","embeddable":true,"href":"https:\/\/staging6.peach-pump.com\/en\/wp-json\/wp\/v2\/product_tag?post=122314"}],"curies":[{"name":"wp","href":"https:\/\/api.w.org\/{rel}","templated":true}]}}