{"id":122318,"date":"2025-06-18T17:59:09","date_gmt":"2025-06-18T15:59:09","guid":{"rendered":"https:\/\/staging6.peach-pump.com\/products\/ruzova-sportova-podprsenka-s-vypchavkami-bez-ramienok\/"},"modified":"2025-11-01T15:50:47","modified_gmt":"2025-11-01T13:50:47","slug":"ruzova-sportova-podprsenka-s-vypchavkami-bez-ramienok","status":"publish","type":"product","link":"https:\/\/staging6.peach-pump.com\/sk\/products\/ruzova-sportova-podprsenka-s-vypchavkami-bez-ramienok\/","title":{"rendered":"Ru\u017eov\u00e1 \u0161portov\u00e1 podprsenka s vypch\u00e1vkami bez ramienok"},"content":{"rendered":"<p>Ru\u017eov\u00e1 \u0161portov\u00e1 podprsenka bez ramienok so zdv\u00edhac\u00edmi vypch\u00e1vkami, ktor\u00e9 sa daj\u00fa vybra\u0165. Vzor je vhodn\u00fd na leto, m\u00f4\u017eete sa opa\u013eova\u0165 aj po\u010das behu a po ramienkach nezostan\u00fa \u017eiadne medzery. V spodnej \u010dasti je podprsenka elastick\u00e1, tak\u017ee poprsie zost\u00e1va stabiln\u00e9 a vy m\u00e1te \u00fapln\u00fa vo\u013enos\u0165 pohybu. D\u00e1 sa skombinova\u0165 s kr\u00e1tkymi alebo dlh\u00fdmi leg\u00ednami v rovnakej farbe, ktor\u00e9 dokonale dotvoria v\u00e1\u0161 letn\u00fd \u0161portov\u00fd vzh\u013ead.   <\/p>\n<ul>\n<li>Vypch\u00e1vky so zdv\u00edhac\u00edm efektom<\/li>\n<li>Gumi\u010dka v spodnej \u010dasti<\/li>\n<li>Tepelne vytla\u010den\u00e9 logo &#8220;Peach Pump&#8221; na \u013eavej strane podprsenky<\/li>\n<li>Tkanina, ktor\u00e1 nezadr\u017eiava vlhkos\u0165 v tele<\/li>\n<\/ul>\n<p>Podprsenku mo\u017eno pra\u0165 pri teplote do 30 stup\u0148ov, nepou\u017e\u00edvajte bielidl\u00e1, nesu\u0161te v su\u0161i\u010dke ani chemicky ne\u010distite.<\/p>\n<p>Modelka na fotografii je vysok\u00e1 167 cm, v\u00e1\u017ei 52 kg a p\u00f3zuje vo ve\u013ekosti M.<\/p>\n<p>Na v\u00fdber presnej ve\u013ekosti pou\u017eite tabu\u013eky<\/p>\n","protected":false},"excerpt":{"rendered":"<p>Ru\u017eov\u00e1 \u0161portov\u00e1 podprsenka bez ramienok so zdv\u00edhac\u00edmi vypch\u00e1vkami, ktor\u00e9 sa daj\u00fa vybra\u0165. Vzor je vhodn\u00fd na leto, m\u00f4\u017eete sa opa\u013eova\u0165 aj po\u010das behu a po ramienkach nezostan\u00fa \u017eiadne medzery. V spodnej \u010dasti je podprsenka elastick\u00e1, tak\u017ee poprsie zost\u00e1va stabiln\u00e9 a vy m\u00e1te \u00fapln\u00fa vo\u013enos\u0165 pohybu. D\u00e1 sa skombinova\u0165 s kr\u00e1tkymi alebo dlh\u00fdmi leg\u00ednami v rovnakej [&hellip;]<\/p>\n","protected":false},"featured_media":119844,"comment_status":"open","ping_status":"closed","template":"","meta":[],"product_brand":[],"product_cat":[371],"product_tag":[],"class_list":{"0":"post-122318","1":"product","2":"type-product","3":"status-publish","4":"has-post-thumbnail","6":"product_cat-damske-sportovni-podprsenky","7":"pa_cviat-ruzovo","8":"pa_razmer-l-sk","9":"pa_razmer-m-sk-2","10":"pa_razmer-s-sk-2","11":"inventories-world","13":"first","14":"instock","15":"taxable","16":"shipping-taxable","17":"purchasable","18":"product-type-variable"},"_links":{"self":[{"href":"https:\/\/staging6.peach-pump.com\/sk\/wp-json\/wp\/v2\/product\/122318","targetHints":{"allow":["GET"]}}],"collection":[{"href":"https:\/\/staging6.peach-pump.com\/sk\/wp-json\/wp\/v2\/product"}],"about":[{"href":"https:\/\/staging6.peach-pump.com\/sk\/wp-json\/wp\/v2\/types\/product"}],"replies":[{"embeddable":true,"href":"https:\/\/staging6.peach-pump.com\/sk\/wp-json\/wp\/v2\/comments?post=122318"}],"version-history":[{"count":0,"href":"https:\/\/staging6.peach-pump.com\/sk\/wp-json\/wp\/v2\/product\/122318\/revisions"}],"wp:featuredmedia":[{"embeddable":true,"href":"https:\/\/staging6.peach-pump.com\/sk\/wp-json\/wp\/v2\/media\/119844"}],"wp:attachment":[{"href":"https:\/\/staging6.peach-pump.com\/sk\/wp-json\/wp\/v2\/media?parent=122318"}],"wp:term":[{"taxonomy":"product_brand","embeddable":true,"href":"https:\/\/staging6.peach-pump.com\/sk\/wp-json\/wp\/v2\/product_brand?post=122318"},{"taxonomy":"product_cat","embeddable":true,"href":"https:\/\/staging6.peach-pump.com\/sk\/wp-json\/wp\/v2\/product_cat?post=122318"},{"taxonomy":"product_tag","embeddable":true,"href":"https:\/\/staging6.peach-pump.com\/sk\/wp-json\/wp\/v2\/product_tag?post=122318"}],"curies":[{"name":"wp","href":"https:\/\/api.w.org\/{rel}","templated":true}]}}