{"id":122344,"date":"2025-06-24T10:28:25","date_gmt":"2025-06-24T08:28:25","guid":{"rendered":"https:\/\/staging6.peach-pump.com\/products\/biele-sportove-ponozky-s-ciernou-protismykovou-podrazkou-peach-pump\/"},"modified":"2025-11-10T13:32:03","modified_gmt":"2025-11-10T11:32:03","slug":"biele-sportove-ponozky-s-ciernou-protismykovou-podrazkou-peach-pump","status":"publish","type":"product","link":"https:\/\/staging6.peach-pump.com\/sk\/products\/biele-sportove-ponozky-s-ciernou-protismykovou-podrazkou-peach-pump\/","title":{"rendered":"Biele \u0161portov\u00e9 pono\u017eky s \u010diernou proti\u0161mykovou podr\u00e1\u017ekou Peach Pump"},"content":{"rendered":"<p>Biele \u0161portov\u00e9 pono\u017eky s \u010diernou proti\u0161mykovou podr\u00e1\u017ekou Peach Pump, maj\u00fa zosilnen\u00fa spodn\u00fa \u010das\u0165 a poskytuj\u00fa odolnos\u0165 a odpru\u017eenie pri pohybe. Proti\u0161mykov\u00e9 srdie\u010dka poskytuj\u00fa stabilitu pri j\u00f3ge, pilatese a akomko\u013evek inom \u0161porte, ich ploch\u00fd povrch umo\u017e\u0148uje nosi\u0165 ich s teniskami a nec\u00edti\u0165 ich. Maj\u00fa \u010dierne vy\u0161it\u00e9 logo Peach Pump. Pono\u017eky s\u00fa bavlnen\u00e9 a m\u00e4kk\u00e9, odv\u00e1dzaj\u00fa vlhkos\u0165.   <\/p>\n<ul>\n<li>M\u00e4kk\u00e1 tkanina<\/li>\n<li>Proti\u0161mykov\u00e9<\/li>\n<li>Vysok\u00e1 kvalita<\/li>\n<li>Elasticita<\/li>\n<li>80% bavlna<\/li>\n<li>Vy\u0161\u00edvan\u00e9 logo Peach Pump<\/li>\n<li>Zosilnen\u00e9 zo spodu pre v\u00e4\u010d\u0161iu odolnos\u0165<\/li>\n<\/ul>\n<p>Zlo\u017eenie: 80% bavlna, 17% polyester, 3% elastan<\/p>\n<p>Mo\u017eno pra\u0165 pri 40\u00b0C bez chemick\u00e9ho \u010distenia, su\u0161i\u0165 pri n\u00edzkej teplote.<\/p>\n<p>Pono\u017eky nie je mo\u017en\u00e9 vr\u00e1ti\u0165 ani vymeni\u0165!<\/p>\n","protected":false},"excerpt":{"rendered":"<p>Biele \u0161portov\u00e9 pono\u017eky s \u010diernou proti\u0161mykovou podr\u00e1\u017ekou Peach Pump, maj\u00fa zosilnen\u00fa spodn\u00fa \u010das\u0165 a poskytuj\u00fa odolnos\u0165 a odpru\u017eenie pri pohybe. Proti\u0161mykov\u00e9 srdie\u010dka poskytuj\u00fa stabilitu pri j\u00f3ge, pilatese a akomko\u013evek inom \u0161porte, ich ploch\u00fd povrch umo\u017e\u0148uje nosi\u0165 ich s teniskami a nec\u00edti\u0165 ich. Maj\u00fa \u010dierne vy\u0161it\u00e9 logo Peach Pump. Pono\u017eky s\u00fa bavlnen\u00e9 a m\u00e4kk\u00e9, odv\u00e1dzaj\u00fa vlhkos\u0165. [&hellip;]<\/p>\n","protected":false},"featured_media":121310,"comment_status":"open","ping_status":"closed","template":"","meta":[],"product_brand":[],"product_cat":[782],"product_tag":[],"class_list":{"0":"post-122344","1":"product","2":"type-product","3":"status-publish","4":"has-post-thumbnail","6":"product_cat-doplnky","7":"pa_cviat-biela-cierna","8":"pa_razmer-jedna-velkost","9":"inventories-world","11":"first","12":"instock","13":"taxable","14":"shipping-taxable","15":"purchasable","16":"product-type-variable"},"_links":{"self":[{"href":"https:\/\/staging6.peach-pump.com\/en\/wp-json\/wp\/v2\/product\/122344","targetHints":{"allow":["GET"]}}],"collection":[{"href":"https:\/\/staging6.peach-pump.com\/en\/wp-json\/wp\/v2\/product"}],"about":[{"href":"https:\/\/staging6.peach-pump.com\/en\/wp-json\/wp\/v2\/types\/product"}],"replies":[{"embeddable":true,"href":"https:\/\/staging6.peach-pump.com\/en\/wp-json\/wp\/v2\/comments?post=122344"}],"version-history":[{"count":0,"href":"https:\/\/staging6.peach-pump.com\/en\/wp-json\/wp\/v2\/product\/122344\/revisions"}],"wp:featuredmedia":[{"embeddable":true,"href":"https:\/\/staging6.peach-pump.com\/en\/wp-json\/wp\/v2\/media\/121310"}],"wp:attachment":[{"href":"https:\/\/staging6.peach-pump.com\/en\/wp-json\/wp\/v2\/media?parent=122344"}],"wp:term":[{"taxonomy":"product_brand","embeddable":true,"href":"https:\/\/staging6.peach-pump.com\/en\/wp-json\/wp\/v2\/product_brand?post=122344"},{"taxonomy":"product_cat","embeddable":true,"href":"https:\/\/staging6.peach-pump.com\/en\/wp-json\/wp\/v2\/product_cat?post=122344"},{"taxonomy":"product_tag","embeddable":true,"href":"https:\/\/staging6.peach-pump.com\/en\/wp-json\/wp\/v2\/product_tag?post=122344"}],"curies":[{"name":"wp","href":"https:\/\/api.w.org\/{rel}","templated":true}]}}