{"id":123512,"date":"2025-07-04T14:01:30","date_gmt":"2025-07-04T12:01:30","guid":{"rendered":"https:\/\/staging6.peach-pump.com\/?post_type=product&#038;p=123512"},"modified":"2025-11-05T06:59:13","modified_gmt":"2025-11-05T04:59:13","slug":"cierna-sportova-podprsenka-s-vystrihom-do-v-a-bielym-lemovanim","status":"publish","type":"product","link":"https:\/\/staging6.peach-pump.com\/sk\/products\/cierna-sportova-podprsenka-s-vystrihom-do-v-a-bielym-lemovanim\/","title":{"rendered":"\u010cierna \u0161portov\u00e1 podprsenka s v\u00fdstrihom do V a bielym lemovan\u00edm"},"content":{"rendered":"<p>\u010cierna \u0161portov\u00e1 podprsenka s v\u00fdstrihom do V a bielym lemom, ktor\u00fd sa d\u00e1 stiahnu\u0165. Model m\u00e1 super push-up vypch\u00e1vky, ktor\u00e9 sa daj\u00fa vybra\u0165. Tkanina podprsenky je mimoriadne m\u00e4kk\u00e1 a elastick\u00e1 a nezadr\u017eiava vlhkos\u0165 v tele, je vhodn\u00e1 na beh, do posil\u0148ovne, na jogu tenis alebo ak\u00fdko\u013evek in\u00fd druh \u0161portu. Pod poprs\u00edm je \u0161irok\u00e1 guma, ktor\u00e1 poskytuje pohodlie a vo\u013enos\u0165 pohybu. Dizajn modelu je ve\u013emi aktu\u00e1lny, je k dispoz\u00edcii vo viacer\u00fdch farb\u00e1ch a mo\u017eno ho skombinova\u0165 s kr\u00e1tkou suk\u0148ou alebo leg\u00ednami. Na prednej a zadnej strane podprsenky je tepelne vytla\u010den\u00e9 biele logo.     <\/p>\n<ul>\n<li>Zauj\u00edmav\u00fd dizajn<\/li>\n<li>Hlbok\u00fd v\u00fdstrih do V<\/li>\n<li>Super push-up vypch\u00e1vky, ktor\u00e9 sa daj\u00fa odstr\u00e1ni\u0165<\/li>\n<li>\u0160irok\u00e1 guma pod prsiami<\/li>\n<li>Tepelne vytla\u010den\u00e9 logo &#8220;Peach Pump&#8221; na prednej a zadnej strane podprsenky<\/li>\n<li>Tkanina, ktor\u00e1 nezadr\u017eiava vlhkos\u0165 v tele<\/li>\n<\/ul>\n<p>Zlo\u017eenie: 70% polyester, 30% spandex<\/p>\n<p>Podprsenku je mo\u017en\u00e9 pra\u0165 pri teplote do 30\u00b0C. Nepou\u017e\u00edva\u0165 bielenie alebo chemick\u00e9 \u010distenie.<\/p>\n<p>Modelka na obr\u00e1zku je vysok\u00e1 179 m, v\u00e1\u017ei 58 kg a p\u00f3zuje vo ve\u013ekosti M.<\/p>\n<p>Na v\u00fdber presnej ve\u013ekosti pou\u017eite tabu\u013eky.<\/p>\n<p>&nbsp;<\/p>\n","protected":false},"excerpt":{"rendered":"<p>\u010cierna \u0161portov\u00e1 podprsenka s v\u00fdstrihom do V a bielym lemom, ktor\u00fd sa d\u00e1 stiahnu\u0165. Model m\u00e1 super push-up vypch\u00e1vky, ktor\u00e9 sa daj\u00fa vybra\u0165. Tkanina podprsenky je mimoriadne m\u00e4kk\u00e1 a elastick\u00e1 a nezadr\u017eiava vlhkos\u0165 v tele, je vhodn\u00e1 na beh, do posil\u0148ovne, na jogu tenis alebo ak\u00fdko\u013evek in\u00fd druh \u0161portu. Pod poprs\u00edm je \u0161irok\u00e1 guma, ktor\u00e1 [&hellip;]<\/p>\n","protected":false},"featured_media":123231,"comment_status":"open","ping_status":"closed","template":"","meta":[],"product_brand":[],"product_cat":[371],"product_tag":[],"class_list":{"0":"post-123512","1":"product","2":"type-product","3":"status-publish","4":"has-post-thumbnail","6":"product_cat-damske-sportovni-podprsenky","7":"pa_cviat-cierne","8":"pa_razmer-l-sk","9":"pa_razmer-m-sk-2","10":"pa_razmer-s-sk-2","11":"inventories-world","13":"first","14":"instock","15":"taxable","16":"shipping-taxable","17":"purchasable","18":"product-type-variable"},"_links":{"self":[{"href":"https:\/\/staging6.peach-pump.com\/sk\/wp-json\/wp\/v2\/product\/123512","targetHints":{"allow":["GET"]}}],"collection":[{"href":"https:\/\/staging6.peach-pump.com\/sk\/wp-json\/wp\/v2\/product"}],"about":[{"href":"https:\/\/staging6.peach-pump.com\/sk\/wp-json\/wp\/v2\/types\/product"}],"replies":[{"embeddable":true,"href":"https:\/\/staging6.peach-pump.com\/sk\/wp-json\/wp\/v2\/comments?post=123512"}],"version-history":[{"count":0,"href":"https:\/\/staging6.peach-pump.com\/sk\/wp-json\/wp\/v2\/product\/123512\/revisions"}],"wp:featuredmedia":[{"embeddable":true,"href":"https:\/\/staging6.peach-pump.com\/sk\/wp-json\/wp\/v2\/media\/123231"}],"wp:attachment":[{"href":"https:\/\/staging6.peach-pump.com\/sk\/wp-json\/wp\/v2\/media?parent=123512"}],"wp:term":[{"taxonomy":"product_brand","embeddable":true,"href":"https:\/\/staging6.peach-pump.com\/sk\/wp-json\/wp\/v2\/product_brand?post=123512"},{"taxonomy":"product_cat","embeddable":true,"href":"https:\/\/staging6.peach-pump.com\/sk\/wp-json\/wp\/v2\/product_cat?post=123512"},{"taxonomy":"product_tag","embeddable":true,"href":"https:\/\/staging6.peach-pump.com\/sk\/wp-json\/wp\/v2\/product_tag?post=123512"}],"curies":[{"name":"wp","href":"https:\/\/api.w.org\/{rel}","templated":true}]}}