{"id":123537,"date":"2025-07-03T15:31:59","date_gmt":"2025-07-03T13:31:59","guid":{"rendered":"https:\/\/staging6.peach-pump.com\/?post_type=product&p=123537"},"modified":"2025-11-09T12:31:15","modified_gmt":"2025-11-09T10:31:15","slug":"cierna-sportova-podprsenka-s-bielym-lemovanim-pod-prsiami","status":"publish","type":"product","link":"https:\/\/staging6.peach-pump.com\/sk\/products\/cierna-sportova-podprsenka-s-bielym-lemovanim-pod-prsiami\/","title":{"rendered":"\u010cierna \u0161portov\u00e1 podprsenka s bielym lemovan\u00edm pod prsiami"},"content":{"rendered":"<p>\u010cierna \u0161portov\u00e1 podprsenka s bielym lemovan\u00edm pod prsiami a nastavite\u013en\u00fdmi ramienkami. Model m\u00e1 super push-up vypch\u00e1vky, ktor\u00e9 sa daj\u00fa vybra\u0165. Tkanina podprsenky je mimoriadne m\u00e4kk\u00e1 a pru\u017en\u00e1 a nezadr\u017eiava vlhkos\u0165 v tele, je vhodn\u00e1 na beh, do posil\u0148ovne, na jogu tenis alebo ak\u00fdko\u013evek in\u00fd druh \u0161portu. Dizajn modelu je ve\u013emi aktu\u00e1lny a mo\u017eno ho kombinova\u0165 s kr\u00e1tkou suk\u0148ou alebo leg\u00ednami. Na prednej a zadnej strane podprsenky je tepelne vytla\u010den\u00e9 biele logo.    <\/p>\n<ul>\n<li>Zauj\u00edmav\u00fd dizajn<\/li>\n<li>Nastavite\u013en\u00e9 ramienka<\/li>\n<li>Super push-up vypch\u00e1vky, ktor\u00e9 sa daj\u00fa odstr\u00e1ni\u0165<\/li>\n<li>Tepelne vytla\u010den\u00e9 logo &#8220;Peach Pump&#8221; na prednej a zadnej strane podprsenky<\/li>\n<li>Tkanina, ktor\u00e1 nezadr\u017eiava vlhkos\u0165 v tele<\/li>\n<\/ul>\n<p>Zlo\u017eenie: 70% polyester, 30% spandex<\/p>\n<p>Podprsenku je mo\u017en\u00e9 pra\u0165 pri teplote do 30\u00b0C. Nepou\u017e\u00edva\u0165 bielenie alebo chemick\u00e9 \u010distenie.<\/p>\n<p>Modelka na obr\u00e1zku je vysok\u00e1 179 m, v\u00e1\u017ei 58 kg a p\u00f3zuje vo ve\u013ekosti M.<\/p>\n<p>Na v\u00fdber presnej ve\u013ekosti pou\u017eite tabu\u013eky.<\/p>\n<p>&nbsp;<\/p>\n","protected":false},"excerpt":{"rendered":"<p>\u010cierna \u0161portov\u00e1 podprsenka s bielym lemovan\u00edm pod prsiami a nastavite\u013en\u00fdmi ramienkami. Model m\u00e1 super push-up vypch\u00e1vky, ktor\u00e9 sa daj\u00fa vybra\u0165. Tkanina podprsenky je mimoriadne m\u00e4kk\u00e1 a pru\u017en\u00e1 a nezadr\u017eiava vlhkos\u0165 v tele, je vhodn\u00e1 na beh, do posil\u0148ovne, na jogu tenis alebo ak\u00fdko\u013evek in\u00fd druh \u0161portu. Dizajn modelu je ve\u013emi aktu\u00e1lny a mo\u017eno ho kombinova\u0165 [&hellip;]<\/p>\n","protected":false},"featured_media":122705,"comment_status":"open","ping_status":"closed","template":"","meta":[],"product_brand":[],"product_cat":[371],"product_tag":[],"class_list":{"0":"post-123537","1":"product","2":"type-product","3":"status-publish","4":"has-post-thumbnail","6":"product_cat-damske-sportovni-podprsenky","7":"pa_cviat-cierne","8":"pa_razmer-l-sk","9":"pa_razmer-m-sk-2","10":"pa_razmer-s-sk-2","11":"inventories-world","13":"first","14":"instock","15":"taxable","16":"shipping-taxable","17":"purchasable","18":"product-type-variable"},"_links":{"self":[{"href":"https:\/\/staging6.peach-pump.com\/sk\/wp-json\/wp\/v2\/product\/123537","targetHints":{"allow":["GET"]}}],"collection":[{"href":"https:\/\/staging6.peach-pump.com\/sk\/wp-json\/wp\/v2\/product"}],"about":[{"href":"https:\/\/staging6.peach-pump.com\/sk\/wp-json\/wp\/v2\/types\/product"}],"replies":[{"embeddable":true,"href":"https:\/\/staging6.peach-pump.com\/sk\/wp-json\/wp\/v2\/comments?post=123537"}],"version-history":[{"count":0,"href":"https:\/\/staging6.peach-pump.com\/sk\/wp-json\/wp\/v2\/product\/123537\/revisions"}],"wp:featuredmedia":[{"embeddable":true,"href":"https:\/\/staging6.peach-pump.com\/sk\/wp-json\/wp\/v2\/media\/122705"}],"wp:attachment":[{"href":"https:\/\/staging6.peach-pump.com\/sk\/wp-json\/wp\/v2\/media?parent=123537"}],"wp:term":[{"taxonomy":"product_brand","embeddable":true,"href":"https:\/\/staging6.peach-pump.com\/sk\/wp-json\/wp\/v2\/product_brand?post=123537"},{"taxonomy":"product_cat","embeddable":true,"href":"https:\/\/staging6.peach-pump.com\/sk\/wp-json\/wp\/v2\/product_cat?post=123537"},{"taxonomy":"product_tag","embeddable":true,"href":"https:\/\/staging6.peach-pump.com\/sk\/wp-json\/wp\/v2\/product_tag?post=123537"}],"curies":[{"name":"wp","href":"https:\/\/api.w.org\/{rel}","templated":true}]}}