{"id":123571,"date":"2025-07-04T12:31:40","date_gmt":"2025-07-04T10:31:40","guid":{"rendered":"https:\/\/staging6.peach-pump.com\/?post_type=product&#038;p=123571"},"modified":"2025-11-01T15:30:54","modified_gmt":"2025-11-01T13:30:54","slug":"biela-sportova-sukna-s-malym-rozparkom-a-modrym-lemovanim","status":"publish","type":"product","link":"https:\/\/staging6.peach-pump.com\/sk\/products\/biela-sportova-sukna-s-malym-rozparkom-a-modrym-lemovanim\/","title":{"rendered":"Biela \u0161portov\u00e1 suk\u0148a s mal\u00fdm rozparkom a modr\u00fdm lemovan\u00edm"},"content":{"rendered":"<p>Biela \u0161portov\u00e1 suk\u0148a s mal\u00fdm rozparkom, modr\u00fdm lemovan\u00edm a spodn\u00fdmi leg\u00ednami s bo\u010dn\u00fdmi vreckami. Suk\u0148a m\u00e1 modr\u00e9 diskr\u00e9tne lemovanie po okrajoch a elastick\u00fd p\u00e1s, na zadnej strane m\u00e1 n\u00e1pis &#8220;Peach Pump&#8221; a v\u013eavo vpredu tepelne vytla\u010den\u00e9 logo. Model m\u00e1 p\u00e1s nad pupkom, ktor\u00fd modeluje siluetu a leg\u00edny pod suk\u0148ou v\u00e1m poskytn\u00fa \u00fapln\u00fa vo\u013enos\u0165 pohybu pri vykon\u00e1van\u00ed v\u00e1\u0161ho ob\u013e\u00faben\u00e9ho \u0161portu. Vreck\u00e1 na leg\u00ednach s\u00fa hlbok\u00e9 a bez probl\u00e9mov do nich schov\u00e1te telef\u00f3n. Suk\u0148a je vhodn\u00e1 na prech\u00e1dzku v parku, do posil\u0148ovne, na tenis alebo volejbal. Model m\u00f4\u017eete zladi\u0165 s podprsenkou z na\u0161ej kolekcie v rovnakom vzore.     <\/p>\n<ul>\n<li>Vysok\u00fd p\u00e1s<\/li>\n<li>Diskr\u00e9tny rozparok<\/li>\n<li>Spodn\u00e9 leg\u00edny s bo\u010dn\u00fdmi vreckami<\/li>\n<li>N\u00e1pis &#8220;Peach Pump&#8221; na zadnej strane gumy<\/li>\n<li>Tepelne vytla\u010den\u00e9 logo &#8220;Peach Pump&#8221; na prednej strane sukne<\/li>\n<li>Tkanina, ktor\u00e1 nezadr\u017eiava vlhkos\u0165 v tele<\/li>\n<\/ul>\n<p>Zlo\u017eenie: 70% nylon 30% spandex<\/p>\n<p>Suk\u0148u mo\u017eno pra\u0165 na 30 stup\u0148ov, nepou\u017e\u00edvajte bielidl\u00e1 ani chemick\u00e9 \u010distenie.<\/p>\n<p>Modelka na obr\u00e1zku je vysok\u00e1 179 cm, v\u00e1\u017ei 58 kg a p\u00f3zuje vo ve\u013ekosti M.<\/p>\n","protected":false},"excerpt":{"rendered":"<p>Biela \u0161portov\u00e1 suk\u0148a s mal\u00fdm rozparkom, modr\u00fdm lemovan\u00edm a spodn\u00fdmi leg\u00ednami s bo\u010dn\u00fdmi vreckami. Suk\u0148a m\u00e1 modr\u00e9 diskr\u00e9tne lemovanie po okrajoch a elastick\u00fd p\u00e1s, na zadnej strane m\u00e1 n\u00e1pis &#8220;Peach Pump&#8221; a v\u013eavo vpredu tepelne vytla\u010den\u00e9 logo. Model m\u00e1 p\u00e1s nad pupkom, ktor\u00fd modeluje siluetu a leg\u00edny pod suk\u0148ou v\u00e1m poskytn\u00fa \u00fapln\u00fa vo\u013enos\u0165 pohybu pri [&hellip;]<\/p>\n","protected":false},"featured_media":123295,"comment_status":"open","ping_status":"closed","template":"","meta":[],"product_brand":[],"product_cat":[203,188,1179],"product_tag":[],"class_list":{"0":"post-123571","1":"product","2":"type-product","3":"status-publish","4":"has-post-thumbnail","6":"product_cat-kratke-leginy-sk","7":"product_cat-leginy-s-vreckami","8":"product_cat-sportove-saty-a-sukne","9":"pa_cviat-biely-sk","10":"pa_razmer-l-sk","11":"pa_razmer-m-sk-2","12":"pa_razmer-s-sk-2","13":"inventories-world","15":"first","16":"instock","17":"taxable","18":"shipping-taxable","19":"purchasable","20":"product-type-variable"},"_links":{"self":[{"href":"https:\/\/staging6.peach-pump.com\/en\/wp-json\/wp\/v2\/product\/123571","targetHints":{"allow":["GET"]}}],"collection":[{"href":"https:\/\/staging6.peach-pump.com\/en\/wp-json\/wp\/v2\/product"}],"about":[{"href":"https:\/\/staging6.peach-pump.com\/en\/wp-json\/wp\/v2\/types\/product"}],"replies":[{"embeddable":true,"href":"https:\/\/staging6.peach-pump.com\/en\/wp-json\/wp\/v2\/comments?post=123571"}],"version-history":[{"count":0,"href":"https:\/\/staging6.peach-pump.com\/en\/wp-json\/wp\/v2\/product\/123571\/revisions"}],"wp:featuredmedia":[{"embeddable":true,"href":"https:\/\/staging6.peach-pump.com\/en\/wp-json\/wp\/v2\/media\/123295"}],"wp:attachment":[{"href":"https:\/\/staging6.peach-pump.com\/en\/wp-json\/wp\/v2\/media?parent=123571"}],"wp:term":[{"taxonomy":"product_brand","embeddable":true,"href":"https:\/\/staging6.peach-pump.com\/en\/wp-json\/wp\/v2\/product_brand?post=123571"},{"taxonomy":"product_cat","embeddable":true,"href":"https:\/\/staging6.peach-pump.com\/en\/wp-json\/wp\/v2\/product_cat?post=123571"},{"taxonomy":"product_tag","embeddable":true,"href":"https:\/\/staging6.peach-pump.com\/en\/wp-json\/wp\/v2\/product_tag?post=123571"}],"curies":[{"name":"wp","href":"https:\/\/api.w.org\/{rel}","templated":true}]}}