{"id":126350,"date":"2025-08-02T14:35:31","date_gmt":"2025-08-02T12:35:31","guid":{"rendered":"https:\/\/staging6.peach-pump.com\/products\/cierne-kratke-sportove-saty-s-leginami-a-bielym-lemovanim\/"},"modified":"2025-11-10T17:02:30","modified_gmt":"2025-11-10T15:02:30","slug":"cierne-kratke-sportove-saty-s-leginami-a-bielym-lemovanim","status":"publish","type":"product","link":"https:\/\/staging6.peach-pump.com\/sk\/products\/cierne-kratke-sportove-saty-s-leginami-a-bielym-lemovanim\/","title":{"rendered":"\u010cierne kr\u00e1tke \u0161portov\u00e9 \u0161aty s leg\u00ednami a bielym lemovan\u00edm"},"content":{"rendered":"<p>\u010cierne kr\u00e1tke \u0161portov\u00e9 \u0161aty s leg\u00ednami a bielym lemovan\u00edm na okrajoch. Model m\u00e1 vypch\u00e1vky so zdv\u00edhac\u00edm efektom, ktor\u00e9 sa daj\u00fa odstr\u00e1ni\u0165. \u0160aty maj\u00fa v p\u00e1se vykrojen\u00e9 detaily, ktor\u00e9 ich opticky zmen\u0161uj\u00fa a dod\u00e1vaj\u00fa siluetu pres\u00fdpac\u00edch hod\u00edn. \u0160aty s\u00fa krat\u0161\u00edm modelom, ale v spodnej \u010dasti maj\u00fa leg\u00edny, ktor\u00e9 v\u00e1m poskytn\u00fa \u00fapln\u00fa vo\u013enos\u0165 pohybu. Model je vhodn\u00fd na tenis, do posil\u0148ovne alebo na prech\u00e1dzku v parku, s n\u00edm nem\u00f4\u017eete zosta\u0165 bez pov\u0161imnutia.    <\/p>\n<ul>\n<li>Kr\u00e1tky model<\/li>\n<li>Spodn\u00e9 leg\u00edny<\/li>\n<li>Vypch\u00e1vky so zdv\u00edhac\u00edm efektom<\/li>\n<li>Biele lemovanie<\/li>\n<li>Elastick\u00e1 tkanina<\/li>\n<li>Tepelne vytla\u010den\u00e9 logo &#8220;Peach Pump&#8221; na zadnej strane<\/li>\n<li>Tepelne vytla\u010den\u00e9 logo &#8220;Peach Pump&#8221; v prednej \u010dasti \u0161iat pod prsiami<\/li>\n<li>Otvory v p\u00e1se<\/li>\n<li>Tkanina, ktor\u00e1 odv\u00e1dza vlhkos\u0165 od tela<\/li>\n<\/ul>\n<p>Zlo\u017eenie: 92% nylon; 8% spandex<\/p>\n<p>\u0160aty je mo\u017en\u00e9 pra\u0165 pri 30 stup\u0148ov, nepou\u017e\u00edvajte bielidl\u00e1 ani chemick\u00e9 \u010distenie.<\/p>\n<p>Modelka na obr\u00e1zku je vysok\u00e1 179 cm, v\u00e1\u017ei 60 kg a p\u00f3zuje vo ve\u013ekosti M.<\/p>\n<p>Na v\u00fdber presnej ve\u013ekosti pou\u017eite tabu\u013eky<\/p>\n","protected":false},"excerpt":{"rendered":"<p>\u010cierne kr\u00e1tke \u0161portov\u00e9 \u0161aty s leg\u00ednami a bielym lemovan\u00edm na okrajoch. Model m\u00e1 vypch\u00e1vky so zdv\u00edhac\u00edm efektom, ktor\u00e9 sa daj\u00fa odstr\u00e1ni\u0165. \u0160aty maj\u00fa v p\u00e1se vykrojen\u00e9 detaily, ktor\u00e9 ich opticky zmen\u0161uj\u00fa a dod\u00e1vaj\u00fa siluetu pres\u00fdpac\u00edch hod\u00edn. \u0160aty s\u00fa krat\u0161\u00edm modelom, ale v spodnej \u010dasti maj\u00fa leg\u00edny, ktor\u00e9 v\u00e1m poskytn\u00fa \u00fapln\u00fa vo\u013enos\u0165 pohybu. Model je vhodn\u00fd [&hellip;]<\/p>\n","protected":false},"featured_media":125947,"comment_status":"open","ping_status":"closed","template":"","meta":[],"product_brand":[],"product_cat":[1179,372],"product_tag":[],"class_list":{"0":"post-126350","1":"product","2":"type-product","3":"status-publish","4":"has-post-thumbnail","6":"product_cat-sportove-saty-a-sukne","7":"product_cat-sportov-sety","8":"pa_cviat-cierne","9":"pa_razmer-m-sk-2","10":"pa_razmer-s-sk-2","11":"inventories-world","13":"first","14":"instock","15":"taxable","16":"shipping-taxable","17":"purchasable","18":"product-type-variable"},"_links":{"self":[{"href":"https:\/\/staging6.peach-pump.com\/sk\/wp-json\/wp\/v2\/product\/126350","targetHints":{"allow":["GET"]}}],"collection":[{"href":"https:\/\/staging6.peach-pump.com\/sk\/wp-json\/wp\/v2\/product"}],"about":[{"href":"https:\/\/staging6.peach-pump.com\/sk\/wp-json\/wp\/v2\/types\/product"}],"replies":[{"embeddable":true,"href":"https:\/\/staging6.peach-pump.com\/sk\/wp-json\/wp\/v2\/comments?post=126350"}],"version-history":[{"count":0,"href":"https:\/\/staging6.peach-pump.com\/sk\/wp-json\/wp\/v2\/product\/126350\/revisions"}],"wp:featuredmedia":[{"embeddable":true,"href":"https:\/\/staging6.peach-pump.com\/sk\/wp-json\/wp\/v2\/media\/125947"}],"wp:attachment":[{"href":"https:\/\/staging6.peach-pump.com\/sk\/wp-json\/wp\/v2\/media?parent=126350"}],"wp:term":[{"taxonomy":"product_brand","embeddable":true,"href":"https:\/\/staging6.peach-pump.com\/sk\/wp-json\/wp\/v2\/product_brand?post=126350"},{"taxonomy":"product_cat","embeddable":true,"href":"https:\/\/staging6.peach-pump.com\/sk\/wp-json\/wp\/v2\/product_cat?post=126350"},{"taxonomy":"product_tag","embeddable":true,"href":"https:\/\/staging6.peach-pump.com\/sk\/wp-json\/wp\/v2\/product_tag?post=126350"}],"curies":[{"name":"wp","href":"https:\/\/api.w.org\/{rel}","templated":true}]}}