{"id":126353,"date":"2025-07-29T11:50:52","date_gmt":"2025-07-29T09:50:52","guid":{"rendered":"https:\/\/staging6.peach-pump.com\/products\/biela-sportova-suprava-sukne-s-hlbokym-rozparkom-a-podprsenky\/"},"modified":"2025-11-01T15:22:34","modified_gmt":"2025-11-01T13:22:34","slug":"biela-sportova-suprava-sukne-s-hlbokym-rozparkom-a-podprsenky","status":"publish","type":"product","link":"https:\/\/staging6.peach-pump.com\/sk\/products\/biela-sportova-suprava-sukne-s-hlbokym-rozparkom-a-podprsenky\/","title":{"rendered":"Biela \u0161portov\u00e1 s\u00faprava sukne s hlbok\u00fdm rozparkom a podprsenky"},"content":{"rendered":"<p>Biela \u0161portov\u00e1 s\u00faprava suk\u0148a s hlbok\u00fdm rozparkom a spodn\u00e9 leg\u00edny s bo\u010dn\u00fdmi vreckami. Suk\u0148a m\u00e1 svetlosiv\u00e9 lemovanie a siv\u00fd elastick\u00fd p\u00e1s, vzadu diskr\u00e9tny n\u00e1pis &#8220;Peach Pump&#8221; a v\u013eavo vpredu tepelne vytla\u010den\u00e9 logo. Model m\u00e1 p\u00e1s nad pupkom a rozparok, ktor\u00fd predl\u017euje nohy, zatia\u013e \u010do leg\u00edny pod suk\u0148ou poskytuj\u00fa \u00fapln\u00fa vo\u013enos\u0165 pohybu pri vykon\u00e1van\u00ed v\u00e1\u0161ho ob\u013e\u00faben\u00e9ho \u0161portu. Vreck\u00e1 na leg\u00ednach s\u00fa hlbok\u00e9 a bez probl\u00e9mov do nich ulo\u017e\u00edte telef\u00f3n. Podprsenka m\u00e1 siv\u00e9 lemovanie pod prsiami a nastavite\u013en\u00e9 ramienka. Model m\u00e1 super push-up vypch\u00e1vky, ktor\u00e9 sa daj\u00fa vybra\u0165. Tkanina podprsenky je mimoriadne m\u00e4kk\u00e1 a pru\u017en\u00e1 a nezadr\u017eiava vlhkos\u0165 v tele, je vhodn\u00e1 na beh, do posil\u0148ovne, na jogu tenis alebo in\u00e9 \u0161porty. Na prednej a zadnej strane podprsenky je tepelne vytla\u010den\u00e9 siv\u00e9 logo. Tielko je vhodn\u00e9 na prech\u00e1dzku v parku, do posil\u0148ovne, na tenis alebo volejbal.<\/p>\n<p>O podprsenke:<\/p>\n<ul>\n<li>Zauj\u00edmav\u00fd dizajn<\/li>\n<li>Nastavite\u013en\u00e9 ramienka<\/li>\n<li>Super push-up vypch\u00e1vky, ktor\u00e9 sa daj\u00fa odstr\u00e1ni\u0165<\/li>\n<li>Tepelne vytla\u010den\u00e9 logo &#8220;Peach Pump&#8221; na prednej a zadnej strane podprsenky<\/li>\n<li>Tkanina, ktor\u00e1 nezadr\u017eiava vlhkos\u0165 v tele<\/li>\n<\/ul>\n<p>O sukni:<\/p>\n<ul>\n<li>Vysok\u00fd p\u00e1s<\/li>\n<li>Hlbok\u00fd rozparok<\/li>\n<li>Spodn\u00e9 leg\u00edny s bo\u010dn\u00fdmi vreckami<\/li>\n<li>Diskr\u00e9tny n\u00e1pis &#8220;Peach Pump&#8221; na zadnej strane gumy<\/li>\n<li>Tepelne vytla\u010den\u00e9 logo &#8220;Peach Pump&#8221; na prednej strane sukne<\/li>\n<li>Tkanina, ktor\u00e1 nezadr\u017eiava vlhkos\u0165 v tele<\/li>\n<\/ul>\n<p>Zlo\u017eenie: 70% nylon 30% spandex<\/p>\n<p>Suk\u0148u a podprsenku mo\u017eno pra\u0165 pri teplote do 30 stup\u0148ov, pros\u00edm, nebie\u013ete ani ne\u010distite chemicky.<\/p>\n<p>Modelka na obr\u00e1zku je vysok\u00e1 168 cm, v\u00e1\u017ei 54 kg a p\u00f3zuje v sukni vo ve\u013ekosti S a v podprsenke vo ve\u013ekosti S.<\/p>\n","protected":false},"excerpt":{"rendered":"<p>Biela \u0161portov\u00e1 s\u00faprava suk\u0148a s hlbok\u00fdm rozparkom a spodn\u00e9 leg\u00edny s bo\u010dn\u00fdmi vreckami. Suk\u0148a m\u00e1 svetlosiv\u00e9 lemovanie a siv\u00fd elastick\u00fd p\u00e1s, vzadu diskr\u00e9tny n\u00e1pis &#8220;Peach Pump&#8221; a v\u013eavo vpredu tepelne vytla\u010den\u00e9 logo. Model m\u00e1 p\u00e1s nad pupkom a rozparok, ktor\u00fd predl\u017euje nohy, zatia\u013e \u010do leg\u00edny pod suk\u0148ou poskytuj\u00fa \u00fapln\u00fa vo\u013enos\u0165 pohybu pri vykon\u00e1van\u00ed v\u00e1\u0161ho ob\u013e\u00faben\u00e9ho [&hellip;]<\/p>\n","protected":false},"featured_media":125466,"comment_status":"open","ping_status":"closed","template":"","meta":[],"product_brand":[],"product_cat":[373,372],"product_tag":[],"class_list":{"0":"post-126353","1":"product","2":"type-product","3":"status-publish","4":"has-post-thumbnail","6":"product_cat-kratke-leginy-sportove-outfity","7":"product_cat-sportov-sety","8":"pa_cviat-biely-sk","9":"inventories-world","11":"first","12":"instock","13":"taxable","14":"shipping-taxable","15":"purchasable","16":"product-type-yith_bundle"},"_links":{"self":[{"href":"https:\/\/staging6.peach-pump.com\/en\/wp-json\/wp\/v2\/product\/126353","targetHints":{"allow":["GET"]}}],"collection":[{"href":"https:\/\/staging6.peach-pump.com\/en\/wp-json\/wp\/v2\/product"}],"about":[{"href":"https:\/\/staging6.peach-pump.com\/en\/wp-json\/wp\/v2\/types\/product"}],"replies":[{"embeddable":true,"href":"https:\/\/staging6.peach-pump.com\/en\/wp-json\/wp\/v2\/comments?post=126353"}],"version-history":[{"count":0,"href":"https:\/\/staging6.peach-pump.com\/en\/wp-json\/wp\/v2\/product\/126353\/revisions"}],"wp:featuredmedia":[{"embeddable":true,"href":"https:\/\/staging6.peach-pump.com\/en\/wp-json\/wp\/v2\/media\/125466"}],"wp:attachment":[{"href":"https:\/\/staging6.peach-pump.com\/en\/wp-json\/wp\/v2\/media?parent=126353"}],"wp:term":[{"taxonomy":"product_brand","embeddable":true,"href":"https:\/\/staging6.peach-pump.com\/en\/wp-json\/wp\/v2\/product_brand?post=126353"},{"taxonomy":"product_cat","embeddable":true,"href":"https:\/\/staging6.peach-pump.com\/en\/wp-json\/wp\/v2\/product_cat?post=126353"},{"taxonomy":"product_tag","embeddable":true,"href":"https:\/\/staging6.peach-pump.com\/en\/wp-json\/wp\/v2\/product_tag?post=126353"}],"curies":[{"name":"wp","href":"https:\/\/api.w.org\/{rel}","templated":true}]}}