{"id":126379,"date":"2025-07-29T12:40:47","date_gmt":"2025-07-29T10:40:47","guid":{"rendered":"https:\/\/staging6.peach-pump.com\/products\/suprava-bielej-sportovej-sukne-s-modrym-lemovanim-a-podprsenky\/"},"modified":"2025-11-01T15:20:59","modified_gmt":"2025-11-01T13:20:59","slug":"suprava-bielej-sportovej-sukne-s-modrym-lemovanim-a-podprsenky","status":"publish","type":"product","link":"https:\/\/staging6.peach-pump.com\/sk\/products\/suprava-bielej-sportovej-sukne-s-modrym-lemovanim-a-podprsenky\/","title":{"rendered":"S\u00faprava bielej \u0161portovej sukne s modr\u00fdm lemovan\u00edm a podprsenky"},"content":{"rendered":"<p>S\u00faprava bielej \u0161portovej sukne s rozparkom a spodn\u00fdmi leg\u00ednami s bo\u010dn\u00fdmi vreckami. Suk\u0148a m\u00e1 modr\u00e9 diskr\u00e9tne lemovanie na okrajoch a elastick\u00fa gumu, vzadu m\u00e1 n\u00e1pis &#8220;Peach Pump&#8221; a v\u013eavo vpredu tepelne vytla\u010den\u00e9 logo. Model m\u00e1 p\u00e1s nad pupkom, ktor\u00fd modeluje siluetu, a leg\u00edny pod suk\u0148ou v\u00e1m poskytn\u00fa \u00fapln\u00fa vo\u013enos\u0165 pohybu pri vykon\u00e1van\u00ed v\u00e1\u0161ho ob\u013e\u00faben\u00e9ho \u0161portu. Vreck\u00e1 na leg\u00ednach s\u00fa hlbok\u00e9 a bez probl\u00e9mov do nich schov\u00e1te telef\u00f3n.   <\/p>\n<p>Podprsenka m\u00e1 v\u00fdstrih do V a biely lem, ktor\u00fd sa d\u00e1 stiahnu\u0165, aby p\u00f4sobil provokat\u00edvnej\u0161ie. Model m\u00e1 super push-up vypch\u00e1vky, ktor\u00e9 sa daj\u00fa vybra\u0165. Tkanina podprsenky je mimoriadne m\u00e4kk\u00e1 a elastick\u00e1 a nezadr\u017eiava vlhkos\u0165 v tele, je vhodn\u00e1 na beh, do posil\u0148ovne, na jogu tenis alebo in\u00e9 \u0161porty. Pod poprs\u00edm je \u0161irok\u00e1 guma, ktor\u00e1 poskytuje pohodlie a vo\u013enos\u0165 pohybu. Na prednej a zadnej strane podprsenky je tepelne vytla\u010den\u00e9 siv\u00e9 logo.    <\/p>\n<p>O podprsenke:<\/p>\n<ul>\n<li>Zauj\u00edmav\u00fd dizajn<\/li>\n<li>Hlbok\u00fd v\u00fdstrih do V<\/li>\n<li>Super push-up vypch\u00e1vky, ktor\u00e9 sa daj\u00fa odstr\u00e1ni\u0165<\/li>\n<li>\u0160irok\u00e1 guma pod prsiami<\/li>\n<li>Tepelne vytla\u010den\u00e9 logo &#8220;Peach Pump&#8221; na prednej a zadnej strane podprsenky<\/li>\n<li>Tkanina, ktor\u00e1 nezadr\u017eiava vlhkos\u0165 v tele<\/li>\n<\/ul>\n<p>O sukni:<\/p>\n<ul>\n<li>Vysok\u00fd p\u00e1s<\/li>\n<li>Diskr\u00e9tny rozparok<\/li>\n<li>Spodn\u00e9 leg\u00edny s bo\u010dn\u00fdmi vreckami<\/li>\n<li>N\u00e1pis &#8220;Peach Pump&#8221; na zadnej strane gumy<\/li>\n<li>Tepelne vytla\u010den\u00e9 logo &#8220;Peach Pump&#8221; na prednej strane sukne<\/li>\n<li>Tkanina, ktor\u00e1 nezadr\u017eiava vlhkos\u0165 v tele<\/li>\n<\/ul>\n<p>Zlo\u017eenie: 70% nylon 30% spandex<\/p>\n<p>Suk\u0148u a podprsenku mo\u017eno pra\u0165 pri teplote do 30 stup\u0148ov, pros\u00edm, nebie\u013ete ani ne\u010distite chemicky.<\/p>\n<p>Modelka na obr\u00e1zku je vysok\u00e1 168 cm, v\u00e1\u017ei 54 kg a p\u00f3zuje v sukni vo ve\u013ekosti S a v podprsenke vo ve\u013ekosti S.<\/p>\n","protected":false},"excerpt":{"rendered":"<p>S\u00faprava bielej \u0161portovej sukne s rozparkom a spodn\u00fdmi leg\u00ednami s bo\u010dn\u00fdmi vreckami. Suk\u0148a m\u00e1 modr\u00e9 diskr\u00e9tne lemovanie na okrajoch a elastick\u00fa gumu, vzadu m\u00e1 n\u00e1pis &#8220;Peach Pump&#8221; a v\u013eavo vpredu tepelne vytla\u010den\u00e9 logo. Model m\u00e1 p\u00e1s nad pupkom, ktor\u00fd modeluje siluetu, a leg\u00edny pod suk\u0148ou v\u00e1m poskytn\u00fa \u00fapln\u00fa vo\u013enos\u0165 pohybu pri vykon\u00e1van\u00ed v\u00e1\u0161ho ob\u013e\u00faben\u00e9ho \u0161portu. [&hellip;]<\/p>\n","protected":false},"featured_media":133300,"comment_status":"open","ping_status":"closed","template":"","meta":[],"product_brand":[],"product_cat":[373,1179,372],"product_tag":[],"class_list":{"0":"post-126379","1":"product","2":"type-product","3":"status-publish","4":"has-post-thumbnail","6":"product_cat-kratke-leginy-sportove-outfity","7":"product_cat-sportove-saty-a-sukne","8":"product_cat-sportov-sety","9":"pa_cviat-biely-sk","10":"inventories-world","12":"first","13":"instock","14":"taxable","15":"shipping-taxable","16":"purchasable","17":"product-type-yith_bundle"},"_links":{"self":[{"href":"https:\/\/staging6.peach-pump.com\/en\/wp-json\/wp\/v2\/product\/126379","targetHints":{"allow":["GET"]}}],"collection":[{"href":"https:\/\/staging6.peach-pump.com\/en\/wp-json\/wp\/v2\/product"}],"about":[{"href":"https:\/\/staging6.peach-pump.com\/en\/wp-json\/wp\/v2\/types\/product"}],"replies":[{"embeddable":true,"href":"https:\/\/staging6.peach-pump.com\/en\/wp-json\/wp\/v2\/comments?post=126379"}],"version-history":[{"count":0,"href":"https:\/\/staging6.peach-pump.com\/en\/wp-json\/wp\/v2\/product\/126379\/revisions"}],"wp:featuredmedia":[{"embeddable":true,"href":"https:\/\/staging6.peach-pump.com\/en\/wp-json\/wp\/v2\/media\/133300"}],"wp:attachment":[{"href":"https:\/\/staging6.peach-pump.com\/en\/wp-json\/wp\/v2\/media?parent=126379"}],"wp:term":[{"taxonomy":"product_brand","embeddable":true,"href":"https:\/\/staging6.peach-pump.com\/en\/wp-json\/wp\/v2\/product_brand?post=126379"},{"taxonomy":"product_cat","embeddable":true,"href":"https:\/\/staging6.peach-pump.com\/en\/wp-json\/wp\/v2\/product_cat?post=126379"},{"taxonomy":"product_tag","embeddable":true,"href":"https:\/\/staging6.peach-pump.com\/en\/wp-json\/wp\/v2\/product_tag?post=126379"}],"curies":[{"name":"wp","href":"https:\/\/api.w.org\/{rel}","templated":true}]}}