{"id":126972,"date":"2025-07-29T12:36:56","date_gmt":"2025-07-29T10:36:56","guid":{"rendered":"https:\/\/staging6.peach-pump.com\/products\/suprava-ruzovej-sportovej-sukne-s-malym-rozparkom-a-podprsenky\/"},"modified":"2025-11-01T15:21:15","modified_gmt":"2025-11-01T13:21:15","slug":"suprava-ruzovej-sportovej-sukne-s-malym-rozparkom-a-podprsenky","status":"publish","type":"product","link":"https:\/\/staging6.peach-pump.com\/sk\/products\/suprava-ruzovej-sportovej-sukne-s-malym-rozparkom-a-podprsenky\/","title":{"rendered":"S\u00faprava ru\u017eovej \u0161portovej sukne s mal\u00fdm rozparkom a podprsenky"},"content":{"rendered":"<p>S\u00faprava ru\u017eovej \u0161portovej sukne s rozparkom a spodn\u00e9 leg\u00edny s bo\u010dn\u00fdmi vreckami. Suk\u0148a m\u00e1 ru\u017eov\u00e9 diskr\u00e9tne lemovanie po okrajoch a elastick\u00fd p\u00e1s, na zadnej strane m\u00e1 n\u00e1pis &#8220;Peach Pump&#8221; a na \u013eavej prednej strane tepelne vytla\u010den\u00e9 logo. Model m\u00e1 p\u00e1s nad pupkom, ktor\u00fd modeluje siluetu, a leg\u00edny pod suk\u0148ou v\u00e1m poskytn\u00fa \u00fapln\u00fa vo\u013enos\u0165 pohybu pri vykon\u00e1van\u00ed v\u00e1\u0161ho ob\u013e\u00faben\u00e9ho \u0161portu. Vreck\u00e1 na leg\u00ednach s\u00fa hlbok\u00e9 a bez probl\u00e9mov do nich schov\u00e1te telef\u00f3n. Podprsenka m\u00e1 v\u00e9\u010dkov\u00fd v\u00fdstrih a biele lemovanie, ktor\u00e9 sa d\u00e1 stiahnu\u0165 pre provokat\u00edvnej\u0161\u00ed vzh\u013ead. Model m\u00e1 super push-up vypch\u00e1vky, ktor\u00e9 sa daj\u00fa odstr\u00e1ni\u0165. Tkanina podprsenky je mimoriadne m\u00e4kk\u00e1 a elastick\u00e1 a nezadr\u017eiava vlhkos\u0165 v tele, je vhodn\u00e1 na beh, do posil\u0148ovne, na jogu tenis alebo in\u00e9 \u0161porty. Pod podprsenkou je \u0161irok\u00e1 guma, ktor\u00e1 poskytuje pohodlie a vo\u013enos\u0165 pohybu. Na prednej a zadnej strane podprsenky je tepelne vytla\u010den\u00e9 siv\u00e9 logo. S\u00faprava je vhodn\u00e1 na prech\u00e1dzku v parku, do posil\u0148ovne, na tenis alebo volejbal.         <\/p>\n<p>O podprsenke:<\/p>\n<ul>\n<li>Zauj\u00edmav\u00fd dizajn<\/li>\n<li>Hlbok\u00fd v\u00fdstrih do V<\/li>\n<li>Super push-up vypch\u00e1vky, ktor\u00e9 sa daj\u00fa odstr\u00e1ni\u0165<\/li>\n<li>\u0160irok\u00e1 guma pod prsiami<\/li>\n<li>Tepelne vytla\u010den\u00e9 logo &#8220;Peach Pump&#8221; na prednej a zadnej strane podprsenky<\/li>\n<li>Tkanina, ktor\u00e1 nezadr\u017eiava vlhkos\u0165 v tele<\/li>\n<\/ul>\n<p>O sukni:<\/p>\n<ul>\n<li>Vysok\u00fd p\u00e1s<\/li>\n<li>Diskr\u00e9tny rozparok<\/li>\n<li>Spodn\u00e9 leg\u00edny s bo\u010dn\u00fdmi vreckami<\/li>\n<li>N\u00e1pis &#8220;Peach Pump&#8221; na zadnej strane gumy<\/li>\n<li>Tepelne vytla\u010den\u00e9 logo &#8220;Peach Pump&#8221; na prednej strane sukne<\/li>\n<li>Tkanina, ktor\u00e1 nezadr\u017eiava vlhkos\u0165 v tele<\/li>\n<\/ul>\n<p>Zlo\u017eenie: 70% nylon 30% spandex<\/p>\n<p>Suk\u0148u a podprsenku mo\u017eno pra\u0165 pri teplote do 30 stup\u0148ov, pros\u00edm, nebie\u013ete ani ne\u010distite chemicky.<\/p>\n<p>Modelka na obr\u00e1zku je vysok\u00e1 168 cm, v\u00e1\u017ei 54 kg a p\u00f3zuje v sukni vo ve\u013ekosti S a v podprsenke vo ve\u013ekosti S.<\/p>\n","protected":false},"excerpt":{"rendered":"<p>S\u00faprava ru\u017eovej \u0161portovej sukne s rozparkom a spodn\u00e9 leg\u00edny s bo\u010dn\u00fdmi vreckami. Suk\u0148a m\u00e1 ru\u017eov\u00e9 diskr\u00e9tne lemovanie po okrajoch a elastick\u00fd p\u00e1s, na zadnej strane m\u00e1 n\u00e1pis &#8220;Peach Pump&#8221; a na \u013eavej prednej strane tepelne vytla\u010den\u00e9 logo. Model m\u00e1 p\u00e1s nad pupkom, ktor\u00fd modeluje siluetu, a leg\u00edny pod suk\u0148ou v\u00e1m poskytn\u00fa \u00fapln\u00fa vo\u013enos\u0165 pohybu pri [&hellip;]<\/p>\n","protected":false},"featured_media":126672,"comment_status":"open","ping_status":"closed","template":"","meta":[],"product_brand":[],"product_cat":[373,372],"product_tag":[],"class_list":{"0":"post-126972","1":"product","2":"type-product","3":"status-publish","4":"has-post-thumbnail","6":"product_cat-kratke-leginy-sportove-outfity","7":"product_cat-sportov-sety","8":"pa_cviat-ruzovo","9":"inventories-world","11":"first","12":"instock","13":"taxable","14":"shipping-taxable","15":"purchasable","16":"product-type-yith_bundle"},"_links":{"self":[{"href":"https:\/\/staging6.peach-pump.com\/sk\/wp-json\/wp\/v2\/product\/126972","targetHints":{"allow":["GET"]}}],"collection":[{"href":"https:\/\/staging6.peach-pump.com\/sk\/wp-json\/wp\/v2\/product"}],"about":[{"href":"https:\/\/staging6.peach-pump.com\/sk\/wp-json\/wp\/v2\/types\/product"}],"replies":[{"embeddable":true,"href":"https:\/\/staging6.peach-pump.com\/sk\/wp-json\/wp\/v2\/comments?post=126972"}],"version-history":[{"count":0,"href":"https:\/\/staging6.peach-pump.com\/sk\/wp-json\/wp\/v2\/product\/126972\/revisions"}],"wp:featuredmedia":[{"embeddable":true,"href":"https:\/\/staging6.peach-pump.com\/sk\/wp-json\/wp\/v2\/media\/126672"}],"wp:attachment":[{"href":"https:\/\/staging6.peach-pump.com\/sk\/wp-json\/wp\/v2\/media?parent=126972"}],"wp:term":[{"taxonomy":"product_brand","embeddable":true,"href":"https:\/\/staging6.peach-pump.com\/sk\/wp-json\/wp\/v2\/product_brand?post=126972"},{"taxonomy":"product_cat","embeddable":true,"href":"https:\/\/staging6.peach-pump.com\/sk\/wp-json\/wp\/v2\/product_cat?post=126972"},{"taxonomy":"product_tag","embeddable":true,"href":"https:\/\/staging6.peach-pump.com\/sk\/wp-json\/wp\/v2\/product_tag?post=126972"}],"curies":[{"name":"wp","href":"https:\/\/api.w.org\/{rel}","templated":true}]}}