{"id":128352,"date":"2025-08-31T15:20:07","date_gmt":"2025-08-31T13:20:07","guid":{"rendered":"https:\/\/staging6.peach-pump.com\/products\/kratka-cierna-mikina-so-zipsom-a-kapucnou\/"},"modified":"2025-11-10T19:57:25","modified_gmt":"2025-11-10T17:57:25","slug":"kratka-cierna-mikina-so-zipsom-a-kapucnou","status":"publish","type":"product","link":"https:\/\/staging6.peach-pump.com\/sk\/products\/kratka-cierna-mikina-so-zipsom-a-kapucnou\/","title":{"rendered":"Kr\u00e1tka \u010dierna mikina so zipsom a kapuc\u0148ou"},"content":{"rendered":"<p>Kr\u00e1tka \u010dierna mikina so zipsom a kapuc\u0148ou. Tento model m\u00e1 skr\u00e1ten\u00fd strih, zv\u00fdraz\u0148uje p\u00e1s, m\u00e1 vykrojen\u00e9 detaily a p\u00f4sob\u00ed ve\u013emi \u017eensky a \u0161t\u00fdlovo. Mikina m\u00e1 zauj\u00edmav\u00fd detail &#8211; sie\u0165ovinu na bokoch, ktor\u00e1 dod\u00e1va \u0161portov\u00fd vzh\u013ead a umo\u017e\u0148uje poko\u017eke d\u00fdcha\u0165. M\u00e1 predn\u00fd zips s vygrav\u00edrovan\u00fdm logom, \u0161irok\u00fa kapuc\u0148u a so \u0161n\u00farkami &#8220;Peach Pump&#8221; po celej d\u013a\u017eke a kovov\u00fdmi okrajmi. \u010cierna farba je univerz\u00e1lna a \u013eahko sa kombinuje s tmav\u00fdm alebo svetl\u00fdm oble\u010den\u00edm.    <\/p>\n<p>Mikina je vyroben\u00e1 z m\u00e4kkej, priedu\u0161nej tkaniny, ktor\u00e1 poskytuje pohodlie po\u010das cel\u00e9ho d\u0148a. Je vhodn\u00e1 na \u0161portov\u00fd tr\u00e9ning, prech\u00e1dzky a cestovanie, ako aj na le\u017e\u00e9rnej\u0161\u00ed mestsk\u00fd vzh\u013ead. V tejto mikine budete vyzera\u0165 svie\u017eo, moderne a z\u00e1rove\u0148 sa v nej budete c\u00edti\u0165 pohodlne, k dispoz\u00edcii je vo viacer\u00fdch sez\u00f3nne trendov\u00fdch farb\u00e1ch.  <\/p>\n<ul>\n<li>Modern\u00fd dizajn s d\u00f4razom na detail<\/li>\n<li>Skr\u00e1ten\u00fd strih, ktor\u00fd zv\u00fdraz\u0148uje l\u00edniu p\u00e1sa<\/li>\n<li>Zips s vygrav\u00edrovan\u00fdm logom<\/li>\n<li>Ve\u013ek\u00e1 kapuc\u0148a so \u0161n\u00farkami a n\u00e1pisom &#8220;Peach Pump&#8221; po celej d\u013a\u017eke<\/li>\n<li>Sie\u0165ovina na bokoch, ktor\u00e1 umo\u017e\u0148uje poko\u017eke d\u00fdcha\u0165<\/li>\n<li>Vy\u0161\u00edvan\u00e9 logo na ramene<\/li>\n<li>V\u00fdstrihy v p\u00e1se<\/li>\n<\/ul>\n<p>Zlo\u017eenie: 71% bavlna \/ 29% polyester<\/p>\n<p>Mikinu je mo\u017en\u00e9 pra\u0165 pri teplote do 30 stup\u0148ov, nepou\u017e\u00edvajte bielidl\u00e1 ani chemick\u00e9 \u010distenie.<\/p>\n<p>Modelka na obr\u00e1zku je vysok\u00e1 179 cm, v\u00e1\u017ei 57 kg a p\u00f3zuje vo ve\u013ekosti S.<\/p>\n","protected":false},"excerpt":{"rendered":"<p>Kr\u00e1tka \u010dierna mikina so zipsom a kapuc\u0148ou. Tento model m\u00e1 skr\u00e1ten\u00fd strih, zv\u00fdraz\u0148uje p\u00e1s, m\u00e1 vykrojen\u00e9 detaily a p\u00f4sob\u00ed ve\u013emi \u017eensky a \u0161t\u00fdlovo. Mikina m\u00e1 zauj\u00edmav\u00fd detail &#8211; sie\u0165ovinu na bokoch, ktor\u00e1 dod\u00e1va \u0161portov\u00fd vzh\u013ead a umo\u017e\u0148uje poko\u017eke d\u00fdcha\u0165. M\u00e1 predn\u00fd zips s vygrav\u00edrovan\u00fdm logom, \u0161irok\u00fa kapuc\u0148u a so \u0161n\u00farkami &#8220;Peach Pump&#8221; po celej d\u013a\u017eke [&hellip;]<\/p>\n","protected":false},"featured_media":127861,"comment_status":"open","ping_status":"closed","template":"","meta":[],"product_brand":[],"product_cat":[925,1121],"product_tag":[],"class_list":{"0":"post-128352","1":"product","2":"type-product","3":"status-publish","4":"has-post-thumbnail","6":"product_cat-damske-bundy-sk","7":"product_cat-damske-mikiny-a-hoodies","8":"pa_cviat-cierne","9":"pa_razmer-m-sk-2","10":"pa_razmer-s-sk-2","11":"inventories-world","13":"first","14":"instock","15":"taxable","16":"shipping-taxable","17":"purchasable","18":"product-type-variable"},"_links":{"self":[{"href":"https:\/\/staging6.peach-pump.com\/en\/wp-json\/wp\/v2\/product\/128352","targetHints":{"allow":["GET"]}}],"collection":[{"href":"https:\/\/staging6.peach-pump.com\/en\/wp-json\/wp\/v2\/product"}],"about":[{"href":"https:\/\/staging6.peach-pump.com\/en\/wp-json\/wp\/v2\/types\/product"}],"replies":[{"embeddable":true,"href":"https:\/\/staging6.peach-pump.com\/en\/wp-json\/wp\/v2\/comments?post=128352"}],"version-history":[{"count":0,"href":"https:\/\/staging6.peach-pump.com\/en\/wp-json\/wp\/v2\/product\/128352\/revisions"}],"wp:featuredmedia":[{"embeddable":true,"href":"https:\/\/staging6.peach-pump.com\/en\/wp-json\/wp\/v2\/media\/127861"}],"wp:attachment":[{"href":"https:\/\/staging6.peach-pump.com\/en\/wp-json\/wp\/v2\/media?parent=128352"}],"wp:term":[{"taxonomy":"product_brand","embeddable":true,"href":"https:\/\/staging6.peach-pump.com\/en\/wp-json\/wp\/v2\/product_brand?post=128352"},{"taxonomy":"product_cat","embeddable":true,"href":"https:\/\/staging6.peach-pump.com\/en\/wp-json\/wp\/v2\/product_cat?post=128352"},{"taxonomy":"product_tag","embeddable":true,"href":"https:\/\/staging6.peach-pump.com\/en\/wp-json\/wp\/v2\/product_tag?post=128352"}],"curies":[{"name":"wp","href":"https:\/\/api.w.org\/{rel}","templated":true}]}}