{"id":129355,"date":"2025-09-09T21:56:51","date_gmt":"2025-09-09T19:56:51","guid":{"rendered":"https:\/\/staging6.peach-pump.com\/products\/bezova-sportova-podprsenka-s-napisom-peach-pump\/"},"modified":"2025-11-10T16:01:14","modified_gmt":"2025-11-10T14:01:14","slug":"bezova-sportova-podprsenka-s-napisom-peach-pump","status":"publish","type":"product","link":"https:\/\/staging6.peach-pump.com\/sk\/products\/bezova-sportova-podprsenka-s-napisom-peach-pump\/","title":{"rendered":"B\u00e9\u017eov\u00e1 \u0161portov\u00e1 podprsenka s n\u00e1pisom Peach Pump"},"content":{"rendered":"<p>B\u00e9\u017eov\u00e1 \u0161portov\u00e1 podprsenka s bielymi predn\u00fdmi ramienkami a b\u00e9\u017eov\u00fdm n\u00e1pisom Peach Pump. Model m\u00e1 vypch\u00e1vky s ve\u013emi ob\u013e\u00faben\u00fdm super push-up efektom, ktor\u00fd je ur\u010den\u00fd pre \u017eeny, ktor\u00e9 sa chc\u00fa c\u00edti\u0165 sebavedomo, sexy a \u0161t\u00fdlovo v posil\u0148ovni aj mimo nej. Elastick\u00e1 a priedu\u0161n\u00e1 tkanina poskytuje pohodlie, r\u00fdchlo odv\u00e1dza vlhkos\u0165 od tela a bude v\u00e1s udr\u017eiava\u0165 svie\u017eou. Podprsenka m\u00e1 zauj\u00edmav\u00fd, elastick\u00fd chrb\u00e1t s viacstup\u0148ov\u00fdm zap\u00ednan\u00edm pre lep\u0161iu podporu poprsia po\u010das tr\u00e9ningu. Vhodn\u00e9 do posil\u0148ovne, na jogu, kardio, aer\u00f3bne cvi\u010denia alebo na ka\u017edodenn\u00e9 nosenie. K dispoz\u00edcii vo viacer\u00fdch trendov\u00fdch a \u013eahko kombinovate\u013en\u00fdch farb\u00e1ch. Tento model podprsenky Peach Pump je nov\u00fdm must-have , ktor\u00fd mus\u00edte prida\u0165 do svojho \u0161atn\u00edka.      <\/p>\n<ul>\n<li>Modern\u00fd dizajn<\/li>\n<li>Vypch\u00e1vky Super Push-up, ktor\u00e9 sa daj\u00fa odstr\u00e1ni\u0165<\/li>\n<li>Predn\u00e9 ramienka s n\u00e1pisom Peach Pump<\/li>\n<li>Logo Peach Pump vpredu<\/li>\n<li>Elastick\u00e9 skr\u00ed\u017een\u00e9 ramienka na chrbte<\/li>\n<li>Nastavite\u013en\u00e9 upevnenie v nieko\u013ek\u00fdch stup\u0148och<\/li>\n<\/ul>\n<p>Zlo\u017eenie: 70% polyester, 30% spandex<\/p>\n<p>Podprsenku je mo\u017en\u00e9 pra\u0165 pri teplote do 30\u00b0C. Nepou\u017e\u00edva\u0165 bielenie alebo chemick\u00e9 \u010distenie.<\/p>\n<p>Modelka na obr\u00e1zku je vysok\u00e1 170 cm, v\u00e1\u017ei 50 kg a p\u00f3zuje vo ve\u013ekosti S.<\/p>\n<p>Na v\u00fdber presnej ve\u013ekosti pou\u017eite tabu\u013eky.<\/p>\n","protected":false},"excerpt":{"rendered":"<p>B\u00e9\u017eov\u00e1 \u0161portov\u00e1 podprsenka s bielymi predn\u00fdmi ramienkami a b\u00e9\u017eov\u00fdm n\u00e1pisom Peach Pump. Model m\u00e1 vypch\u00e1vky s ve\u013emi ob\u013e\u00faben\u00fdm super push-up efektom, ktor\u00fd je ur\u010den\u00fd pre \u017eeny, ktor\u00e9 sa chc\u00fa c\u00edti\u0165 sebavedomo, sexy a \u0161t\u00fdlovo v posil\u0148ovni aj mimo nej. Elastick\u00e1 a priedu\u0161n\u00e1 tkanina poskytuje pohodlie, r\u00fdchlo odv\u00e1dza vlhkos\u0165 od tela a bude v\u00e1s udr\u017eiava\u0165 svie\u017eou. [&hellip;]<\/p>\n","protected":false},"featured_media":128968,"comment_status":"open","ping_status":"closed","template":"","meta":[],"product_brand":[],"product_cat":[371],"product_tag":[],"class_list":{"0":"post-129355","1":"product","2":"type-product","3":"status-publish","4":"has-post-thumbnail","6":"product_cat-damske-sportovni-podprsenky","7":"pa_cviat-bezove-sk","8":"pa_razmer-l-sk","9":"pa_razmer-m-sk-2","10":"pa_razmer-s-sk-2","11":"inventories-world","13":"first","14":"instock","15":"taxable","16":"shipping-taxable","17":"purchasable","18":"product-type-variable"},"_links":{"self":[{"href":"https:\/\/staging6.peach-pump.com\/en\/wp-json\/wp\/v2\/product\/129355","targetHints":{"allow":["GET"]}}],"collection":[{"href":"https:\/\/staging6.peach-pump.com\/en\/wp-json\/wp\/v2\/product"}],"about":[{"href":"https:\/\/staging6.peach-pump.com\/en\/wp-json\/wp\/v2\/types\/product"}],"replies":[{"embeddable":true,"href":"https:\/\/staging6.peach-pump.com\/en\/wp-json\/wp\/v2\/comments?post=129355"}],"version-history":[{"count":0,"href":"https:\/\/staging6.peach-pump.com\/en\/wp-json\/wp\/v2\/product\/129355\/revisions"}],"wp:featuredmedia":[{"embeddable":true,"href":"https:\/\/staging6.peach-pump.com\/en\/wp-json\/wp\/v2\/media\/128968"}],"wp:attachment":[{"href":"https:\/\/staging6.peach-pump.com\/en\/wp-json\/wp\/v2\/media?parent=129355"}],"wp:term":[{"taxonomy":"product_brand","embeddable":true,"href":"https:\/\/staging6.peach-pump.com\/en\/wp-json\/wp\/v2\/product_brand?post=129355"},{"taxonomy":"product_cat","embeddable":true,"href":"https:\/\/staging6.peach-pump.com\/en\/wp-json\/wp\/v2\/product_cat?post=129355"},{"taxonomy":"product_tag","embeddable":true,"href":"https:\/\/staging6.peach-pump.com\/en\/wp-json\/wp\/v2\/product_tag?post=129355"}],"curies":[{"name":"wp","href":"https:\/\/api.w.org\/{rel}","templated":true}]}}