{"id":131653,"date":"2025-10-04T21:03:41","date_gmt":"2025-10-04T19:03:41","guid":{"rendered":"https:\/\/staging6.peach-pump.com\/products\/cierna-hruba-zimna-bunda-s-kapucnou-peach-pump\/"},"modified":"2025-11-07T18:46:47","modified_gmt":"2025-11-07T16:46:47","slug":"cierna-hruba-zimna-bunda-s-kapucnou-peach-pump","status":"publish","type":"product","link":"https:\/\/staging6.peach-pump.com\/sk\/products\/cierna-hruba-zimna-bunda-s-kapucnou-peach-pump\/","title":{"rendered":"\u010cierna hrub\u00e1 zimn\u00e1 bunda s kapuc\u0148ou Peach Pump"},"content":{"rendered":"<p>\u010cierna hrub\u00e1 zimn\u00e1 bunda s kapuc\u0148ou a v\u00fd\u0161ivkou vpredu &#8211; Peach Pump. Model m\u00e1 hust\u00fa bavlnen\u00fa v\u00fdpl\u0148, strih pod p\u00e1s, m\u00e1 nastavite\u013en\u00fd lem s elastick\u00fdmi viazankami, man\u017eetov\u00e9 ruk\u00e1vy s otvormi na palce, dve bo\u010dn\u00e9 \u0161ikm\u00e9 vreck\u00e1, ktor\u00e9 sa pre praktickos\u0165 uzatv\u00e1raj\u00fa zipsom. Vpredu je skryt\u00fd zips s krytom , ktor\u00fd sa uzatv\u00e1ra pomocou magnetov a vy\u0161\u00edvan\u00e9ho loga &#8220;Peach Pump&#8221; na prednej strane, vy\u0161\u00edvan\u00e9 logo &#8220;Peach Pump&#8221; aj na ramene.  <\/p>\n<p>Bunda m\u00e1 vysok\u00fd golier a nastavite\u013en\u00fa kapuc\u0148u pre maxim\u00e1lnu ochranu pred vetrom, m\u00e1 m\u00e4kk\u00fa \u010diernu pod\u0161\u00edvku. S t\u00fdmto modelom V\u00e1m bude teplo a z\u00e1rove\u0148 sa budete c\u00edti\u0165 kr\u00e1sne, sebavedomo a sexy. Bunda je vhodn\u00e1 na be\u017en\u00e9 aj \u0161portov\u00e9 nosenie, d\u00e1 sa \u013eahko kombinova\u0165.<\/p>\n<p>\u0160t\u00fdl a teplo v jednom, vytvoren\u00e9 s l\u00e1skou pre V\u00e1s!<\/p>\n<ul>\n<li>Zelen\u00e1 tepl\u00e1 zimn\u00e1 bunda s v\u00fdpl\u0148ou zo 100 % bavlny<\/li>\n<li>Vysok\u00e1 kvalita<\/li>\n<li>Kapuc\u0148a so zap\u00ednan\u00edm na ochranu pred vetrom<\/li>\n<li>Vysok\u00fd golier<\/li>\n<li>Predn\u00fd zips s krytom, ktor\u00e9 sa zatv\u00e1ra pomocou magnetov<\/li>\n<li>Bo\u010dn\u00e9 vreck\u00e1 na zips<\/li>\n<li>3D vy\u0161\u00edvan\u00e9 logo &#8220;Peach Pump&#8221; na prednej strane a ramene<\/li>\n<li>M\u00e4kk\u00e1 pod\u0161\u00edvka<\/li>\n<li>Elastick\u00e9 man\u017eety na ruk\u00e1voch s otvormi na palec<\/li>\n<li>Nastavite\u013en\u00fd lem s elastick\u00fdmi viazankami, ktor\u00e9 sa daj\u00fa stiahnu\u0165 v p\u00e1se<\/li>\n<\/ul>\n<p>Zlo\u017eenie vonkaj\u0161ia \u010das\u0165: 100% polyester V\u00fdpl\u0148: 100% bavlna<\/p>\n<p>Modelka na obr\u00e1zku je 180 cm vysok\u00e1 a v\u00e1\u017ei 58 kg a p\u00f3zuje vo ve\u013ekosti S.<\/p>\n<p>Na spr\u00e1vnu \u00fadr\u017ebu bundy dodr\u017eiavajte pokyny na \u0161t\u00edtku.<\/p>\n","protected":false},"excerpt":{"rendered":"<p>\u010cierna hrub\u00e1 zimn\u00e1 bunda s kapuc\u0148ou a v\u00fd\u0161ivkou vpredu &#8211; Peach Pump. Model m\u00e1 hust\u00fa bavlnen\u00fa v\u00fdpl\u0148, strih pod p\u00e1s, m\u00e1 nastavite\u013en\u00fd lem s elastick\u00fdmi viazankami, man\u017eetov\u00e9 ruk\u00e1vy s otvormi na palce, dve bo\u010dn\u00e9 \u0161ikm\u00e9 vreck\u00e1, ktor\u00e9 sa pre praktickos\u0165 uzatv\u00e1raj\u00fa zipsom. Vpredu je skryt\u00fd zips s krytom , ktor\u00fd sa uzatv\u00e1ra pomocou magnetov a [&hellip;]<\/p>\n","protected":false},"featured_media":131231,"comment_status":"open","ping_status":"closed","template":"","meta":[],"product_brand":[],"product_cat":[925],"product_tag":[],"class_list":{"0":"post-131653","1":"product","2":"type-product","3":"status-publish","4":"has-post-thumbnail","6":"product_cat-damske-bundy-sk","7":"pa_cviat-cierne","8":"pa_razmer-m-sk-2","9":"pa_razmer-s-sk-2","10":"inventories-world","12":"first","13":"instock","14":"taxable","15":"shipping-taxable","16":"purchasable","17":"product-type-variable"},"_links":{"self":[{"href":"https:\/\/staging6.peach-pump.com\/en\/wp-json\/wp\/v2\/product\/131653","targetHints":{"allow":["GET"]}}],"collection":[{"href":"https:\/\/staging6.peach-pump.com\/en\/wp-json\/wp\/v2\/product"}],"about":[{"href":"https:\/\/staging6.peach-pump.com\/en\/wp-json\/wp\/v2\/types\/product"}],"replies":[{"embeddable":true,"href":"https:\/\/staging6.peach-pump.com\/en\/wp-json\/wp\/v2\/comments?post=131653"}],"version-history":[{"count":0,"href":"https:\/\/staging6.peach-pump.com\/en\/wp-json\/wp\/v2\/product\/131653\/revisions"}],"wp:featuredmedia":[{"embeddable":true,"href":"https:\/\/staging6.peach-pump.com\/en\/wp-json\/wp\/v2\/media\/131231"}],"wp:attachment":[{"href":"https:\/\/staging6.peach-pump.com\/en\/wp-json\/wp\/v2\/media?parent=131653"}],"wp:term":[{"taxonomy":"product_brand","embeddable":true,"href":"https:\/\/staging6.peach-pump.com\/en\/wp-json\/wp\/v2\/product_brand?post=131653"},{"taxonomy":"product_cat","embeddable":true,"href":"https:\/\/staging6.peach-pump.com\/en\/wp-json\/wp\/v2\/product_cat?post=131653"},{"taxonomy":"product_tag","embeddable":true,"href":"https:\/\/staging6.peach-pump.com\/en\/wp-json\/wp\/v2\/product_tag?post=131653"}],"curies":[{"name":"wp","href":"https:\/\/api.w.org\/{rel}","templated":true}]}}