{"id":131665,"date":"2025-09-27T12:13:11","date_gmt":"2025-09-27T10:13:11","guid":{"rendered":"https:\/\/staging6.peach-pump.com\/products\/ruzova-mikina-na-zips-s-napisom-peach-pump\/"},"modified":"2025-11-10T12:06:24","modified_gmt":"2025-11-10T10:06:24","slug":"ruzova-mikina-na-zips-s-napisom-peach-pump","status":"publish","type":"product","link":"https:\/\/staging6.peach-pump.com\/sk\/products\/ruzova-mikina-na-zips-s-napisom-peach-pump\/","title":{"rendered":"Ru\u017eov\u00e1 mikina na zips s n\u00e1pisom Peach Pump"},"content":{"rendered":"<p>Ru\u017eov\u00e1 mikina na zips s n\u00e1pisom &#8220;Peach Pump&#8221; po celej d\u013a\u017eke. M\u00e1 vysok\u00fd golier, ruk\u00e1vy s otvormi na palce, klokanie predn\u00e9 vrecko a vy\u0161it\u00e9 3D logo &#8220;Peach Pump&#8221; na ramene. Strih je vo\u013en\u00fd, m\u00e1 elastick\u00fd p\u00e1s. Mikina je vyroben\u00e1 z priedu\u0161nej tkaniny, ktor\u00e1 nezadr\u017eiava vlhkos\u0165 v tele, je vhodn\u00e1 na beh, silov\u00fd a anaer\u00f3bny tr\u00e9ning na prech\u00e1dzku alebo do parku. D\u00e1 sa skombinova\u0165 s leg\u00ednami a \u010diapkou, \u010d\u00edm dokonale dotvor\u00edte svoj outfit Peach Pump.    <\/p>\n<ul>\n<li>Vysok\u00fd golier na zips s n\u00e1pisom &#8220;Peach Pump&#8221; po celej d\u013a\u017eke<\/li>\n<li>Vo\u013en\u00fd strih<\/li>\n<li>Gumi\u010dka s viazan\u00edm v p\u00e1se<\/li>\n<li>Predn\u00e9 vrecko<\/li>\n<li>Ruk\u00e1vy s otvormi na palce<\/li>\n<li>3D vy\u0161\u00edvan\u00e9 logo &#8220;Peach Pump&#8221; na ramene<\/li>\n<li>Tkanina, ktor\u00e1 nezadr\u017eiava vlhkos\u0165 v tele<\/li>\n<\/ul>\n<p>Zlo\u017eenie: 74% bavlna \/ 20% polyester \/ 6% elastan<\/p>\n<p>Mikinu mo\u017eno pra\u0165 pri teplote do 30 stup\u0148ov, nepou\u017e\u00edvajte bielidl\u00e1 ani chemick\u00e9 \u010distenie.<\/p>\n<p>Modelka na obr\u00e1zku je vysok\u00e1 170 cm, v\u00e1\u017ei 49 kg a p\u00f3zuje vo ve\u013ekosti S.<\/p>\n","protected":false},"excerpt":{"rendered":"<p>Ru\u017eov\u00e1 mikina na zips s n\u00e1pisom &#8220;Peach Pump&#8221; po celej d\u013a\u017eke. M\u00e1 vysok\u00fd golier, ruk\u00e1vy s otvormi na palce, klokanie predn\u00e9 vrecko a vy\u0161it\u00e9 3D logo &#8220;Peach Pump&#8221; na ramene. Strih je vo\u013en\u00fd, m\u00e1 elastick\u00fd p\u00e1s. Mikina je vyroben\u00e1 z priedu\u0161nej tkaniny, ktor\u00e1 nezadr\u017eiava vlhkos\u0165 v tele, je vhodn\u00e1 na beh, silov\u00fd a anaer\u00f3bny tr\u00e9ning [&hellip;]<\/p>\n","protected":false},"featured_media":130160,"comment_status":"open","ping_status":"closed","template":"","meta":[],"product_brand":[],"product_cat":[370,1121],"product_tag":[],"class_list":{"0":"post-131665","1":"product","2":"type-product","3":"status-publish","4":"has-post-thumbnail","6":"product_cat-damske-sportove-bluzky","7":"product_cat-damske-mikiny-a-hoodies","8":"pa_cviat-ruzovo","9":"pa_razmer-m-sk-2","10":"pa_razmer-s-sk-2","11":"inventories-world","13":"first","14":"instock","15":"taxable","16":"shipping-taxable","17":"purchasable","18":"product-type-variable"},"_links":{"self":[{"href":"https:\/\/staging6.peach-pump.com\/en\/wp-json\/wp\/v2\/product\/131665","targetHints":{"allow":["GET"]}}],"collection":[{"href":"https:\/\/staging6.peach-pump.com\/en\/wp-json\/wp\/v2\/product"}],"about":[{"href":"https:\/\/staging6.peach-pump.com\/en\/wp-json\/wp\/v2\/types\/product"}],"replies":[{"embeddable":true,"href":"https:\/\/staging6.peach-pump.com\/en\/wp-json\/wp\/v2\/comments?post=131665"}],"version-history":[{"count":0,"href":"https:\/\/staging6.peach-pump.com\/en\/wp-json\/wp\/v2\/product\/131665\/revisions"}],"wp:featuredmedia":[{"embeddable":true,"href":"https:\/\/staging6.peach-pump.com\/en\/wp-json\/wp\/v2\/media\/130160"}],"wp:attachment":[{"href":"https:\/\/staging6.peach-pump.com\/en\/wp-json\/wp\/v2\/media?parent=131665"}],"wp:term":[{"taxonomy":"product_brand","embeddable":true,"href":"https:\/\/staging6.peach-pump.com\/en\/wp-json\/wp\/v2\/product_brand?post=131665"},{"taxonomy":"product_cat","embeddable":true,"href":"https:\/\/staging6.peach-pump.com\/en\/wp-json\/wp\/v2\/product_cat?post=131665"},{"taxonomy":"product_tag","embeddable":true,"href":"https:\/\/staging6.peach-pump.com\/en\/wp-json\/wp\/v2\/product_tag?post=131665"}],"curies":[{"name":"wp","href":"https:\/\/api.w.org\/{rel}","templated":true}]}}