{"id":134576,"date":"2025-11-05T14:40:34","date_gmt":"2025-11-05T12:40:34","guid":{"rendered":"https:\/\/staging6.peach-pump.com\/products\/ruzove-sportove-leginy-so-sirokymi-nohavicami\/"},"modified":"2025-11-10T15:16:34","modified_gmt":"2025-11-10T13:16:34","slug":"ruzove-sportove-leginy-so-sirokymi-nohavicami","status":"publish","type":"product","link":"https:\/\/staging6.peach-pump.com\/sk\/products\/ruzove-sportove-leginy-so-sirokymi-nohavicami\/","title":{"rendered":"Ru\u017eov\u00e9 \u0161portov\u00e9 leg\u00edny so \u0161irok\u00fdmi nohavicami"},"content":{"rendered":"<p>Tieto ru\u017eov\u00e9 \u0161portov\u00e9 leg\u00edny so \u0161irok\u00fdmi rovn\u00fdmi nohavicami s\u00fa ide\u00e1lnou vo\u013ebou na tr\u00e9ning aj na ka\u017edodenn\u00fd \u017eivot. S\u00fa vyroben\u00e9 z m\u00e4kkej, elastickej a priedu\u0161nej tkaniny, ktor\u00e1 poskytuje vo\u013enos\u0165 pohybu a dokonale prilieha k telu so strihom, ktor\u00fd predl\u017euje siluetu. Tkanina je jemn\u00e1 k poko\u017eke a nepresvit\u00e1 ani pri intenz\u00edvnej\u0161om cvi\u010den\u00ed. Vhodn\u00e9 na jogu, pilates, do posil\u0148ovne alebo na prech\u00e1dzku &#8211; leg\u00edny bud\u00fa va\u0161ou novou ob\u013e\u00fabenou vo\u013ebou pre pohodlie a sebavedomie ka\u017ed\u00fd de\u0148.   <\/p>\n<ul>\n<li>Rovn\u00fd strih, ktor\u00fd predl\u017euje siluetu<\/li>\n<li>M\u00e4kk\u00e1, pru\u017en\u00e1 a priedu\u0161n\u00e1 tkanina<\/li>\n<li>Ploch\u00e9 \u0161vy<\/li>\n<li>Bez\u0161vov\u00e9 vpredu<\/li>\n<li>Tepelne vytla\u010den\u00e9 3D logo Peach Pump na p\u00e1se a \u013eavej prednej \u010dasti leg\u00edn<\/li>\n<li>Tkanina, ktor\u00e1 nezadr\u017eiava vlhkos\u0165 v tele<\/li>\n<\/ul>\n<p>Zlo\u017eenie: spandex a polyester<\/p>\n<p>Leg\u00edny je mo\u017en\u00e9 pra\u0165 pri teplote do 30 stup\u0148ov, pros\u00edm, nebie\u013ete, nesu\u0161te v bubnovej su\u0161i\u010dke ani ne\u010distite chemicky.<\/p>\n<p>Modelka na fotografii je vysok\u00e1 165 cm, v\u00e1\u017ei 54 kg a p\u00f3zuje vo ve\u013ekosti S.<\/p>\n<p>Na v\u00fdber presnej ve\u013ekosti pou\u017eite tabu\u013eky.<\/p>\n<p>&nbsp;<\/p>\n","protected":false},"excerpt":{"rendered":"<p>Tieto ru\u017eov\u00e9 \u0161portov\u00e9 leg\u00edny so \u0161irok\u00fdmi rovn\u00fdmi nohavicami s\u00fa ide\u00e1lnou vo\u013ebou na tr\u00e9ning aj na ka\u017edodenn\u00fd \u017eivot. S\u00fa vyroben\u00e9 z m\u00e4kkej, elastickej a priedu\u0161nej tkaniny, ktor\u00e1 poskytuje vo\u013enos\u0165 pohybu a dokonale prilieha k telu so strihom, ktor\u00fd predl\u017euje siluetu. Tkanina je jemn\u00e1 k poko\u017eke a nepresvit\u00e1 ani pri intenz\u00edvnej\u0161om cvi\u010den\u00ed. Vhodn\u00e9 na jogu, pilates, do [&hellip;]<\/p>\n","protected":false},"featured_media":134357,"comment_status":"open","ping_status":"closed","template":"","meta":[],"product_brand":[],"product_cat":[313,148],"product_tag":[],"class_list":{"0":"post-134576","1":"product","2":"type-product","3":"status-publish","4":"has-post-thumbnail","6":"product_cat-damske-leginy-dlhe","7":"product_cat-damske-sportove-leginy","8":"pa_cviat-ruzovo","9":"pa_razmer-l-sk","10":"pa_razmer-m-sk-2","11":"pa_razmer-s-sk-2","12":"inventories-world","14":"first","15":"instock","16":"taxable","17":"shipping-taxable","18":"purchasable","19":"product-type-variable"},"_links":{"self":[{"href":"https:\/\/staging6.peach-pump.com\/sk\/wp-json\/wp\/v2\/product\/134576","targetHints":{"allow":["GET"]}}],"collection":[{"href":"https:\/\/staging6.peach-pump.com\/sk\/wp-json\/wp\/v2\/product"}],"about":[{"href":"https:\/\/staging6.peach-pump.com\/sk\/wp-json\/wp\/v2\/types\/product"}],"replies":[{"embeddable":true,"href":"https:\/\/staging6.peach-pump.com\/sk\/wp-json\/wp\/v2\/comments?post=134576"}],"version-history":[{"count":0,"href":"https:\/\/staging6.peach-pump.com\/sk\/wp-json\/wp\/v2\/product\/134576\/revisions"}],"wp:featuredmedia":[{"embeddable":true,"href":"https:\/\/staging6.peach-pump.com\/sk\/wp-json\/wp\/v2\/media\/134357"}],"wp:attachment":[{"href":"https:\/\/staging6.peach-pump.com\/sk\/wp-json\/wp\/v2\/media?parent=134576"}],"wp:term":[{"taxonomy":"product_brand","embeddable":true,"href":"https:\/\/staging6.peach-pump.com\/sk\/wp-json\/wp\/v2\/product_brand?post=134576"},{"taxonomy":"product_cat","embeddable":true,"href":"https:\/\/staging6.peach-pump.com\/sk\/wp-json\/wp\/v2\/product_cat?post=134576"},{"taxonomy":"product_tag","embeddable":true,"href":"https:\/\/staging6.peach-pump.com\/sk\/wp-json\/wp\/v2\/product_tag?post=134576"}],"curies":[{"name":"wp","href":"https:\/\/api.w.org\/{rel}","templated":true}]}}