{"id":33238,"date":"2022-09-24T15:26:21","date_gmt":"2022-09-24T13:26:21","guid":{"rendered":"https:\/\/staging6.peach-pump.com\/products\/svetlozelene-leginy-s-vysokym-pasom-bezsvove-a-tvarujuce\/"},"modified":"2025-10-22T12:36:06","modified_gmt":"2025-10-22T10:36:06","slug":"svetlo-zelene-leginy-bezsvove-tvarujuce","status":"publish","type":"product","link":"https:\/\/staging6.peach-pump.com\/sk\/products\/svetlo-zelene-leginy-bezsvove-tvarujuce\/","title":{"rendered":"Svetlozelen\u00e9 leg\u00edny s vysok\u00fdm p\u00e1som, bez\u0161vov\u00e9 a tvaruj\u00face"},"content":{"rendered":"<p>Svetlozelen\u00fd klin m\u00e4tovej farby s ob\u013e\u00faben\u00fdm efektom Peach Pump , ktor\u00fd dokonale tvaruje a vytv\u00e1ra pocit \u013eahkosti a pohodlia. P\u00e1s je vyroben\u00fd z bez\u0161vovej tkaniny, m\u00e1 vysok\u00fd p\u00e1s a ripsov\u00fd p\u00e1s, ktor\u00fd jemne s\u0165ahuje p\u00e1s a tvaruje ho.<br \/>\nModel je vhodn\u00fd na fitnes tr\u00e9ning , jogu alebo kardio , s n\u00edm vyniknete a ka\u017ed\u00e9ho zaujmete.  Tento model m\u00f4\u017eete skombinova\u0165 s bustier v rovnakom vzore alebo si pozrite na\u0161e \u010fal\u0161ie farebn\u00e9 n\u00e1vrhy v sekcii &#8220;\u0160portov\u00e9 oble\u010denie&#8221;. Klin je vyroben\u00fd z pevnej\u0161ej tkaniny, na\u0161a modelka m\u00e1 na sebe ve\u013ekos\u0165 M.  <\/p>\n<ul>\n<li>Vysok\u00fd p\u00e1s<\/li>\n<li>Bez\u0161vov\u00e1 tkanina<\/li>\n<li>Zdv\u00edha, tvaruje, zakr\u00fdva probl\u00e9mov\u00e9 oblasti<\/li>\n<li>Opasok obop\u00ednaj\u00faci p\u00e1s<\/li>\n<li>Peachy efekt<\/li>\n<li>Bez\u0161vov\u00e9 vpredu<\/li>\n<li>Tepelne vytla\u010den\u00e9 Peach Pump logo na zadnej strane leg\u00edn<\/li>\n<li>Technol\u00f3gia odstra\u0148ovania potu<\/li>\n<\/ul>\n<p> Zlo\u017eenie: 80% polyester, 20% spandex. Mikinu je mo\u017en\u00e9 pra\u0165 pri teplote do 30 stup\u0148ov, nepou\u017e\u00edvajte bielidl\u00e1 ani chemick\u00e9 \u010distenie. Modelka na obr\u00e1zku je vysok\u00e1 178 cm, v\u00e1\u017ei 54 kg a p\u00f3zuje vo ve\u013ekosti M. Leg\u00edny s\u00fa z pevnej\u0161ej l\u00e1tky. Na v\u00fdber presnej ve\u013ekosti pou\u017eite tabu\u013eky.<\/p>\n","protected":false},"excerpt":{"rendered":"<p>Svetlozelen\u00fd klin m\u00e4tovej farby s ob\u013e\u00faben\u00fdm efektom Peach Pump , ktor\u00fd dokonale tvaruje a vytv\u00e1ra pocit \u013eahkosti a pohodlia. P\u00e1s je vyroben\u00fd z bez\u0161vovej tkaniny, m\u00e1 vysok\u00fd p\u00e1s a ripsov\u00fd p\u00e1s, ktor\u00fd jemne s\u0165ahuje p\u00e1s a tvaruje ho. Model je vhodn\u00fd na fitnes tr\u00e9ning , jogu alebo kardio , s n\u00edm vyniknete a ka\u017ed\u00e9ho zaujmete. [&hellip;]<\/p>\n","protected":false},"featured_media":20457,"comment_status":"open","ping_status":"closed","template":"","meta":[],"product_brand":[],"product_cat":[148,313],"product_tag":[],"class_list":{"0":"post-33238","1":"product","2":"type-product","3":"status-publish","4":"has-post-thumbnail","6":"product_cat-damske-sportove-leginy","7":"product_cat-damske-leginy-dlhe","8":"pa_cviat-zelene-sk","9":"pa_razmer-l-sk","10":"pa_razmer-m-sk-2","11":"pa_razmer-s-sk-2","12":"inventories-world","13":"inventories-uk","15":"first","16":"instock","17":"taxable","18":"shipping-taxable","19":"purchasable","20":"product-type-variable"},"_links":{"self":[{"href":"https:\/\/staging6.peach-pump.com\/sk\/wp-json\/wp\/v2\/product\/33238","targetHints":{"allow":["GET"]}}],"collection":[{"href":"https:\/\/staging6.peach-pump.com\/sk\/wp-json\/wp\/v2\/product"}],"about":[{"href":"https:\/\/staging6.peach-pump.com\/sk\/wp-json\/wp\/v2\/types\/product"}],"replies":[{"embeddable":true,"href":"https:\/\/staging6.peach-pump.com\/sk\/wp-json\/wp\/v2\/comments?post=33238"}],"version-history":[{"count":0,"href":"https:\/\/staging6.peach-pump.com\/sk\/wp-json\/wp\/v2\/product\/33238\/revisions"}],"wp:featuredmedia":[{"embeddable":true,"href":"https:\/\/staging6.peach-pump.com\/sk\/wp-json\/wp\/v2\/media\/20457"}],"wp:attachment":[{"href":"https:\/\/staging6.peach-pump.com\/sk\/wp-json\/wp\/v2\/media?parent=33238"}],"wp:term":[{"taxonomy":"product_brand","embeddable":true,"href":"https:\/\/staging6.peach-pump.com\/sk\/wp-json\/wp\/v2\/product_brand?post=33238"},{"taxonomy":"product_cat","embeddable":true,"href":"https:\/\/staging6.peach-pump.com\/sk\/wp-json\/wp\/v2\/product_cat?post=33238"},{"taxonomy":"product_tag","embeddable":true,"href":"https:\/\/staging6.peach-pump.com\/sk\/wp-json\/wp\/v2\/product_tag?post=33238"}],"curies":[{"name":"wp","href":"https:\/\/api.w.org\/{rel}","templated":true}]}}