{"id":33341,"date":"2022-09-27T10:40:30","date_gmt":"2022-09-27T08:40:30","guid":{"rendered":"https:\/\/staging6.peach-pump.com\/products\/tvarovacie-pevne-ripstopove-leginy-vo-farbe-kavy\/"},"modified":"2025-07-24T12:16:49","modified_gmt":"2025-07-24T10:16:49","slug":"tvarovacie-pevne-ripstopove-leginy-vo-farbe-kavy","status":"publish","type":"product","link":"https:\/\/staging6.peach-pump.com\/sk\/products\/tvarovacie-pevne-ripstopove-leginy-vo-farbe-kavy\/","title":{"rendered":"Tvarovacie pevn\u00e9 ripstopov\u00e9 leg\u00edny vo farbe &#8220;K\u00e1vy&#8221;"},"content":{"rendered":"<p>Bez\u0161vov\u00e9 ripstopov\u00e9 leg\u00edny z pevnej, priedu\u0161nej tkaniny v hnedej farbe &#8220;K\u00e1vy&#8221;. Tento model je vyroben\u00fd z ripstopovej tkaniny, m\u00e1 vysok\u00fd p\u00e1s, je pevnej\u0161\u00ed, ide\u00e1lny na chladnej\u0161ie jesenn\u00e9 a zimn\u00e9 dni. Leg\u00edny maj\u00fa \u0161irok\u00fd p\u00e1s, tvaruj\u00faci a zdv\u00edhaj\u00faci efekt, tak ob\u013e\u00faben\u00fd u na\u0161ej zna\u010dky. Tieto leg\u00edny v\u00e1s ohromia svojou jemnos\u0165ou, hrejivos\u0165ou a sp\u00f4sobom, ak\u00fdm vymodeluj\u00fa va\u0161u postavu. Model m\u00f4\u017eete skombinova\u0165 s bl\u00fazkou alebo bustierom, pozrite si na\u0161e n\u00e1vrhy.  <\/p>\n<ul>\n<li> Vysok\u00fd p\u00e1s<\/li>\n<li> Bez\u0161vov\u00e1 ripstopov\u00e1 tkanina<\/li>\n<li> Zdv\u00edha, tvaruje, zakr\u00fdva probl\u00e9mov\u00e9 oblasti<\/li>\n<li> Pevnej\u0161ie<\/li>\n<li> Opasok obop\u00ednaj\u00faci p\u00e1s<\/li>\n<li> Peachy efekt<\/li>\n<li> Bez\u0161vov\u00e9 vpredu<\/li>\n<li> Tepelne vytla\u010den\u00e9 Peach Pump logo na zadnej strane leg\u00edn<\/li>\n<li> Tkanina na odstra\u0148ovanie potu<\/li>\n<\/ul>\n<p> Zlo\u017eenie: 80% polyester, 20% spandex. Leg\u00edny je mo\u017en\u00e9 pra\u0165 pri teplote do 30\u00b0C. Nepou\u017e\u00edva\u0165 bielenie alebo chemick\u00e9 \u010distenie. Modelka na obr\u00e1zku je vysok\u00e1 178 cm, v\u00e1\u017ei 54 kg a p\u00f3zuje vo ve\u013ekosti M. Na v\u00fdber presnej ve\u013ekosti pou\u017eite tabu\u013eky.<\/p>\n","protected":false},"excerpt":{"rendered":"<p>Bez\u0161vov\u00e9 ripstopov\u00e9 leg\u00edny z pevnej, priedu\u0161nej tkaniny v hnedej farbe &#8220;K\u00e1vy&#8221;. Tento model je vyroben\u00fd z ripstopovej tkaniny, m\u00e1 vysok\u00fd p\u00e1s, je pevnej\u0161\u00ed, ide\u00e1lny na chladnej\u0161ie jesenn\u00e9 a zimn\u00e9 dni. Leg\u00edny maj\u00fa \u0161irok\u00fd p\u00e1s, tvaruj\u00faci a zdv\u00edhaj\u00faci efekt, tak ob\u013e\u00faben\u00fd u na\u0161ej zna\u010dky. Tieto leg\u00edny v\u00e1s ohromia svojou jemnos\u0165ou, hrejivos\u0165ou a sp\u00f4sobom, ak\u00fdm vymodeluj\u00fa va\u0161u [&hellip;]<\/p>\n","protected":false},"featured_media":20976,"comment_status":"open","ping_status":"closed","template":"","meta":[],"product_brand":[],"product_cat":[148,313],"product_tag":[],"class_list":{"0":"post-33341","1":"product","2":"type-product","3":"status-publish","4":"has-post-thumbnail","6":"product_cat-damske-sportove-leginy","7":"product_cat-damske-leginy-dlhe","8":"pa_cviat-hneda-sk","9":"pa_razmer-l-sk","10":"pa_razmer-m-sk-2","11":"pa_razmer-s-sk-2","12":"inventories-world","13":"inventories-uk","15":"first","16":"instock","17":"taxable","18":"shipping-taxable","19":"purchasable","20":"product-type-variable"},"_links":{"self":[{"href":"https:\/\/staging6.peach-pump.com\/en\/wp-json\/wp\/v2\/product\/33341","targetHints":{"allow":["GET"]}}],"collection":[{"href":"https:\/\/staging6.peach-pump.com\/en\/wp-json\/wp\/v2\/product"}],"about":[{"href":"https:\/\/staging6.peach-pump.com\/en\/wp-json\/wp\/v2\/types\/product"}],"replies":[{"embeddable":true,"href":"https:\/\/staging6.peach-pump.com\/en\/wp-json\/wp\/v2\/comments?post=33341"}],"version-history":[{"count":0,"href":"https:\/\/staging6.peach-pump.com\/en\/wp-json\/wp\/v2\/product\/33341\/revisions"}],"wp:featuredmedia":[{"embeddable":true,"href":"https:\/\/staging6.peach-pump.com\/en\/wp-json\/wp\/v2\/media\/20976"}],"wp:attachment":[{"href":"https:\/\/staging6.peach-pump.com\/en\/wp-json\/wp\/v2\/media?parent=33341"}],"wp:term":[{"taxonomy":"product_brand","embeddable":true,"href":"https:\/\/staging6.peach-pump.com\/en\/wp-json\/wp\/v2\/product_brand?post=33341"},{"taxonomy":"product_cat","embeddable":true,"href":"https:\/\/staging6.peach-pump.com\/en\/wp-json\/wp\/v2\/product_cat?post=33341"},{"taxonomy":"product_tag","embeddable":true,"href":"https:\/\/staging6.peach-pump.com\/en\/wp-json\/wp\/v2\/product_tag?post=33341"}],"curies":[{"name":"wp","href":"https:\/\/api.w.org\/{rel}","templated":true}]}}