{"id":33377,"date":"2022-09-24T15:37:46","date_gmt":"2022-09-24T13:37:46","guid":{"rendered":"https:\/\/staging6.peach-pump.com\/products\/bezsvove-tmavomodre-sportove-leginy-s-vysokym-pasom\/"},"modified":"2025-11-10T20:24:45","modified_gmt":"2025-11-10T18:24:45","slug":"bezsvove-tmavomodre-leginy-vysoky-pas","status":"publish","type":"product","link":"https:\/\/staging6.peach-pump.com\/sk\/products\/bezsvove-tmavomodre-leginy-vysoky-pas\/","title":{"rendered":"Bez\u0161vov\u00e9 tmavomodr\u00e9 \u0161portov\u00e9 leg\u00edny s vysok\u00fdm p\u00e1som"},"content":{"rendered":"<p>Bez\u0161vov\u00e9 \u0161portov\u00e9 leg\u00edny v tmavomodrej farbe s ob\u013e\u00faben\u00fdm Peach Pump efektom, dokonale modeluj\u00fa telo a vytv\u00e1raj\u00fa pocit \u013eahkosti a pohodlia. P\u00e1s je vyroben\u00fd z pevnej bez\u0161vovej tkaniny, m\u00e1 vysok\u00fd p\u00e1s a ripsov\u00fd p\u00e1s, ktor\u00fd s\u0165ahuje p\u00e1s a tvaruje ho.<br \/>\nModel je vhodn\u00fd na prech\u00e1dzku alebo do posil\u0148ovne , s n\u00edm vyniknete a ka\u017ed\u00e9ho zaujmete.  Tento model m\u00f4\u017eete skombinova\u0165 s bustier v rovnakom vzore alebo si pozrite na\u0161e \u010fal\u0161ie farebn\u00e9 n\u00e1vrhy v sekcii &#8220;\u0160portov\u00e9 oble\u010denie&#8221;. Rozkrok je z pevnej\u0161ej tkaniny, na\u0161a modelka m\u00e1 na sebe ve\u013ekos\u0165 M.  <\/p>\n<ul>\n<li>Vysok\u00fd p\u00e1s<\/li>\n<li>Bez\u0161vov\u00e1 tkanina<\/li>\n<li>Zdv\u00edha, tvaruje, zakr\u00fdva probl\u00e9mov\u00e9 oblasti<\/li>\n<li>Opasok obop\u00ednaj\u00faci p\u00e1s<\/li>\n<li>Peachy efekt<\/li>\n<li>Bez\u0161vov\u00e9 vpredu<\/li>\n<li>Tepelne vytla\u010den\u00e9 Peach Pump logo na zadnej strane leg\u00edn<\/li>\n<li>Technol\u00f3gia odstra\u0148ovania potu<\/li>\n<\/ul>\n<p> Zlo\u017eenie: 80% polyester, 20% spandex. Mikinu je mo\u017en\u00e9 pra\u0165 pri teplote do 30 stup\u0148ov, nepou\u017e\u00edvajte bielidl\u00e1 ani chemick\u00e9 \u010distenie. Modelka na obr\u00e1zku je vysok\u00e1 178 cm, v\u00e1\u017ei 54 kg a p\u00f3zuje vo ve\u013ekosti M. Leg\u00edny s\u00fa z pevnej\u0161ej l\u00e1tky. Na v\u00fdber presnej ve\u013ekosti pou\u017eite tabu\u013eky.<\/p>\n","protected":false},"excerpt":{"rendered":"<p>Bez\u0161vov\u00e9 \u0161portov\u00e9 leg\u00edny v tmavomodrej farbe s ob\u013e\u00faben\u00fdm Peach Pump efektom, dokonale modeluj\u00fa telo a vytv\u00e1raj\u00fa pocit \u013eahkosti a pohodlia. P\u00e1s je vyroben\u00fd z pevnej bez\u0161vovej tkaniny, m\u00e1 vysok\u00fd p\u00e1s a ripsov\u00fd p\u00e1s, ktor\u00fd s\u0165ahuje p\u00e1s a tvaruje ho. Model je vhodn\u00fd na prech\u00e1dzku alebo do posil\u0148ovne , s n\u00edm vyniknete a ka\u017ed\u00e9ho zaujmete. Tento [&hellip;]<\/p>\n","protected":false},"featured_media":20471,"comment_status":"open","ping_status":"closed","template":"","meta":[],"product_brand":[],"product_cat":[148,313],"product_tag":[],"class_list":{"0":"post-33377","1":"product","2":"type-product","3":"status-publish","4":"has-post-thumbnail","6":"product_cat-damske-sportove-leginy","7":"product_cat-damske-leginy-dlhe","8":"pa_cviat-modr-sk","9":"pa_razmer-l-sk","10":"pa_razmer-m-sk-2","11":"pa_razmer-s-sk-2","12":"inventories-world","13":"inventories-uk","15":"first","16":"instock","17":"taxable","18":"shipping-taxable","19":"purchasable","20":"product-type-variable"},"_links":{"self":[{"href":"https:\/\/staging6.peach-pump.com\/sk\/wp-json\/wp\/v2\/product\/33377","targetHints":{"allow":["GET"]}}],"collection":[{"href":"https:\/\/staging6.peach-pump.com\/sk\/wp-json\/wp\/v2\/product"}],"about":[{"href":"https:\/\/staging6.peach-pump.com\/sk\/wp-json\/wp\/v2\/types\/product"}],"replies":[{"embeddable":true,"href":"https:\/\/staging6.peach-pump.com\/sk\/wp-json\/wp\/v2\/comments?post=33377"}],"version-history":[{"count":0,"href":"https:\/\/staging6.peach-pump.com\/sk\/wp-json\/wp\/v2\/product\/33377\/revisions"}],"wp:featuredmedia":[{"embeddable":true,"href":"https:\/\/staging6.peach-pump.com\/sk\/wp-json\/wp\/v2\/media\/20471"}],"wp:attachment":[{"href":"https:\/\/staging6.peach-pump.com\/sk\/wp-json\/wp\/v2\/media?parent=33377"}],"wp:term":[{"taxonomy":"product_brand","embeddable":true,"href":"https:\/\/staging6.peach-pump.com\/sk\/wp-json\/wp\/v2\/product_brand?post=33377"},{"taxonomy":"product_cat","embeddable":true,"href":"https:\/\/staging6.peach-pump.com\/sk\/wp-json\/wp\/v2\/product_cat?post=33377"},{"taxonomy":"product_tag","embeddable":true,"href":"https:\/\/staging6.peach-pump.com\/sk\/wp-json\/wp\/v2\/product_tag?post=33377"}],"curies":[{"name":"wp","href":"https:\/\/api.w.org\/{rel}","templated":true}]}}