{"id":33381,"date":"2022-09-24T15:52:25","date_gmt":"2022-09-24T13:52:25","guid":{"rendered":"https:\/\/staging6.peach-pump.com\/products\/cierne-bezsvove-leginy-s-tvarovacim-efektom\/"},"modified":"2025-11-09T19:52:33","modified_gmt":"2025-11-09T17:52:33","slug":"cierne-bezsvove-leginy-tvarovacie-sportove","status":"publish","type":"product","link":"https:\/\/staging6.peach-pump.com\/sk\/products\/cierne-bezsvove-leginy-tvarovacie-sportove\/","title":{"rendered":"\u010cierne bez\u0161vov\u00e9 leg\u00edny s tvarovac\u00edm efektom"},"content":{"rendered":"<p>Tvaruj\u00face \u010dierne bez\u0161vov\u00e9 leg\u00edny s ob\u013e\u00faben\u00fdm Peach Pump efektom, dokonale tvaruj\u00fa telo a vytv\u00e1raj\u00fa pocit \u013eahkosti a pohodlia. Leg\u00edny s\u00fa vyroben\u00e9 z priliehavej bez\u0161vovej tkaniny, maj\u00fa vysok\u00fd p\u00e1s a ripstopov\u00fd opasok, ktor\u00fd spev\u0148uje a tvaruje p\u00e1s. Tento model je vhodn\u00fd na kardio alebo fitness, s n\u00edm vyniknete a ka\u017ed\u00e9ho zaujmete, mo\u017eno ho kombinova\u0165 s podprsenkou v rovnakej farbe alebo si pozrite na\u0161e \u010fal\u0161ie farebn\u00e9 n\u00e1vrhy v kol\u00f3nke &#8211; &#8220;\u0160portov\u00e9 oble\u010denie&#8221;. Rozkrok je z pevnej\u0161ej tkaniny, na\u0161a modelka m\u00e1 na sebe ve\u013ekos\u0165 M.  <\/p>\n<ul>\n<li>Vysok\u00fd p\u00e1s<\/li>\n<li>Bez\u0161vov\u00e1 tkanina<\/li>\n<li>Zdv\u00edha, tvaruje, zakr\u00fdva probl\u00e9mov\u00e9 oblasti<\/li>\n<li>Opasok obop\u00ednaj\u00faci p\u00e1s<\/li>\n<li>Peachy efekt<\/li>\n<li>Bez\u0161vov\u00e9 vpredu<\/li>\n<li>Tepelne vytla\u010den\u00e9 Peach Pump logo na zadnej strane leg\u00edn<\/li>\n<li>Technol\u00f3gia odstra\u0148ovania potu<\/li>\n<\/ul>\n<p> Zlo\u017eenie: 80% polyester, 20% spandex. Leg\u00edny je mo\u017en\u00e9 pra\u0165 pri teplote do 30 \u00b0C. Nepou\u017e\u00edva\u0165 bielenie alebo chemick\u00e9 \u010distenie. Modelka na obr\u00e1zku je vysok\u00e1 178 cm, v\u00e1\u017ei 54 kg a p\u00f3zuje vo ve\u013ekosti M. Leg\u00edny s\u00fa z pevnej\u0161ej l\u00e1tky. Na v\u00fdber presnej ve\u013ekosti pou\u017eite tabu\u013eky.<\/p>\n","protected":false},"excerpt":{"rendered":"<p>Tvaruj\u00face \u010dierne bez\u0161vov\u00e9 leg\u00edny s ob\u013e\u00faben\u00fdm Peach Pump efektom, dokonale tvaruj\u00fa telo a vytv\u00e1raj\u00fa pocit \u013eahkosti a pohodlia. Leg\u00edny s\u00fa vyroben\u00e9 z priliehavej bez\u0161vovej tkaniny, maj\u00fa vysok\u00fd p\u00e1s a ripstopov\u00fd opasok, ktor\u00fd spev\u0148uje a tvaruje p\u00e1s. Tento model je vhodn\u00fd na kardio alebo fitness, s n\u00edm vyniknete a ka\u017ed\u00e9ho zaujmete, mo\u017eno ho kombinova\u0165 s podprsenkou [&hellip;]<\/p>\n","protected":false},"featured_media":20504,"comment_status":"open","ping_status":"closed","template":"","meta":[],"product_brand":[],"product_cat":[148,313],"product_tag":[],"class_list":{"0":"post-33381","1":"product","2":"type-product","3":"status-publish","4":"has-post-thumbnail","6":"product_cat-damske-sportove-leginy","7":"product_cat-damske-leginy-dlhe","8":"pa_cviat-cierne","9":"pa_razmer-l-sk","10":"pa_razmer-m-sk-2","11":"pa_razmer-s-sk-2","12":"inventories-world","13":"inventories-uk","15":"first","16":"instock","17":"taxable","18":"shipping-taxable","19":"purchasable","20":"product-type-variable"},"_links":{"self":[{"href":"https:\/\/staging6.peach-pump.com\/sk\/wp-json\/wp\/v2\/product\/33381","targetHints":{"allow":["GET"]}}],"collection":[{"href":"https:\/\/staging6.peach-pump.com\/sk\/wp-json\/wp\/v2\/product"}],"about":[{"href":"https:\/\/staging6.peach-pump.com\/sk\/wp-json\/wp\/v2\/types\/product"}],"replies":[{"embeddable":true,"href":"https:\/\/staging6.peach-pump.com\/sk\/wp-json\/wp\/v2\/comments?post=33381"}],"version-history":[{"count":0,"href":"https:\/\/staging6.peach-pump.com\/sk\/wp-json\/wp\/v2\/product\/33381\/revisions"}],"wp:featuredmedia":[{"embeddable":true,"href":"https:\/\/staging6.peach-pump.com\/sk\/wp-json\/wp\/v2\/media\/20504"}],"wp:attachment":[{"href":"https:\/\/staging6.peach-pump.com\/sk\/wp-json\/wp\/v2\/media?parent=33381"}],"wp:term":[{"taxonomy":"product_brand","embeddable":true,"href":"https:\/\/staging6.peach-pump.com\/sk\/wp-json\/wp\/v2\/product_brand?post=33381"},{"taxonomy":"product_cat","embeddable":true,"href":"https:\/\/staging6.peach-pump.com\/sk\/wp-json\/wp\/v2\/product_cat?post=33381"},{"taxonomy":"product_tag","embeddable":true,"href":"https:\/\/staging6.peach-pump.com\/sk\/wp-json\/wp\/v2\/product_tag?post=33381"}],"curies":[{"name":"wp","href":"https:\/\/api.w.org\/{rel}","templated":true}]}}