{"id":34210,"date":"2022-09-25T11:10:21","date_gmt":"2022-09-25T09:10:21","guid":{"rendered":"https:\/\/staging6.peach-pump.com\/products\/bezsvova-cierna-podprsenka-so-vsitymi-vypchavkami\/"},"modified":"2025-11-03T18:47:11","modified_gmt":"2025-11-03T16:47:11","slug":"bezsvova-cierna-podprsenka-vypchavky","status":"publish","type":"product","link":"https:\/\/staging6.peach-pump.com\/sk\/products\/bezsvova-cierna-podprsenka-vypchavky\/","title":{"rendered":"Bez\u0161vov\u00e1 \u010dierna podprsenka so v\u0161it\u00fdmi vypch\u00e1vkami"},"content":{"rendered":"<p>Bez\u0161vov\u00e9 \u0161portov\u00e9 \u010dierne poprsie so zabudovan\u00fdmi vypch\u00e1vkami, ktor\u00e9 sa nedaj\u00fa vybra\u0165.<br \/>\nModel je vyroben\u00fd z elastickej, priedu\u0161nej tkaniny, ktor\u00e1 odv\u00e1dza pot od tela a nezanech\u00e1va \u0161kvrny.  Podprsenku m\u00f4\u017eete nosi\u0165 aj pod oble\u010den\u00edm, bl\u00fazkou, svetrom alebo sakom, jeho dizajn je nen\u00e1padn\u00fd, budete c\u00edti\u0165 \u00fapln\u00e9 pohodlie a vo\u013enos\u0165 pohybu. Ve\u013ekos\u0165 je univerz\u00e1lna, m\u00e1 4-stup\u0148ov\u00e9 zap\u00ednanie a \u0161irok\u00fa elastick\u00fa gumu. Model je k dispoz\u00edcii v r\u00f4znych farb\u00e1ch, m\u00f4\u017eete ho kombinova\u0165 s leg\u00ednami rovnakej farby alebo in\u00fdmi. Pozrite si \u010das\u0165 &#8220;\u0160portov\u00e9 oble\u010denie&#8221;. <\/p>\n<ul>\n<li> V\u0161it\u00e9 vypch\u00e1vky<\/li>\n<li> Push-Up efekt<\/li>\n<li> Hlbok\u00fd rez cez chrb\u00e1t<\/li>\n<li> Ve\u013ek\u00e1 pru\u017enos\u0165<\/li>\n<li> \u0160tvorstup\u0148ov\u00e9 zap\u00ednanie<\/li>\n<li> Tepelne vytla\u010den\u00e9 Peach Pump logo na bo\u010dnej \u010dasti podprsenky<\/li>\n<li> Technol\u00f3gia odstra\u0148ovania potu<\/li>\n<\/ul>\n<p> Zlo\u017eenie: 80% polyester, 20% spandex. Podprsenku je mo\u017en\u00e9 pra\u0165 pri teplote do 30\u00b0C. Nepou\u017e\u00edva\u0165 bielenie alebo chemick\u00e9 \u010distenie. Modelka na fotografii je vysok\u00e1 178 cm, v\u00e1\u017ei 54 kg a p\u00f3zuje vo ve\u013ekosti M. Na v\u00fdber presnej ve\u013ekosti pou\u017eite tabu\u013eky.<\/p>\n","protected":false},"excerpt":{"rendered":"<p>Bez\u0161vov\u00e9 \u0161portov\u00e9 \u010dierne poprsie so zabudovan\u00fdmi vypch\u00e1vkami, ktor\u00e9 sa nedaj\u00fa vybra\u0165. Model je vyroben\u00fd z elastickej, priedu\u0161nej tkaniny, ktor\u00e1 odv\u00e1dza pot od tela a nezanech\u00e1va \u0161kvrny. Podprsenku m\u00f4\u017eete nosi\u0165 aj pod oble\u010den\u00edm, bl\u00fazkou, svetrom alebo sakom, jeho dizajn je nen\u00e1padn\u00fd, budete c\u00edti\u0165 \u00fapln\u00e9 pohodlie a vo\u013enos\u0165 pohybu. Ve\u013ekos\u0165 je univerz\u00e1lna, m\u00e1 4-stup\u0148ov\u00e9 zap\u00ednanie a \u0161irok\u00fa [&hellip;]<\/p>\n","protected":false},"featured_media":20674,"comment_status":"open","ping_status":"closed","template":"","meta":[],"product_brand":[],"product_cat":[371],"product_tag":[],"class_list":{"0":"post-34210","1":"product","2":"type-product","3":"status-publish","4":"has-post-thumbnail","6":"product_cat-damske-sportovni-podprsenky","7":"pa_cviat-cierne","8":"pa_razmer-l-sk","9":"pa_razmer-m-sk-2","10":"pa_razmer-s-sk-2","11":"inventories-world","12":"inventories-uk","14":"first","15":"instock","16":"taxable","17":"shipping-taxable","18":"purchasable","19":"product-type-variable"},"_links":{"self":[{"href":"https:\/\/staging6.peach-pump.com\/sk\/wp-json\/wp\/v2\/product\/34210","targetHints":{"allow":["GET"]}}],"collection":[{"href":"https:\/\/staging6.peach-pump.com\/sk\/wp-json\/wp\/v2\/product"}],"about":[{"href":"https:\/\/staging6.peach-pump.com\/sk\/wp-json\/wp\/v2\/types\/product"}],"replies":[{"embeddable":true,"href":"https:\/\/staging6.peach-pump.com\/sk\/wp-json\/wp\/v2\/comments?post=34210"}],"version-history":[{"count":0,"href":"https:\/\/staging6.peach-pump.com\/sk\/wp-json\/wp\/v2\/product\/34210\/revisions"}],"wp:featuredmedia":[{"embeddable":true,"href":"https:\/\/staging6.peach-pump.com\/sk\/wp-json\/wp\/v2\/media\/20674"}],"wp:attachment":[{"href":"https:\/\/staging6.peach-pump.com\/sk\/wp-json\/wp\/v2\/media?parent=34210"}],"wp:term":[{"taxonomy":"product_brand","embeddable":true,"href":"https:\/\/staging6.peach-pump.com\/sk\/wp-json\/wp\/v2\/product_brand?post=34210"},{"taxonomy":"product_cat","embeddable":true,"href":"https:\/\/staging6.peach-pump.com\/sk\/wp-json\/wp\/v2\/product_cat?post=34210"},{"taxonomy":"product_tag","embeddable":true,"href":"https:\/\/staging6.peach-pump.com\/sk\/wp-json\/wp\/v2\/product_tag?post=34210"}],"curies":[{"name":"wp","href":"https:\/\/api.w.org\/{rel}","templated":true}]}}