{"id":34214,"date":"2022-09-25T10:55:00","date_gmt":"2022-09-25T08:55:00","guid":{"rendered":"https:\/\/staging6.peach-pump.com\/products\/bezsvova-sportova-podprsenka-v-matovej-farbe-so-vsitymi-vypchavkami\/"},"modified":"2025-10-13T20:39:02","modified_gmt":"2025-10-13T18:39:02","slug":"sportova-podprsenka-mata-vypchavky","status":"publish","type":"product","link":"https:\/\/staging6.peach-pump.com\/sk\/products\/sportova-podprsenka-mata-vypchavky\/","title":{"rendered":"Bez\u0161vov\u00e1 \u0161portov\u00e1 podprsenka v m\u00e4tovej farbe so v\u0161it\u00fdmi vypch\u00e1vkami"},"content":{"rendered":"<p>Bez\u0161vov\u00e1 \u0161portov\u00e1 podprsenka so v\u0161it\u00fdmi vypch\u00e1vkami, ktor\u00e9 sa nedaj\u00fa vybra\u0165. Model je vyroben\u00fd z \u013eahkej, ve\u013emi pru\u017enej, priedu\u0161nej tkaniny, ktor\u00e1 nesp\u00f4sobuje potenie. T\u00e1to \u0161portov\u00e1 podprsenka sa d\u00e1 nosi\u0165 aj pod oble\u010den\u00edm, jej dizajn je nen\u00e1padn\u00fd a vy budete c\u00edti\u0165 \u00fapln\u00e9 pohodlie a vo\u013enos\u0165 pohybu. Ve\u013ekos\u0165 je univerz\u00e1lna, m\u00e1 4 stupne zap\u00ednania a \u0161irok\u00fa gumu. Model je k dispoz\u00edcii v r\u00f4znych farb\u00e1ch, m\u00f4\u017eete ho zladi\u0165 s rovnakou farbou klinu. Pozrite si \u010das\u0165 &#8220;\u0160portov\u00e9 oble\u010denie&#8221;. <\/p>\n<ul>\n<li> V\u0161it\u00e9 vypch\u00e1vky<\/li>\n<li> Push-Up efekt<\/li>\n<li> Hlbok\u00fd rez cez chrb\u00e1t<\/li>\n<li> Ve\u013ek\u00e1 pru\u017enos\u0165<\/li>\n<li> \u0160tvorstup\u0148ov\u00e9 zap\u00ednanie<\/li>\n<li> Tepelne vytla\u010den\u00e9 Peach Pump logo na bo\u010dnej \u010dasti podprsenky<\/li>\n<li> Technol\u00f3gia odstra\u0148ovania potu<\/li>\n<\/ul>\n<p> Zlo\u017eenie: 80% polyester, 20% spandex. Podprsenku je mo\u017en\u00e9 pra\u0165 pri teplote do 30\u00b0C. Nepou\u017e\u00edva\u0165 bielenie alebo chemick\u00e9 \u010distenie. Modelka na obr\u00e1zku je vysok\u00e1 178 cm, v\u00e1\u017ei 54 kg a p\u00f3zuje vo ve\u013ekosti M.<br \/>Na v\u00fdber presnej ve\u013ekosti pou\u017eite tabu\u013eky. &nbsp;<\/p>\n","protected":false},"excerpt":{"rendered":"<p>Bez\u0161vov\u00e1 \u0161portov\u00e1 podprsenka so v\u0161it\u00fdmi vypch\u00e1vkami, ktor\u00e9 sa nedaj\u00fa vybra\u0165. Model je vyroben\u00fd z \u013eahkej, ve\u013emi pru\u017enej, priedu\u0161nej tkaniny, ktor\u00e1 nesp\u00f4sobuje potenie. T\u00e1to \u0161portov\u00e1 podprsenka sa d\u00e1 nosi\u0165 aj pod oble\u010den\u00edm, jej dizajn je nen\u00e1padn\u00fd a vy budete c\u00edti\u0165 \u00fapln\u00e9 pohodlie a vo\u013enos\u0165 pohybu. Ve\u013ekos\u0165 je univerz\u00e1lna, m\u00e1 4 stupne zap\u00ednania a \u0161irok\u00fa gumu. Model [&hellip;]<\/p>\n","protected":false},"featured_media":20646,"comment_status":"open","ping_status":"closed","template":"","meta":[],"product_brand":[],"product_cat":[371],"product_tag":[],"class_list":{"0":"post-34214","1":"product","2":"type-product","3":"status-publish","4":"has-post-thumbnail","6":"product_cat-damske-sportovni-podprsenky","7":"pa_cviat-zelene-sk","8":"pa_razmer-l-sk","9":"pa_razmer-m-sk-2","10":"pa_razmer-s-sk-2","11":"inventories-world","12":"inventories-uk","14":"first","15":"instock","16":"taxable","17":"shipping-taxable","18":"purchasable","19":"product-type-variable"},"_links":{"self":[{"href":"https:\/\/staging6.peach-pump.com\/en\/wp-json\/wp\/v2\/product\/34214","targetHints":{"allow":["GET"]}}],"collection":[{"href":"https:\/\/staging6.peach-pump.com\/en\/wp-json\/wp\/v2\/product"}],"about":[{"href":"https:\/\/staging6.peach-pump.com\/en\/wp-json\/wp\/v2\/types\/product"}],"replies":[{"embeddable":true,"href":"https:\/\/staging6.peach-pump.com\/en\/wp-json\/wp\/v2\/comments?post=34214"}],"version-history":[{"count":0,"href":"https:\/\/staging6.peach-pump.com\/en\/wp-json\/wp\/v2\/product\/34214\/revisions"}],"wp:featuredmedia":[{"embeddable":true,"href":"https:\/\/staging6.peach-pump.com\/en\/wp-json\/wp\/v2\/media\/20646"}],"wp:attachment":[{"href":"https:\/\/staging6.peach-pump.com\/en\/wp-json\/wp\/v2\/media?parent=34214"}],"wp:term":[{"taxonomy":"product_brand","embeddable":true,"href":"https:\/\/staging6.peach-pump.com\/en\/wp-json\/wp\/v2\/product_brand?post=34214"},{"taxonomy":"product_cat","embeddable":true,"href":"https:\/\/staging6.peach-pump.com\/en\/wp-json\/wp\/v2\/product_cat?post=34214"},{"taxonomy":"product_tag","embeddable":true,"href":"https:\/\/staging6.peach-pump.com\/en\/wp-json\/wp\/v2\/product_tag?post=34214"}],"curies":[{"name":"wp","href":"https:\/\/api.w.org\/{rel}","templated":true}]}}