{"id":34218,"date":"2022-06-19T11:04:18","date_gmt":"2022-06-19T09:04:18","guid":{"rendered":"https:\/\/staging6.peach-pump.com\/products\/biela-podprsenka-so-sietovinou-a-vypchavkami-so-sexy-dizajnom\/"},"modified":"2025-10-17T19:53:53","modified_gmt":"2025-10-17T17:53:53","slug":"biela-podprsenka-so-sietovinou-sexy-dizajn","status":"publish","type":"product","link":"https:\/\/staging6.peach-pump.com\/sk\/products\/biela-podprsenka-so-sietovinou-sexy-dizajn\/","title":{"rendered":"Biela podprsenka so sie\u0165ovinou a vypch\u00e1vkami so sexy dizajnom"},"content":{"rendered":"<p>\u0160portov\u00e1 biela podprsenka so sie\u0165ovinou, zauj\u00edmav\u00fdm dizajnom a vypch\u00e1vkami. Model m\u00e1 v\u00e9\u010dkov\u00fd v\u00fdstrih a jemn\u00fa sie\u0165ovinu, ktor\u00e1 dr\u017e\u00ed poprsie a vytv\u00e1ra ve\u013emi kr\u00e1snu sexy siluetu. \u0160portov\u00e1 podprsenka m\u00e1 zauj\u00edmav\u00fd zadn\u00fd diel a \u0161irok\u00fa gumu pre pohodlie a \u00fapln\u00fa vo\u013enos\u0165 pohybu. Pon\u00faka sa aj v \u010diernej farbe.<\/p>\n<ul>\n<li>V\u0161it\u00e9 vypch\u00e1vky<\/li>\n<li>V\u00e9\u010dkov\u00fd v\u00fdstrih so sie\u0165ovinou<\/li>\n<li>Skr\u00ed\u017een\u00e9 ramienka na chrbte<\/li>\n<li>Ve\u013ek\u00e1 pru\u017enos\u0165<\/li>\n<li>Tepelne utesnen\u00e9 logo Peach Pump v \u013eavej \u010dasti pod pazuchou<\/li>\n<li>Technol\u00f3gia odstra\u0148ovania potu<\/li>\n<li>Sexi dizajn<\/li>\n<\/ul>\n<p>Zlo\u017eenie: 80% polyester, 20% spandex<\/p>\n<p>Podprsenku je mo\u017en\u00e9 pra\u0165 pri teplote do 30 \u00b0C. Nepou\u017e\u00edva\u0165 bielenie alebo chemick\u00e9 \u010distenie.<\/p>\n<p>Modelka na obr\u00e1zku je vysok\u00e1 178 cm, v\u00e1\u017ei 54 kg a p\u00f3zuje vo ve\u013ekosti M.<\/p>\n<p>Na v\u00fdber presnej ve\u013ekosti pou\u017eite tabu\u013eky.<\/p>\n","protected":false},"excerpt":{"rendered":"<p>\u0160portov\u00e1 biela podprsenka so sie\u0165ovinou, zauj\u00edmav\u00fdm dizajnom a vypch\u00e1vkami. Model m\u00e1 v\u00e9\u010dkov\u00fd v\u00fdstrih a jemn\u00fa sie\u0165ovinu, ktor\u00e1 dr\u017e\u00ed poprsie a vytv\u00e1ra ve\u013emi kr\u00e1snu sexy siluetu. \u0160portov\u00e1 podprsenka m\u00e1 zauj\u00edmav\u00fd zadn\u00fd diel a \u0161irok\u00fa gumu pre pohodlie a \u00fapln\u00fa vo\u013enos\u0165 pohybu. Pon\u00faka sa aj v \u010diernej farbe. V\u0161it\u00e9 vypch\u00e1vky V\u00e9\u010dkov\u00fd v\u00fdstrih so sie\u0165ovinou Skr\u00ed\u017een\u00e9 ramienka na [&hellip;]<\/p>\n","protected":false},"featured_media":17741,"comment_status":"open","ping_status":"closed","template":"","meta":[],"product_brand":[],"product_cat":[371],"product_tag":[],"class_list":{"0":"post-34218","1":"product","2":"type-product","3":"status-publish","4":"has-post-thumbnail","6":"product_cat-damske-sportovni-podprsenky","7":"pa_cviat-biely-sk","8":"pa_razmer-l-sk","9":"pa_razmer-m-sk-2","10":"pa_razmer-s-sk-2","11":"inventories-world","12":"inventories-uk","14":"first","15":"instock","16":"sale","17":"taxable","18":"shipping-taxable","19":"purchasable","20":"product-type-variable"},"_links":{"self":[{"href":"https:\/\/staging6.peach-pump.com\/sk\/wp-json\/wp\/v2\/product\/34218","targetHints":{"allow":["GET"]}}],"collection":[{"href":"https:\/\/staging6.peach-pump.com\/sk\/wp-json\/wp\/v2\/product"}],"about":[{"href":"https:\/\/staging6.peach-pump.com\/sk\/wp-json\/wp\/v2\/types\/product"}],"replies":[{"embeddable":true,"href":"https:\/\/staging6.peach-pump.com\/sk\/wp-json\/wp\/v2\/comments?post=34218"}],"version-history":[{"count":0,"href":"https:\/\/staging6.peach-pump.com\/sk\/wp-json\/wp\/v2\/product\/34218\/revisions"}],"wp:featuredmedia":[{"embeddable":true,"href":"https:\/\/staging6.peach-pump.com\/sk\/wp-json\/wp\/v2\/media\/17741"}],"wp:attachment":[{"href":"https:\/\/staging6.peach-pump.com\/sk\/wp-json\/wp\/v2\/media?parent=34218"}],"wp:term":[{"taxonomy":"product_brand","embeddable":true,"href":"https:\/\/staging6.peach-pump.com\/sk\/wp-json\/wp\/v2\/product_brand?post=34218"},{"taxonomy":"product_cat","embeddable":true,"href":"https:\/\/staging6.peach-pump.com\/sk\/wp-json\/wp\/v2\/product_cat?post=34218"},{"taxonomy":"product_tag","embeddable":true,"href":"https:\/\/staging6.peach-pump.com\/sk\/wp-json\/wp\/v2\/product_tag?post=34218"}],"curies":[{"name":"wp","href":"https:\/\/api.w.org\/{rel}","templated":true}]}}