{"id":34513,"date":"2022-08-19T10:49:04","date_gmt":"2022-08-19T08:49:04","guid":{"rendered":"https:\/\/staging6.peach-pump.com\/products\/maskacove-sportove-leginy-s-vreckami-a-ciernymi-nohavicami\/"},"modified":"2025-11-02T19:17:50","modified_gmt":"2025-11-02T17:17:50","slug":"maskacove-leginy-s-vreckami-a-ciernou-farbou","status":"publish","type":"product","link":"https:\/\/staging6.peach-pump.com\/sk\/products\/maskacove-leginy-s-vreckami-a-ciernou-farbou\/","title":{"rendered":"Mask\u00e1\u010dov\u00e9 \u0161portov\u00e9 leg\u00edny s vreckami a \u010diernymi nohavicami"},"content":{"rendered":"<p>Leg\u00edny s vreckami v mask\u00e1\u010dovom vzore a \u010diernymi prvkami z m\u00e4kkej tvaruj\u00facej tkaniny. Leg\u00edny maj\u00fa vysok\u00fd p\u00e1s, efektn\u00fd dizajn, ktor\u00fd dokonale sed\u00ed na tele, vreck\u00e1 s\u00fa umiestnenie tak, \u017ee nenaru\u0161ia va\u0161e pohodlie po\u010das cvi\u010denia, model m\u00e1 efekt Peachy. M\u00f4\u017eete ich skombinova\u0165 s bundou alebo podprsenkou s rovnak\u00fdm vzorom.<\/p>\n<ul>\n<li>Vysok\u00fd p\u00e1s<\/li>\n<li>Peachy efekt<\/li>\n<li>Vreck\u00e1 s\u00fa na zadnej strane, NIE s\u00fa imit\u00e1ciou<\/li>\n<li>Tepelne vytla\u010den\u00e9 Peach Pump logo na zadnej strane leg\u00edn<\/li>\n<li>Tkanina, ktor\u00e1 odv\u00e1dza pot<\/li>\n<\/ul>\n<p>Zlo\u017eenie: 80% polyester, 20% spandex<\/p>\n<p>Leg\u00edny je mo\u017en\u00e9 pra\u0165 pri teplote do 30 stup\u0148ov, nepou\u017e\u00edvajte bielidl\u00e1 ani chemick\u00e9 \u010distenie.<\/p>\n<p>Modelka na fotografii je vysok\u00e1 178 cm, v\u00e1\u017ei 54 kg a p\u00f3zuje vo ve\u013ekosti M.<\/p>\n<p>Na v\u00fdber presnej ve\u013ekosti pou\u017eite tabu\u013eky.<\/p>\n","protected":false},"excerpt":{"rendered":"<p>Leg\u00edny s vreckami v mask\u00e1\u010dovom vzore a \u010diernymi prvkami z m\u00e4kkej tvaruj\u00facej tkaniny. Leg\u00edny maj\u00fa vysok\u00fd p\u00e1s, efektn\u00fd dizajn, ktor\u00fd dokonale sed\u00ed na tele, vreck\u00e1 s\u00fa umiestnenie tak, \u017ee nenaru\u0161ia va\u0161e pohodlie po\u010das cvi\u010denia, model m\u00e1 efekt Peachy. M\u00f4\u017eete ich skombinova\u0165 s bundou alebo podprsenkou s rovnak\u00fdm vzorom. Vysok\u00fd p\u00e1s Peachy efekt Vreck\u00e1 s\u00fa na [&hellip;]<\/p>\n","protected":false},"featured_media":106566,"comment_status":"open","ping_status":"closed","template":"","meta":[],"product_brand":[],"product_cat":[148,313,188],"product_tag":[],"class_list":{"0":"post-34513","1":"product","2":"type-product","3":"status-publish","4":"has-post-thumbnail","6":"product_cat-damske-sportove-leginy","7":"product_cat-damske-leginy-dlhe","8":"product_cat-leginy-s-vreckami","9":"pa_cviat-kamuflaz-cierna","10":"pa_razmer-l-sk","11":"pa_razmer-m-sk-2","12":"pa_razmer-s-sk-2","13":"inventories-world","14":"inventories-uk","16":"first","17":"instock","18":"taxable","19":"shipping-taxable","20":"purchasable","21":"product-type-variable"},"_links":{"self":[{"href":"https:\/\/staging6.peach-pump.com\/en\/wp-json\/wp\/v2\/product\/34513","targetHints":{"allow":["GET"]}}],"collection":[{"href":"https:\/\/staging6.peach-pump.com\/en\/wp-json\/wp\/v2\/product"}],"about":[{"href":"https:\/\/staging6.peach-pump.com\/en\/wp-json\/wp\/v2\/types\/product"}],"replies":[{"embeddable":true,"href":"https:\/\/staging6.peach-pump.com\/en\/wp-json\/wp\/v2\/comments?post=34513"}],"version-history":[{"count":0,"href":"https:\/\/staging6.peach-pump.com\/en\/wp-json\/wp\/v2\/product\/34513\/revisions"}],"wp:featuredmedia":[{"embeddable":true,"href":"https:\/\/staging6.peach-pump.com\/en\/wp-json\/wp\/v2\/media\/106566"}],"wp:attachment":[{"href":"https:\/\/staging6.peach-pump.com\/en\/wp-json\/wp\/v2\/media?parent=34513"}],"wp:term":[{"taxonomy":"product_brand","embeddable":true,"href":"https:\/\/staging6.peach-pump.com\/en\/wp-json\/wp\/v2\/product_brand?post=34513"},{"taxonomy":"product_cat","embeddable":true,"href":"https:\/\/staging6.peach-pump.com\/en\/wp-json\/wp\/v2\/product_cat?post=34513"},{"taxonomy":"product_tag","embeddable":true,"href":"https:\/\/staging6.peach-pump.com\/en\/wp-json\/wp\/v2\/product_tag?post=34513"}],"curies":[{"name":"wp","href":"https:\/\/api.w.org\/{rel}","templated":true}]}}