{"id":35398,"date":"2022-09-19T16:44:18","date_gmt":"2022-09-19T14:44:18","guid":{"rendered":"https:\/\/staging6.peach-pump.com\/products\/bezsvova-dvojdielna-sportova-suprava-v-matovo-zelenej-farbe\/"},"modified":"2024-12-01T10:21:07","modified_gmt":"2024-12-01T08:21:07","slug":"bezsvova-sportova-suprava-matovo-zelena","status":"publish","type":"product","link":"https:\/\/staging6.peach-pump.com\/sk\/products\/bezsvova-sportova-suprava-matovo-zelena\/","title":{"rendered":"Bez\u0161vov\u00e1 dvojdielna \u0161portov\u00e1 s\u00faprava v m\u00e4tovo zelenej farbe"},"content":{"rendered":"<p>D\u00e1msky bez\u0161vov\u00fd dvojdielny \u0161portov\u00fd set v m\u00e4tovo zelenej farbe s tvarovac\u00edm a zdv\u00edhac\u00edm efektom. Leg\u00edny s\u00fa vyroben\u00e9 z elastickej bez\u0161vovej tkaniny, maj\u00fa vysok\u00fd p\u00e1s a ripstopov\u00fd opasok, ktor\u00fd zu\u017euje a tvaruje p\u00e1s. Podprsenka m\u00e1 vypch\u00e1vky, hlboko vykrojen\u00fd chrb\u00e1t a \u0161tvorstup\u0148ov\u00e9 zap\u00ednanie na \u00fapravu obvodu p\u0155s. T\u00e1to s\u00faprava dokonale sed\u00ed na tele a modeluje postavu, je vhodn\u00e1 na silov\u00e9 aj kardio cvi\u010denie. O podprsenke: <\/p>\n<ul>\n<li>V\u0161it\u00e9 vypch\u00e1vky<\/li>\n<li>Push-Up efekt<\/li>\n<li>Hlbok\u00fd rez chrbta<\/li>\n<li>Ve\u013ek\u00e1 pru\u017enos\u0165<\/li>\n<li>\u0160tvorstup\u0148ov\u00e9 zap\u00ednanie<\/li>\n<li>Tepelne vytla\u010den\u00e9 logo Peach Pump na boku podprsenky<\/li>\n<li>Technol\u00f3gia odstra\u0148ovania potu<\/li>\n<\/ul>\n<p> O leg\u00ednach: <\/p>\n<ul>\n<li>Vysok\u00fd p\u00e1s<\/li>\n<li>Bez\u0161vov\u00e1 tkanina<\/li>\n<li>Zdv\u00edha, tvaruje, zakr\u00fdva probl\u00e9mov\u00e9 oblasti<\/li>\n<li>Opasok obop\u00ednaj\u00faci p\u00e1s<\/li>\n<li>Peachy efekt<\/li>\n<li>Bez\u0161vov\u00e9 vpredu<\/li>\n<li>Tepelne vytla\u010den\u00e9 Peach Pump logo na zadnej strane leg\u00edn<\/li>\n<li>Technol\u00f3gia odstra\u0148ovania potu<\/li>\n<\/ul>\n<p> Zlo\u017eenie: 80% polyester, 20% spandex. Oble\u010denie je mo\u017en\u00e9 pra\u0165 pri teplote do 30\u00b0 C, nepou\u017e\u00edvajte bielidl\u00e1 ani chemick\u00e9 \u010distenie. Modelka na obr\u00e1zku je vysok\u00e1 178 cm, v\u00e1\u017ei 54 kg a p\u00f3zuje v bustier ve\u013ekosti S\/M, leg\u00edny ve\u013ekosti M. Na v\u00fdber presnej ve\u013ekosti pou\u017eite tabu\u013eky.<\/p>\n","protected":false},"excerpt":{"rendered":"<p>D\u00e1msky bez\u0161vov\u00fd dvojdielny \u0161portov\u00fd set v m\u00e4tovo zelenej farbe s tvarovac\u00edm a zdv\u00edhac\u00edm efektom. Leg\u00edny s\u00fa vyroben\u00e9 z elastickej bez\u0161vovej tkaniny, maj\u00fa vysok\u00fd p\u00e1s a ripstopov\u00fd opasok, ktor\u00fd zu\u017euje a tvaruje p\u00e1s. Podprsenka m\u00e1 vypch\u00e1vky, hlboko vykrojen\u00fd chrb\u00e1t a \u0161tvorstup\u0148ov\u00e9 zap\u00ednanie na \u00fapravu obvodu p\u0155s. T\u00e1to s\u00faprava dokonale sed\u00ed na tele a modeluje postavu, je [&hellip;]<\/p>\n","protected":false},"featured_media":20072,"comment_status":"open","ping_status":"closed","template":"","meta":[],"product_brand":[],"product_cat":[372,374],"product_tag":[],"class_list":{"0":"post-35398","1":"product","2":"type-product","3":"status-publish","4":"has-post-thumbnail","6":"product_cat-sportov-sety","7":"product_cat-sportove-supravy-s-leginami","8":"pa_cviat-zelene-sk","9":"pa_razmer-m-sk-2","10":"pa_razmer-s-sk-2","11":"inventories-world","12":"inventories-uk","14":"first","15":"instock","16":"virtual","17":"taxable","18":"purchasable","19":"product-type-yith_bundle"},"_links":{"self":[{"href":"https:\/\/staging6.peach-pump.com\/en\/wp-json\/wp\/v2\/product\/35398","targetHints":{"allow":["GET"]}}],"collection":[{"href":"https:\/\/staging6.peach-pump.com\/en\/wp-json\/wp\/v2\/product"}],"about":[{"href":"https:\/\/staging6.peach-pump.com\/en\/wp-json\/wp\/v2\/types\/product"}],"replies":[{"embeddable":true,"href":"https:\/\/staging6.peach-pump.com\/en\/wp-json\/wp\/v2\/comments?post=35398"}],"version-history":[{"count":0,"href":"https:\/\/staging6.peach-pump.com\/en\/wp-json\/wp\/v2\/product\/35398\/revisions"}],"wp:featuredmedia":[{"embeddable":true,"href":"https:\/\/staging6.peach-pump.com\/en\/wp-json\/wp\/v2\/media\/20072"}],"wp:attachment":[{"href":"https:\/\/staging6.peach-pump.com\/en\/wp-json\/wp\/v2\/media?parent=35398"}],"wp:term":[{"taxonomy":"product_brand","embeddable":true,"href":"https:\/\/staging6.peach-pump.com\/en\/wp-json\/wp\/v2\/product_brand?post=35398"},{"taxonomy":"product_cat","embeddable":true,"href":"https:\/\/staging6.peach-pump.com\/en\/wp-json\/wp\/v2\/product_cat?post=35398"},{"taxonomy":"product_tag","embeddable":true,"href":"https:\/\/staging6.peach-pump.com\/en\/wp-json\/wp\/v2\/product_tag?post=35398"}],"curies":[{"name":"wp","href":"https:\/\/api.w.org\/{rel}","templated":true}]}}