{"id":40198,"date":"2023-05-20T20:39:22","date_gmt":"2023-05-20T18:39:22","guid":{"rendered":"https:\/\/staging6.peach-pump.com\/products\/efektne-leginy-charleston-v-bezovej-farbe\/"},"modified":"2025-11-09T13:28:47","modified_gmt":"2025-11-09T11:28:47","slug":"leginy-typu-charleston-v-bezovej-farbe","status":"publish","type":"product","link":"https:\/\/staging6.peach-pump.com\/sk\/products\/leginy-typu-charleston-v-bezovej-farbe\/","title":{"rendered":"\u0160portov\u00e9 leg\u00edny typu Charleston v b\u00e9\u017eovej farbe"},"content":{"rendered":"<p>Posledn\u00fd hit, b\u00e9\u017eov\u00e9 leg\u00edny typu Charleston bez\u0161vov\u00e9 vpredu, tvaruj\u00fa telo a modeluj\u00fa siluetu t\u00fdm, \u017ee predl\u017euj\u00fa nohy a zu\u017euj\u00fa p\u00e1s. Ve\u013emi m\u00f3dna a efektn\u00e1 pre t\u00fato sez\u00f3nu. V kombin\u00e1cii s podprsenkou v rovnakej farbe. \u0160portov\u00e9 leg\u00edny s\u00fa vyroben\u00e9 z jemnej ripstopovej tkaniny, ktor\u00e1 je ve\u013emi elastick\u00e1 a priedu\u0161n\u00e1, neumo\u017e\u0148uje potenie. S t\u00fdmto modelom budete ma\u0165 \u00fapln\u00fa vo\u013enos\u0165 pohybu.  <\/p>\n<ul>\n<li>\u0160irok\u00e9 nohavice typu Charleston s rozparkami v spodnej \u010dasti<\/li>\n<li>Bez\u0161vov\u00e9 vpredu<\/li>\n<li>Tvaruj\u00fa a zakr\u00fdvaj\u00fa probl\u00e9mov\u00e9 oblasti<\/li>\n<li>Elastick\u00e1 tkanina<\/li>\n<li>Bez Peachy efektu<\/li>\n<li>Tepelne vytla\u010den\u00e9 Peach Pump logo na zadnej strane leg\u00edn<\/li>\n<li>Tkanina, ktor\u00e1 odv\u00e1dza vlhkos\u0165 od tela<\/li>\n<li>Zauj\u00edmav\u00fd dizajn<\/li>\n<li>Vysok\u00fd p\u00e1s<\/li>\n<\/ul>\n<p> Zlo\u017eenie: 80% polyester, 20% spandex. Modelka na obr\u00e1zku je vysok\u00e1 178 cm, v\u00e1\u017ei 54 kg a p\u00f3zuje vo ve\u013ekosti M. Leg\u00edny mo\u017eno pra\u0165 na 30 stup\u0148ov , nepou\u017e\u00edvajte bielidl\u00e1 ani chemick\u00e9 \u010distenie.<\/p>\n","protected":false},"excerpt":{"rendered":"<p>Posledn\u00fd hit, b\u00e9\u017eov\u00e9 leg\u00edny typu Charleston bez\u0161vov\u00e9 vpredu, tvaruj\u00fa telo a modeluj\u00fa siluetu t\u00fdm, \u017ee predl\u017euj\u00fa nohy a zu\u017euj\u00fa p\u00e1s. Ve\u013emi m\u00f3dna a efektn\u00e1 pre t\u00fato sez\u00f3nu. V kombin\u00e1cii s podprsenkou v rovnakej farbe. \u0160portov\u00e9 leg\u00edny s\u00fa vyroben\u00e9 z jemnej ripstopovej tkaniny, ktor\u00e1 je ve\u013emi elastick\u00e1 a priedu\u0161n\u00e1, neumo\u017e\u0148uje potenie. S t\u00fdmto modelom budete ma\u0165 [&hellip;]<\/p>\n","protected":false},"featured_media":39505,"comment_status":"open","ping_status":"closed","template":"","meta":[],"product_brand":[],"product_cat":[313,148],"product_tag":[],"class_list":{"0":"post-40198","1":"product","2":"type-product","3":"status-publish","4":"has-post-thumbnail","6":"product_cat-damske-leginy-dlhe","7":"product_cat-damske-sportove-leginy","8":"pa_cviat-bezove-sk","9":"pa_razmer-l-sk","10":"pa_razmer-m-sk-2","11":"pa_razmer-s-sk-2","12":"inventories-world","13":"inventories-uk","15":"first","16":"instock","17":"sale","18":"taxable","19":"shipping-taxable","20":"purchasable","21":"product-type-variable"},"_links":{"self":[{"href":"https:\/\/staging6.peach-pump.com\/sk\/wp-json\/wp\/v2\/product\/40198","targetHints":{"allow":["GET"]}}],"collection":[{"href":"https:\/\/staging6.peach-pump.com\/sk\/wp-json\/wp\/v2\/product"}],"about":[{"href":"https:\/\/staging6.peach-pump.com\/sk\/wp-json\/wp\/v2\/types\/product"}],"replies":[{"embeddable":true,"href":"https:\/\/staging6.peach-pump.com\/sk\/wp-json\/wp\/v2\/comments?post=40198"}],"version-history":[{"count":0,"href":"https:\/\/staging6.peach-pump.com\/sk\/wp-json\/wp\/v2\/product\/40198\/revisions"}],"wp:featuredmedia":[{"embeddable":true,"href":"https:\/\/staging6.peach-pump.com\/sk\/wp-json\/wp\/v2\/media\/39505"}],"wp:attachment":[{"href":"https:\/\/staging6.peach-pump.com\/sk\/wp-json\/wp\/v2\/media?parent=40198"}],"wp:term":[{"taxonomy":"product_brand","embeddable":true,"href":"https:\/\/staging6.peach-pump.com\/sk\/wp-json\/wp\/v2\/product_brand?post=40198"},{"taxonomy":"product_cat","embeddable":true,"href":"https:\/\/staging6.peach-pump.com\/sk\/wp-json\/wp\/v2\/product_cat?post=40198"},{"taxonomy":"product_tag","embeddable":true,"href":"https:\/\/staging6.peach-pump.com\/sk\/wp-json\/wp\/v2\/product_tag?post=40198"}],"curies":[{"name":"wp","href":"https:\/\/api.w.org\/{rel}","templated":true}]}}